{"id":21444,"date":"2025-04-01T23:39:57","date_gmt":"2025-04-01T22:39:57","guid":{"rendered":"https:\/\/gopinkish.com\/?post_type=product&#038;p=21444"},"modified":"2026-04-22T21:04:09","modified_gmt":"2026-04-22T20:04:09","slug":"800897233976","status":"publish","type":"product","link":"https:\/\/gopinkish.com\/fr\/produit\/800897233976\/","title":{"rendered":"Gloss et rouge \u00e0 l\u00e8vres cr\u00e9meux aux huiles naturelles"},"content":{"rendered":"<p style=\"text-align: justify;\">Dites bonjour \u00e0 Fat Oil, le premier brillant \u00e0 l\u00e8vres de ce type. Un brillant \u00e0 l\u00e8vres cr\u00e9meux qui fait couler vos l\u00e8vres gr\u00e2ce aux bienfaits des GRAISSES. LES MATI\u00c8RES GRASSES. Soins FAT. FAT hydratation pendant 12 heures. La famille Fat s'agrandit !<\/p>\n<p style=\"text-align: justify;\">Pr\u00e9parez-vous \u00e0 d\u00e9couvrir six nouvelles teintes cr\u00e9meuses. Fat Oil a un fini ultra-brillant avec une texture confortable et non collante. Ce brillant \u00e0 l\u00e8vres cr\u00e9meux est bourr\u00e9 d'avantages FAT pour pr\u00e9server vos l\u00e8vres gr\u00e2ce \u00e0 l'huile de m\u00fbre, l'huile de canneberge et le squalane. Passez \u00e0 la vitesse sup\u00e9rieure avec 14 teintes flexibles.<\/p>\n<p dir=\"ltr\" style=\"text-align: center;\">\ud83c\uddec\ud83c\udde7 NYX Professional Makeup Fat Oil Lip Drip - Huile \u00e0 l\u00e8vres hydratante et teint\u00e9e<br \/>\n\ud83c\uddeb\ud83c\uddf7 Huile \u00e0 L\u00e8vres Teint\u00e9e Hydratante NYX Professional Makeup Fat Oil Lip Drip<\/p>","protected":false},"excerpt":{"rendered":"<p>\u0642\u0648\u0644\u064a \u0645\u0631\u062d\u0628\u0627\u064b \u0628\u0632\u064a\u062a Fat Oil\u060c \u0623\u0648\u0644 \u0645\u0644\u0645\u0639 \u0634\u0641\u0627\u0647 \u0645\u0646 \u0646\u0648\u0639\u0647. \u0645\u0644\u0645\u0639 \u0634\u0641\u0627\u0647 \u0643\u0631\u064a\u0645\u064a \u064a\u062c\u0639\u0644 \u0634\u0641\u062a\u064a\u0643 \u062a\u0642\u0637\u0631\u0627\u0646 \u0628\u0645\u0632\u0627\u064a\u0627 FAT. \u0644\u0645\u0639\u0627\u0646 FAT. \u0639\u0646\u0627\u064a\u0629 FAT. \u062a\u0631\u0637\u064a\u0628 FAT \u0644\u0645\u062f\u0629 12 \u0633\u0627\u0639\u0629. \u0639\u0627\u0626\u0644\u0629 Fat \u062a\u0632\u062f\u0627\u062f \u0633\u0645\u0646\u0629! \u0627\u0633\u062a\u0639\u062f\u064a \u0644\u0633\u062a\u0629 \u0623\u0644\u0648\u0627\u0646 \u0643\u0631\u064a\u0645\u064a\u0629 \u062c\u062f\u064a\u062f\u0629. \u064a\u062a\u0645\u064a\u0632 \u0632\u064a\u062a Fat Oil \u0628\u0644\u0645\u0633\u0629 \u0646\u0647\u0627\u0626\u064a\u0629 \u0634\u062f\u064a\u062f\u0629 \u0627\u0644\u0644\u0645\u0639\u0627\u0646 \u0645\u0639 \u0627\u0631\u062a\u062f\u0627\u0621 \u0645\u0631\u064a\u062d \u0648\u0645\u0644\u0645\u0633 \u063a\u064a\u0631 \u0644\u0632\u062c. \u0645\u0644\u0645\u0639 \u0627\u0644\u0634\u0641\u0627\u0647 \u0627\u0644\u0643\u0631\u064a\u0645\u064a \u0647\u0630\u0627 \u0645\u0644\u064a\u0621 [&hellip;]<\/p>\n","protected":false},"featured_media":21448,"template":"","meta":[],"pwb-brand":[767],"product_brand":[],"product_cat":[1180],"product_tag":[],"class_list":{"0":"post-21444","1":"product","2":"type-product","3":"status-publish","4":"has-post-thumbnail","6":"pwb-brand-nyx","7":"product_cat-lips-gloss-makeup","9":"first","10":"outofstock","11":"shipping-taxable","12":"product-type-variable","13":"has-default-attributes","14":"wvs-archive-product-wrapper"},"brands":[{"id":767,"name":"Nyx","slug":"nyx"}],"_links":{"self":[{"href":"https:\/\/gopinkish.com\/fr\/wp-json\/wp\/v2\/product\/21444","targetHints":{"allow":["GET"]}}],"collection":[{"href":"https:\/\/gopinkish.com\/fr\/wp-json\/wp\/v2\/product"}],"about":[{"href":"https:\/\/gopinkish.com\/fr\/wp-json\/wp\/v2\/types\/product"}],"wp:featuredmedia":[{"embeddable":true,"href":"https:\/\/gopinkish.com\/fr\/wp-json\/wp\/v2\/media\/21448"}],"wp:attachment":[{"href":"https:\/\/gopinkish.com\/fr\/wp-json\/wp\/v2\/media?parent=21444"}],"wp:term":[{"taxonomy":"pwb-brand","embeddable":true,"href":"https:\/\/gopinkish.com\/fr\/wp-json\/wp\/v2\/pwb-brand?post=21444"},{"taxonomy":"product_brand","embeddable":true,"href":"https:\/\/gopinkish.com\/fr\/wp-json\/wp\/v2\/product_brand?post=21444"},{"taxonomy":"product_cat","embeddable":true,"href":"https:\/\/gopinkish.com\/fr\/wp-json\/wp\/v2\/product_cat?post=21444"},{"taxonomy":"product_tag","embeddable":true,"href":"https:\/\/gopinkish.com\/fr\/wp-json\/wp\/v2\/product_tag?post=21444"}],"curies":[{"name":"wp","href":"https:\/\/api.w.org\/{rel}","templated":true}]}}