{"id":21363,"date":"2025-09-01T09:34:27","date_gmt":"2025-09-01T08:34:27","guid":{"rendered":"https:\/\/gopinkish.com\/?post_type=product&#038;p=21363"},"modified":"2026-04-23T19:25:08","modified_gmt":"2026-04-23T18:25:08","slug":"6973474688163","status":"publish","type":"product","link":"https:\/\/gopinkish.com\/fr\/produit\/6973474688163\/","title":{"rendered":"Duo de fards \u00e0 joues cr\u00e8me\/poudre longue tenue"},"content":{"rendered":"<p style=\"text-align: justify;\">Passez \u00e0 la vitesse sup\u00e9rieure avec le duo de fards \u00e0 joues Cheek 2 Cheek de Sheglam, con\u00e7u pour offrir un rendu de couleur \u00e9lev\u00e9 et des nuances \u00e9tonnantes. Ce fard \u00e0 joues innovant et longue tenue combine la texture d'une cr\u00e8me et d'une poudre, ce qui facilite l'application ! Que vous recherchiez un \u00e9clat naturel ou un look audacieux, ce blush r\u00e9pondra \u00e0 vos besoins.<\/p>\n<p dir=\"ltr\" style=\"text-align: center;\">\ud83c\uddec\ud83c\udde7 SHEGLAM Cheek 2 Cheek Blush Duo<br \/>\n\ud83c\uddeb\ud83c\uddf7 Duo Blush SHEGLAM Cheek 2 Cheek<\/p>","protected":false},"excerpt":{"rendered":"<p>\u0627\u0631\u0641\u0639\u064a \u0645\u0633\u062a\u0648\u0649 \u0623\u062d\u0645\u0631 \u0627\u0644\u062e\u062f\u0648\u062f \u0627\u0644\u062e\u0627\u0635 \u0628\u0643 \u0625\u0644\u0649 \u0627\u0644\u0645\u0633\u062a\u0648\u0649 \u0627\u0644\u062a\u0627\u0644\u064a \u0645\u0639 \u0623\u062d\u0645\u0631 \u0627\u0644\u062e\u062f\u0648\u062f Sheglam Cheek 2 Cheek Blush Duo \u0627\u0644\u0645\u0635\u0645\u0645 \u0644\u062a\u0642\u062f\u064a\u0645 \u0623\u0644\u0648\u0627\u0646 \u0639\u0627\u0644\u064a\u0629 \u0648\u062f\u0631\u062c\u0627\u062a \u0623\u0644\u0648\u0627\u0646 \u0645\u0630\u0647\u0644\u0629. \u064a\u062c\u0645\u0639 \u0623\u062d\u0645\u0631 \u0627\u0644\u062e\u062f\u0648\u062f \u0627\u0644\u0645\u0628\u062a\u0643\u0631 \u0647\u0630\u0627 \u0627\u0644\u0630\u064a \u064a\u062f\u0648\u0645 \u0637\u0648\u064a\u0644\u0627\u064b \u0628\u064a\u0646 \u0642\u0648\u0627\u0645 \u0627\u0644\u0643\u0631\u064a\u0645 \u0648\u0627\u0644\u0628\u0648\u062f\u0631\u0629\u060c \u0645\u0645\u0627 \u064a\u062c\u0639\u0644 \u0627\u0644\u062a\u0637\u0628\u064a\u0642 \u0633\u0647\u0644\u0627\u064b! \u0633\u0648\u0627\u0621 \u0643\u0646\u062a \u062a\u0647\u062f\u0641\u064a\u0646 \u0625\u0644\u0649 \u0627\u0644\u062d\u0635\u0648\u0644 \u0639\u0644\u0649 \u062a\u0648\u0647\u062c \u0637\u0628\u064a\u0639\u064a \u0623\u0648 \u0645\u0638\u0647\u0631 \u062c\u0631\u064a\u0621\u060c \u0641\u0625\u0646 \u0623\u062d\u0645\u0631 \u0627\u0644\u062e\u062f\u0648\u062f [&hellip;]<\/p>\n","protected":false},"featured_media":21364,"template":"","meta":[],"pwb-brand":[709],"product_brand":[],"product_cat":[1169],"product_tag":[],"class_list":{"0":"post-21363","1":"product","2":"type-product","3":"status-publish","4":"has-post-thumbnail","6":"pwb-brand-sheglam","7":"product_cat-blush-makeup","9":"first","10":"instock","11":"shipping-taxable","12":"purchasable","13":"product-type-variable","14":"has-default-attributes","15":"wvs-archive-product-wrapper"},"brands":[{"id":709,"name":"Sheglam","slug":"sheglam"}],"_links":{"self":[{"href":"https:\/\/gopinkish.com\/fr\/wp-json\/wp\/v2\/product\/21363","targetHints":{"allow":["GET"]}}],"collection":[{"href":"https:\/\/gopinkish.com\/fr\/wp-json\/wp\/v2\/product"}],"about":[{"href":"https:\/\/gopinkish.com\/fr\/wp-json\/wp\/v2\/types\/product"}],"wp:featuredmedia":[{"embeddable":true,"href":"https:\/\/gopinkish.com\/fr\/wp-json\/wp\/v2\/media\/21364"}],"wp:attachment":[{"href":"https:\/\/gopinkish.com\/fr\/wp-json\/wp\/v2\/media?parent=21363"}],"wp:term":[{"taxonomy":"pwb-brand","embeddable":true,"href":"https:\/\/gopinkish.com\/fr\/wp-json\/wp\/v2\/pwb-brand?post=21363"},{"taxonomy":"product_brand","embeddable":true,"href":"https:\/\/gopinkish.com\/fr\/wp-json\/wp\/v2\/product_brand?post=21363"},{"taxonomy":"product_cat","embeddable":true,"href":"https:\/\/gopinkish.com\/fr\/wp-json\/wp\/v2\/product_cat?post=21363"},{"taxonomy":"product_tag","embeddable":true,"href":"https:\/\/gopinkish.com\/fr\/wp-json\/wp\/v2\/product_tag?post=21363"}],"curies":[{"name":"wp","href":"https:\/\/api.w.org\/{rel}","templated":true}]}}