{"id":21340,"date":"2024-12-16T01:18:07","date_gmt":"2024-12-16T00:18:07","guid":{"rendered":"https:\/\/gopinkish.com\/?post_type=product&#038;p=21340"},"modified":"2026-04-23T19:28:09","modified_gmt":"2026-04-23T18:28:09","slug":"8025272989428","status":"publish","type":"product","link":"https:\/\/gopinkish.com\/fr\/produit\/8025272989428\/","title":{"rendered":"Ombre \u00e0 paupi\u00e8res liquide au fini m\u00e9tallique \u00e0 l'extrait de ginseng"},"content":{"rendered":"<p style=\"text-align: justify;\">Ombre \u00e0 paupi\u00e8res liquide au fini m\u00e9tallique longue dur\u00e9e. Parfait pour souligner la beaut\u00e9 de vos yeux avec un fini irr\u00e9sistible et pr\u00e9cieux.<\/p>\n<p style=\"text-align: justify;\">Caract\u00e9ristiques :<br \/>\n-Sa composition botanique est enrichie en extrait de ginseng aux propri\u00e9t\u00e9s \u00e9nergisantes.<br \/>\n-Frais et l\u00e9ger sur les paupi\u00e8res, facile \u00e0 estomper, il s\u00e8che rapidement et tient jusqu'\u00e0 10 heures.<br \/>\n-Gr\u00e2ce aux perles r\u00e9fl\u00e9chissantes qu'il contient, l'effet multidimensionnel est extr\u00eamement intense.<br \/>\n-L'applicateur en velours permet une application pr\u00e9cise et facile des ombres \u00e0 paupi\u00e8res, m\u00eame en d\u00e9placement.<\/p>","protected":false},"excerpt":{"rendered":"<p>\u0638\u0644\u0627\u0644 \u0639\u064a\u0648\u0646 \u0633\u0627\u0626\u0644\u0629 \u0628\u0644\u0645\u0633\u0629 \u0646\u0647\u0627\u0626\u064a\u0629 \u0645\u0639\u062f\u0646\u064a\u0629 \u062a\u062f\u0648\u0645 \u0637\u0648\u064a\u0644\u0627\u064b.\u00a0\u0645\u062b\u0627\u0644\u064a\u0629 \u0644\u0625\u0628\u0631\u0627\u0632\u00a0\u062c\u0645\u0627\u0644 \u0639\u064a\u0646\u064a\u0643 \u0628\u0644\u0645\u0633\u0627\u062a \u0646\u0647\u0627\u0626\u064a\u0629 \u062b\u0645\u064a\u0646\u0629 \u0644\u0627 \u062a\u0642\u0627\u0648\u0645. \u0627\u0644\u0645\u0645\u064a\u0632\u0627\u062a: -\u062a\u0631\u0643\u064a\u0628\u062a\u0647\u0627 \u0627\u0644\u0646\u0628\u0627\u062a\u064a\u0629 \u063a\u0646\u064a\u0629 \u0628\u0645\u0633\u062a\u062e\u0644\u0635 \u0627\u0644\u062c\u064a\u0646\u0633\u0646\u063a \u0630\u064a \u0627\u0644\u062e\u0635\u0627\u0626\u0635 \u0627\u0644\u0645\u0646\u0634\u0637\u0629. -\u0627\u0644\u0642\u0648\u0627\u0645 \u0627\u0644\u0645\u0646\u0639\u0634 \u0648\u0627\u0644\u062e\u0641\u064a\u0641 \u0639\u0644\u0649 \u0627\u0644\u062c\u0641\u0648\u0646\u060c \u0633\u0647\u0644 \u0627\u0644\u0645\u0632\u062c\u060c \u064a\u062c\u0641 \u0628\u0633\u0631\u0639\u0629 \u0648\u064a\u062f\u0648\u0645 \u062d\u062a\u0649 10 \u0633\u0627\u0639\u0627\u062a. -\u0628\u0641\u0636\u0644 \u0627\u0644\u0644\u0622\u0644\u0626 \u0627\u0644\u0639\u0627\u0643\u0633\u0629 \u0627\u0644\u062a\u064a \u062a\u062d\u062a\u0648\u064a \u0639\u0644\u064a\u0647\u0627\u060c \u064a\u0643\u0648\u0646 \u0627\u0644\u062a\u0623\u062b\u064a\u0631 \u0645\u062a\u0639\u062f\u062f \u0627\u0644\u0623\u0628\u0639\u0627\u062f \u0645\u0643\u062b\u0641\u064b\u0627 \u0644\u0644\u063a\u0627\u064a\u0629. -\u062a\u0633\u0645\u062d \u0623\u062f\u0627\u0629 \u0627\u0644\u062a\u0637\u0628\u064a\u0642 \u0627\u0644\u0645\u062e\u0645\u0644\u064a\u0629 \u0628\u062a\u0637\u0628\u064a\u0642 \u0638\u0644\u0627\u0644 [&hellip;]<\/p>\n","protected":false},"featured_media":21341,"template":"","meta":[],"pwb-brand":[220],"product_brand":[],"product_cat":[1190],"product_tag":[],"class_list":{"0":"post-21340","1":"product","2":"type-product","3":"status-publish","4":"has-post-thumbnail","6":"pwb-brand-kiko","7":"product_cat-eyes-shadow","9":"first","10":"instock","11":"shipping-taxable","12":"purchasable","13":"product-type-variable","14":"has-default-attributes","15":"wvs-archive-product-wrapper"},"brands":[{"id":220,"name":"Kiko Milano","slug":"kiko"}],"_links":{"self":[{"href":"https:\/\/gopinkish.com\/fr\/wp-json\/wp\/v2\/product\/21340","targetHints":{"allow":["GET"]}}],"collection":[{"href":"https:\/\/gopinkish.com\/fr\/wp-json\/wp\/v2\/product"}],"about":[{"href":"https:\/\/gopinkish.com\/fr\/wp-json\/wp\/v2\/types\/product"}],"wp:featuredmedia":[{"embeddable":true,"href":"https:\/\/gopinkish.com\/fr\/wp-json\/wp\/v2\/media\/21341"}],"wp:attachment":[{"href":"https:\/\/gopinkish.com\/fr\/wp-json\/wp\/v2\/media?parent=21340"}],"wp:term":[{"taxonomy":"pwb-brand","embeddable":true,"href":"https:\/\/gopinkish.com\/fr\/wp-json\/wp\/v2\/pwb-brand?post=21340"},{"taxonomy":"product_brand","embeddable":true,"href":"https:\/\/gopinkish.com\/fr\/wp-json\/wp\/v2\/product_brand?post=21340"},{"taxonomy":"product_cat","embeddable":true,"href":"https:\/\/gopinkish.com\/fr\/wp-json\/wp\/v2\/product_cat?post=21340"},{"taxonomy":"product_tag","embeddable":true,"href":"https:\/\/gopinkish.com\/fr\/wp-json\/wp\/v2\/product_tag?post=21340"}],"curies":[{"name":"wp","href":"https:\/\/api.w.org\/{rel}","templated":true}]}}