{"id":21139,"date":"2024-09-07T00:54:02","date_gmt":"2024-09-06T23:54:02","guid":{"rendered":"https:\/\/gopinkish.com\/?post_type=product&#038;p=21139"},"modified":"2025-05-12T22:37:22","modified_gmt":"2025-05-12T21:37:22","slug":"4005808862474","status":"publish","type":"product","link":"https:\/\/gopinkish.com\/fr\/produit\/4005808862474\/","title":{"rendered":"Lingettes fra\u00eeches et pures pour b\u00e9b\u00e9s et enfants"},"content":{"rendered":"<p style=\"text-align: justify;\">Les lingettes fra\u00eeches et pures nettoient d\u00e9licatement la peau de votre b\u00e9b\u00e9 comme de l'eau pure et maintiennent la barri\u00e8re protectrice de la peau.<\/p>\n<p>- Les lingettes Pure &amp; Fresh nettoient d\u00e9licatement la peau de b\u00e9b\u00e9 comme de l'eau pure et maintiennent la barri\u00e8re protectrice de la peau.<br \/>\n- Tr\u00e8s r\u00e9sistant et hygi\u00e9nique, il est pratique en toutes circonstances.<br \/>\n- Les lingettes Pure &amp; Fresh sont impr\u00e9gn\u00e9es d'un nettoyant rafra\u00eechissant et d'aloe vera aux propri\u00e9t\u00e9s hydratantes.<br \/>\n- Il tient compte du pH physiologique de la peau.<br \/>\n- Sans alcool, sans huile synth\u00e9tique, sans savon D\u00e9velopp\u00e9 en collaboration avec des dermatologues et des p\u00e9diatres Test\u00e9 cliniquement.<\/p>","protected":false},"excerpt":{"rendered":"<p>\u0645\u0646\u0627\u062f\u064a\u0644 \u0645\u0628\u0644\u0644\u0629 \u0646\u0642\u064a\u0629 \u0648 \u0645\u0646\u0639\u0634\u0629 \u062a\u0646\u0638\u0641 \u0628\u0634\u0631\u0629 \u0637\u0641\u0644\u0643 \u0628\u0644\u0637\u0641 \u0645\u062b\u0644 \u0627\u0644\u0645\u0627\u0621 \u0627\u0644\u0646\u0642\u064a \u0648\u062a\u062d\u0627\u0641\u0638 \u0639\u0644\u0649 \u0627\u0644\u062d\u0627\u062c\u0632 \u0627\u0644\u0648\u0627\u0642\u064a \u0644\u0644\u0628\u0634\u0631\u0629. &#8211; \u0645\u0646\u0627\u062f\u064a\u0644 Pure &amp; Fresh \u062a\u0646\u0638\u0641 \u0628\u0634\u0631\u0629 \u0627\u0644\u0637\u0641\u0644 \u0628\u0644\u0637\u0641 \u0645\u062b\u0644 \u0627\u0644\u0645\u0627\u0621 \u0627\u0644\u0646\u0642\u064a \u0648\u062a\u062d\u0627\u0641\u0638 \u0639\u0644\u0649 \u062d\u0627\u062c\u0632 \u0627\u0644\u062d\u0645\u0627\u064a\u0629 \u0644\u0644\u0628\u0634\u0631\u0629. &#8211; \u0645\u0642\u0627\u0648\u0645\u0629 \u0639\u0627\u0644\u064a\u0629 \u0648\u0635\u062d\u064a\u0629\u060c \u0641\u0647\u064a \u0639\u0645\u0644\u064a\u0629 \u0641\u064a \u062c\u0645\u064a\u0639 \u0627\u0644\u0638\u0631\u0648\u0641. &#8211; \u0645\u0646\u0627\u062f\u064a\u0644 Pure &amp; Fresh \u0645\u0634\u0628\u0639\u0629 \u0628\u063a\u0633\u0648\u0644 \u0645\u0646\u0639\u0634 \u0648\u0645\u0646\u0638\u0641 \u0628\u0645\u0627\u0621 \u0646\u0642\u064a \u0648\u0627\u0644\u0635\u0628\u0627\u0631 [&hellip;]<\/p>\n","protected":false},"featured_media":21141,"template":"","meta":[],"pwb-brand":[236],"product_brand":[],"product_cat":[1162],"product_tag":[],"class_list":{"0":"post-21139","1":"product","2":"type-product","3":"status-publish","4":"has-post-thumbnail","6":"pwb-brand-nivea","7":"product_cat-mom-baby","9":"first","10":"outofstock","11":"shipping-taxable","12":"product-type-variable","13":"has-default-attributes","14":"wvs-archive-product-wrapper"},"brands":[{"id":236,"name":"Nivea","slug":"nivea"}],"_links":{"self":[{"href":"https:\/\/gopinkish.com\/fr\/wp-json\/wp\/v2\/product\/21139","targetHints":{"allow":["GET"]}}],"collection":[{"href":"https:\/\/gopinkish.com\/fr\/wp-json\/wp\/v2\/product"}],"about":[{"href":"https:\/\/gopinkish.com\/fr\/wp-json\/wp\/v2\/types\/product"}],"wp:featuredmedia":[{"embeddable":true,"href":"https:\/\/gopinkish.com\/fr\/wp-json\/wp\/v2\/media\/21141"}],"wp:attachment":[{"href":"https:\/\/gopinkish.com\/fr\/wp-json\/wp\/v2\/media?parent=21139"}],"wp:term":[{"taxonomy":"pwb-brand","embeddable":true,"href":"https:\/\/gopinkish.com\/fr\/wp-json\/wp\/v2\/pwb-brand?post=21139"},{"taxonomy":"product_brand","embeddable":true,"href":"https:\/\/gopinkish.com\/fr\/wp-json\/wp\/v2\/product_brand?post=21139"},{"taxonomy":"product_cat","embeddable":true,"href":"https:\/\/gopinkish.com\/fr\/wp-json\/wp\/v2\/product_cat?post=21139"},{"taxonomy":"product_tag","embeddable":true,"href":"https:\/\/gopinkish.com\/fr\/wp-json\/wp\/v2\/product_tag?post=21139"}],"curies":[{"name":"wp","href":"https:\/\/api.w.org\/{rel}","templated":true}]}}