{"id":21089,"date":"2024-11-06T16:46:24","date_gmt":"2024-11-06T15:46:24","guid":{"rendered":"https:\/\/gopinkish.com\/?post_type=product&#038;p=21089"},"modified":"2026-04-01T18:46:14","modified_gmt":"2026-04-01T17:46:14","slug":"3181730201480","status":"publish","type":"product","link":"https:\/\/gopinkish.com\/fr\/produit\/3181730201480\/","title":{"rendered":"Savon au lait naturel (6 pi\u00e8ces)"},"content":{"rendered":"<p style=\"text-align: justify;\">Depuis 1925, le savon solide L'Authentique est devenu une v\u00e9ritable ic\u00f4ne du hammam fran\u00e7ais. Sa formule compos\u00e9e de 95% ingr\u00e9dients d'origine naturelle hydrate la peau en douceur. Son parfum caract\u00e9ristique aux notes l\u00e9g\u00e8res de lavande laisse la peau douce, propre et d\u00e9licatement parfum\u00e9e.<\/p>\n<p style=\"text-align: justify;\">6 pi\u00e8ces de 100g chacune<\/p>","protected":false},"excerpt":{"rendered":"<p>Depuis 1925, le savon solide L'Authentique est devenu une v\u00e9ritable ic\u00f4ne du hammam fran\u00e7ais. Sa formule compos\u00e9e de 95% ingr\u00e9dients d'origine naturelle hydrate la peau en douceur. Son parfum caract\u00e9ristique aux notes l\u00e9g\u00e8res de lavande laisse la peau douce, propre et d\u00e9licatement parfum\u00e9e. 6 pi\u00e8ces de 100g chacune<\/p>","protected":false},"featured_media":21095,"template":"","meta":[],"pwb-brand":[1386],"product_brand":[],"product_cat":[1138],"product_tag":[],"class_list":{"0":"post-21089","1":"product","2":"type-product","3":"status-publish","4":"has-post-thumbnail","6":"pwb-brand-monsavon","7":"product_cat-bath-and-shower","9":"first","10":"outofstock","11":"shipping-taxable","12":"product-type-variable","13":"has-default-attributes","14":"wvs-archive-product-wrapper"},"brands":[{"id":1386,"name":"Mon Savon","slug":"monsavon"}],"_links":{"self":[{"href":"https:\/\/gopinkish.com\/fr\/wp-json\/wp\/v2\/product\/21089","targetHints":{"allow":["GET"]}}],"collection":[{"href":"https:\/\/gopinkish.com\/fr\/wp-json\/wp\/v2\/product"}],"about":[{"href":"https:\/\/gopinkish.com\/fr\/wp-json\/wp\/v2\/types\/product"}],"wp:featuredmedia":[{"embeddable":true,"href":"https:\/\/gopinkish.com\/fr\/wp-json\/wp\/v2\/media\/21095"}],"wp:attachment":[{"href":"https:\/\/gopinkish.com\/fr\/wp-json\/wp\/v2\/media?parent=21089"}],"wp:term":[{"taxonomy":"pwb-brand","embeddable":true,"href":"https:\/\/gopinkish.com\/fr\/wp-json\/wp\/v2\/pwb-brand?post=21089"},{"taxonomy":"product_brand","embeddable":true,"href":"https:\/\/gopinkish.com\/fr\/wp-json\/wp\/v2\/product_brand?post=21089"},{"taxonomy":"product_cat","embeddable":true,"href":"https:\/\/gopinkish.com\/fr\/wp-json\/wp\/v2\/product_cat?post=21089"},{"taxonomy":"product_tag","embeddable":true,"href":"https:\/\/gopinkish.com\/fr\/wp-json\/wp\/v2\/product_tag?post=21089"}],"curies":[{"name":"wp","href":"https:\/\/api.w.org\/{rel}","templated":true}]}}