{"id":21019,"date":"2024-12-06T02:03:21","date_gmt":"2024-12-06T01:03:21","guid":{"rendered":"https:\/\/gopinkish.com\/?post_type=product&#038;p=21019"},"modified":"2025-04-24T14:10:54","modified_gmt":"2025-04-24T13:10:54","slug":"3600524098421","status":"publish","type":"product","link":"https:\/\/gopinkish.com\/fr\/produit\/3600524098421\/","title":{"rendered":"Apr\u00e8s-shampoing renforc\u00e9 pour une force maximale et un d\u00e9m\u00ealage efficace"},"content":{"rendered":"<p style=\"text-align: justify;\">\u0627\u0644\u0625\u062c\u0647\u0627\u062f \u0648\u0627\u0644\u062a\u063a\u064a\u0631\u0627\u062a \u0627\u0644\u0645\u0648\u0633\u0645\u064a\u0629 \u0648\u062a\u062c\u0641\u064a\u0641 \u0627\u0644\u0634\u0639\u0631 \u0628\u0634\u0643\u0644 \u0645\u062a\u0643\u0631\u0631 \u062a\u062c\u0639\u0644 \u0634\u0639\u0631\u0643 \u0623\u0643\u062b\u0631 \u0647\u0634\u0627\u0634\u0629 \u0648\u0631\u0642\u064a\u0642\u064b\u0627 \u0648\u064a\u0645\u064a\u0644 \u0625\u0644\u0649 \u0627\u0644\u062a\u0633\u0627\u0642\u0637 \u0628\u0633\u0647\u0648\u0644\u0629 \u0623\u0643\u0628\u0631. \u062f\u0631\u0628\u064a \u0634\u0639\u0631\u0643 \u0644\u064a\u0635\u0628\u062d \u0623\u0643\u062b\u0631 \u0645\u0642\u0627\u0648\u0645\u0629 \u0628\u0641\u0636\u0644 \u0645\u0633\u062a\u062d\u0636\u0631 Anti-Breakage Shield Detangler \u0627\u0644\u063a\u0646\u064a \u0628\u0640 [Aminexil + Biotin + Arginine] \u0644\u0641\u0643 \u062a\u0634\u0627\u0628\u0643 \u0634\u0639\u0631\u0643 \u0628\u0644\u0637\u0641 \u0648\u062d\u0645\u0627\u064a\u062a\u0647 \u0645\u0646 \u0627\u0644\u062a\u0642\u0635\u0641.<\/p>\n","protected":false},"excerpt":{"rendered":"<p>\u0627\u0644\u0625\u062c\u0647\u0627\u062f \u0648\u0627\u0644\u062a\u063a\u064a\u0631\u0627\u062a \u0627\u0644\u0645\u0648\u0633\u0645\u064a\u0629 \u0648\u062a\u062c\u0641\u064a\u0641 \u0627\u0644\u0634\u0639\u0631 \u0628\u0634\u0643\u0644 \u0645\u062a\u0643\u0631\u0631 \u062a\u062c\u0639\u0644 \u0634\u0639\u0631\u0643 \u0623\u0643\u062b\u0631 \u0647\u0634\u0627\u0634\u0629 \u0648\u0631\u0642\u064a\u0642\u064b\u0627 \u0648\u064a\u0645\u064a\u0644 \u0625\u0644\u0649 \u0627\u0644\u062a\u0633\u0627\u0642\u0637 \u0628\u0633\u0647\u0648\u0644\u0629 \u0623\u0643\u0628\u0631. \u062f\u0631\u0628\u064a \u0634\u0639\u0631\u0643 \u0644\u064a\u0635\u0628\u062d \u0623\u0643\u062b\u0631 \u0645\u0642\u0627\u0648\u0645\u0629 \u0628\u0641\u0636\u0644 \u0645\u0633\u062a\u062d\u0636\u0631 Anti-Breakage Shield Detangler \u0627\u0644\u063a\u0646\u064a \u0628\u0640 [Aminexil + Biotin + Arginine] \u0644\u0641\u0643 \u062a\u0634\u0627\u0628\u0643 \u0634\u0639\u0631\u0643 \u0628\u0644\u0637\u0641 \u0648\u062d\u0645\u0627\u064a\u062a\u0647 \u0645\u0646 \u0627\u0644\u062a\u0642\u0635\u0641.<\/p>\n","protected":false},"featured_media":21020,"template":"","meta":[],"pwb-brand":[239],"product_brand":[],"product_cat":[1149],"product_tag":[],"class_list":{"0":"post-21019","1":"product","2":"type-product","3":"status-publish","4":"has-post-thumbnail","6":"pwb-brand-loreal","7":"product_cat-hair-cond","9":"first","10":"outofstock","11":"shipping-taxable","12":"product-type-variable","13":"has-default-attributes","14":"wvs-archive-product-wrapper"},"brands":[{"id":239,"name":"L'Or\u00e9al Paris","slug":"loreal"}],"_links":{"self":[{"href":"https:\/\/gopinkish.com\/fr\/wp-json\/wp\/v2\/product\/21019","targetHints":{"allow":["GET"]}}],"collection":[{"href":"https:\/\/gopinkish.com\/fr\/wp-json\/wp\/v2\/product"}],"about":[{"href":"https:\/\/gopinkish.com\/fr\/wp-json\/wp\/v2\/types\/product"}],"wp:featuredmedia":[{"embeddable":true,"href":"https:\/\/gopinkish.com\/fr\/wp-json\/wp\/v2\/media\/21020"}],"wp:attachment":[{"href":"https:\/\/gopinkish.com\/fr\/wp-json\/wp\/v2\/media?parent=21019"}],"wp:term":[{"taxonomy":"pwb-brand","embeddable":true,"href":"https:\/\/gopinkish.com\/fr\/wp-json\/wp\/v2\/pwb-brand?post=21019"},{"taxonomy":"product_brand","embeddable":true,"href":"https:\/\/gopinkish.com\/fr\/wp-json\/wp\/v2\/product_brand?post=21019"},{"taxonomy":"product_cat","embeddable":true,"href":"https:\/\/gopinkish.com\/fr\/wp-json\/wp\/v2\/product_cat?post=21019"},{"taxonomy":"product_tag","embeddable":true,"href":"https:\/\/gopinkish.com\/fr\/wp-json\/wp\/v2\/product_tag?post=21019"}],"curies":[{"name":"wp","href":"https:\/\/api.w.org\/{rel}","templated":true}]}}