{"id":21002,"date":"2024-12-06T01:43:16","date_gmt":"2024-12-06T00:43:16","guid":{"rendered":"https:\/\/gopinkish.com\/?post_type=product&#038;p=21002"},"modified":"2026-04-20T20:43:25","modified_gmt":"2026-04-20T19:43:25","slug":"3331300040845","status":"publish","type":"product","link":"https:\/\/gopinkish.com\/fr\/produit\/3331300040845\/","title":{"rendered":"Un dentifrice blanchissant qui restaure l'\u00e9clat et la blancheur des dents"},"content":{"rendered":"<p style=\"text-align: justify;\"><!--StartFragment --><\/p>\n<p style=\"text-align: justify;\">D\u00e9velopp\u00e9 apr\u00e8s 5 ans de recherche, ce dentifrice innovant combine 3 ingr\u00e9dients blanchissants cl\u00e9s qui agissent sur toutes les causes de perte de blancheur et d'\u00e9clat. Sa formule contient \u00e9galement <strong>Oxyg\u00e8ne actif<\/strong> Pour restaurer la brillance naturelle et<strong>Fleur<\/strong> Pour une protection \u00e0 long terme de l'\u00e9mail.<\/p>\n<p style=\"text-align: justify;\"><strong>Principaux ingr\u00e9dients et caract\u00e9ristiques :<\/strong><br \/>\n- Bicarbonate de sodium : nettoie en profondeur et \u00e9limine les taches caus\u00e9es par la nourriture ou le tabac.<br \/>\n- Silice hydrat\u00e9e : aide \u00e0 \u00e9liminer les taches en surface et \u00e0 r\u00e9tablir la clart\u00e9.<br \/>\n- Calcium Liquide\u2122 : R\u00e9pare la surface de l'\u00e9mail en comblant les microfissures.<br \/>\n- Oxyg\u00e8ne actif : blanchit et restaure l'\u00e9clat naturel des dents.<br \/>\n- Fluor : Prot\u00e8ge l'\u00e9mail et renforce les dents contre les caries.<br \/>\n- Formule multi-b\u00e9n\u00e9fices, s\u00fbre pour une utilisation quotidienne.<\/p>\n<p style=\"text-align: justify;\"><strong>Principales caract\u00e9ristiques et avantages :<\/strong><br \/>\n- Donne un sourire plus blanc en seulement 5 jours.<br \/>\n- \u00c9limine les taches caus\u00e9es par la nourriture, le caf\u00e9 ou la nicotine.<br \/>\n- R\u00e9pare l'\u00e9mail et renforce les dents.<br \/>\n- Restaure l'\u00e9clat naturel des dents.<br \/>\n- Assure une protection durable contre la carie.<\/p>\n<p dir=\"ltr\" style=\"text-align: center;\">\ud83c\uddec\ud83c\udde7 Email Diamant Blancheur Dentifrice Absolue - Multi-Action Blanchiment, \u00e9limination des taches et r\u00e9paration de l'\u00e9mail<br \/>\n\ud83c\uddeb\ud83c\uddf7 Email Diamant Blancheur Absolue Dentifrice - Multi-Actions Blancheur, \u00c9limine les Taches &amp; R\u00e9pare l'\u00c9mail<\/p>\n<p><!--EndFragment --><\/p>","protected":false},"excerpt":{"rendered":"<p>\u0645\u0639\u062c\u0648\u0646 \u0623\u0633\u0646\u0627\u0646 \u0645\u0628\u062a\u0643\u0631 \u062a\u0645 \u062a\u0637\u0648\u064a\u0631\u0647 \u0628\u0639\u062f 5 \u0633\u0646\u0648\u0627\u062a \u0645\u0646 \u0627\u0644\u0628\u062d\u062b\u060c \u064a\u062c\u0645\u0639 \u0628\u064a\u0646 3 \u0645\u0643\u0648\u0646\u0627\u062a \u0631\u0626\u064a\u0633\u064a\u0629 \u0644\u0644\u062a\u0628\u064a\u064a\u0636 \u062a\u0639\u0645\u0644 \u0639\u0644\u0649 \u062c\u0645\u064a\u0639 \u0623\u0633\u0628\u0627\u0628 \u0641\u0642\u062f\u0627\u0646 \u0627\u0644\u0628\u064a\u0627\u0636 \u0648\u0627\u0644\u0625\u0634\u0631\u0627\u0642\u0629. \u062a\u0631\u0643\u064a\u0628\u062a\u0647 \u062a\u062d\u062a\u0648\u064a \u0623\u064a\u0636\u064b\u0627 \u0639\u0644\u0649 \u0623\u0643\u0633\u062c\u064a\u0646 \u0646\u0634\u0637 \u0644\u0627\u0633\u062a\u0639\u0627\u062f\u0629 \u0627\u0644\u0644\u0645\u0639\u0627\u0646 \u0627\u0644\u0637\u0628\u064a\u0639\u064a \u0648\u0641\u0644\u0648\u0631 \u0644\u062d\u0645\u0627\u064a\u0629 \u0627\u0644\u0645\u064a\u0646\u0627 \u0639\u0644\u0649 \u0627\u0644\u0645\u062f\u0649 \u0627\u0644\u0637\u0648\u064a\u0644. \u0627\u0644\u0645\u0643\u0648\u0646\u0627\u062a \u0648\u0627\u0644\u062e\u0635\u0627\u0626\u0635 \u0627\u0644\u0631\u0626\u064a\u0633\u064a\u0629: \u2022 Sodium Bicarbonate: \u064a\u0646\u0638\u0641 \u0628\u0639\u0645\u0642 \u0648\u064a\u0632\u064a\u0644 \u0627\u0644\u0628\u0642\u0639 \u0627\u0644\u0646\u0627\u062a\u062c\u0629 \u0639\u0646 \u0627\u0644\u0637\u0639\u0627\u0645 \u0623\u0648 \u0627\u0644\u062a\u062f\u062e\u064a\u0646. \u2022 Hydrated [&hellip;]<\/p>\n","protected":false},"featured_media":21003,"template":"","meta":[],"pwb-brand":[1371],"product_brand":[],"product_cat":[1131],"product_tag":[760],"class_list":{"0":"post-21002","1":"product","2":"type-product","3":"status-publish","4":"has-post-thumbnail","6":"pwb-brand-email-diamant","7":"product_cat-tooth-paste","8":"product_tag-760","10":"first","11":"instock","12":"shipping-taxable","13":"purchasable","14":"product-type-variable","15":"has-default-attributes","16":"wvs-archive-product-wrapper"},"brands":[{"id":1371,"name":"Email Diamant","slug":"envoyer-un-courriel-a-diamant"}],"_links":{"self":[{"href":"https:\/\/gopinkish.com\/fr\/wp-json\/wp\/v2\/product\/21002","targetHints":{"allow":["GET"]}}],"collection":[{"href":"https:\/\/gopinkish.com\/fr\/wp-json\/wp\/v2\/product"}],"about":[{"href":"https:\/\/gopinkish.com\/fr\/wp-json\/wp\/v2\/types\/product"}],"wp:featuredmedia":[{"embeddable":true,"href":"https:\/\/gopinkish.com\/fr\/wp-json\/wp\/v2\/media\/21003"}],"wp:attachment":[{"href":"https:\/\/gopinkish.com\/fr\/wp-json\/wp\/v2\/media?parent=21002"}],"wp:term":[{"taxonomy":"pwb-brand","embeddable":true,"href":"https:\/\/gopinkish.com\/fr\/wp-json\/wp\/v2\/pwb-brand?post=21002"},{"taxonomy":"product_brand","embeddable":true,"href":"https:\/\/gopinkish.com\/fr\/wp-json\/wp\/v2\/product_brand?post=21002"},{"taxonomy":"product_cat","embeddable":true,"href":"https:\/\/gopinkish.com\/fr\/wp-json\/wp\/v2\/product_cat?post=21002"},{"taxonomy":"product_tag","embeddable":true,"href":"https:\/\/gopinkish.com\/fr\/wp-json\/wp\/v2\/product_tag?post=21002"}],"curies":[{"name":"wp","href":"https:\/\/api.w.org\/{rel}","templated":true}]}}