{"id":20840,"date":"2024-12-03T22:15:50","date_gmt":"2024-12-03T21:15:50","guid":{"rendered":"https:\/\/gopinkish.com\/?post_type=product&#038;p=20840"},"modified":"2026-03-15T03:27:36","modified_gmt":"2026-03-15T02:27:36","slug":"3600523969692","status":"publish","type":"product","link":"https:\/\/gopinkish.com\/fr\/produit\/3600523969692\/","title":{"rendered":"Poudre bronzante pour un \u00e9clat naturel"},"content":{"rendered":"<p style=\"text-align: justify;\">Faites monter votre peau au ciel : La poudre bronzante de L'Or\u00e9al Paris est le choix parfait pour un \u00e9clat naturel - comme si vous aviez embrass\u00e9 le soleil !<\/p>\n<p style=\"text-align: justify;\">Les particules scintillantes donnent au visage, aux \u00e9paules et au d\u00e9collet\u00e9 un aspect bronz\u00e9 s\u00e9duisant, naturellement h\u00e2l\u00e9 et \u00e9clatant. La texture douce et soyeuse, compos\u00e9e de 91% d'ingr\u00e9dients d'origine naturelle tels que l'huile de noix de coco et le beurre de mangue, se fond dans la peau et facilite l'application et l'estompement. La poudre bronzante de L'Or\u00e9al Paris est \u00e9galement parfaite pour dessiner les contours du visage.<\/p>","protected":false},"excerpt":{"rendered":"<p>\u0627\u0635\u0637\u062d\u0628\u064a \u0628\u0634\u0631\u062a\u0643 \u0625\u0644\u0649 \u0627\u0644\u0633\u0645\u0627\u0621: \u0628\u0648\u062f\u0631\u0629 \u0627\u0644\u0628\u0631\u0648\u0646\u0632\u0631 \u0645\u0646 \u0644\u0648\u0631\u064a\u0627\u0644 \u0628\u0627\u0631\u064a\u0633 \u0647\u064a \u0627\u0644\u062e\u064a\u0627\u0631 \u0627\u0644\u0623\u0645\u062b\u0644 \u0644\u0625\u0637\u0644\u0627\u0644\u0629 \u0645\u0634\u0631\u0642\u0629 \u0637\u0628\u064a\u0639\u064a\u0629 &#8211; \u0648\u0643\u0623\u0646\u0643 \u0642\u0628\u0644\u062a \u0645\u0646 \u0627\u0644\u0634\u0645\u0633! \u062a\u0645\u0646\u062d \u062c\u0632\u064a\u0626\u0627\u062a \u0627\u0644\u0644\u0645\u0639\u0627\u0646 \u0627\u0644\u0648\u062c\u0647 \u0648\u0627\u0644\u0643\u062a\u0641\u064a\u0646 \u0648\u0645\u0646\u0637\u0642\u0629 \u0627\u0644\u0635\u062f\u0631 \u0645\u0638\u0647\u0631\u064b\u0627 \u0628\u0631\u0648\u0646\u0632\u064a\u064b\u0627 \u0645\u063a\u0631\u064a\u064b\u0627 \u0648\u0645\u064f\u062f\u0628\u0648\u063a\u064b\u0627 \u0628\u0634\u0643\u0644 \u0637\u0628\u064a\u0639\u064a \u0648\u0645\u062a\u0648\u0647\u062c\u064b\u0627. \u0627\u0644\u0645\u0644\u0645\u0633 \u0627\u0644\u0646\u0627\u0639\u0645 \u0627\u0644\u062d\u0631\u064a\u0631\u064a \u0645\u0639 91% \u0645\u0646 \u0627\u0644\u0645\u0643\u0648\u0646\u0627\u062a \u0645\u0646 \u0623\u0635\u0644 \u0637\u0628\u064a\u0639\u064a \u0645\u062b\u0644 \u0632\u064a\u062a \u062c\u0648\u0632 \u0627\u0644\u0647\u0646\u062f \u0648\u0632\u0628\u062f\u0629 \u0627\u0644\u0645\u0627\u0646\u062c\u0648 \u064a\u0630\u0648\u0628 \u0641\u064a \u0627\u0644\u062c\u0644\u062f \u0648\u064a\u062c\u0639\u0644 \u0645\u0646 [&hellip;]<\/p>\n","protected":false},"featured_media":20842,"template":"","meta":[],"pwb-brand":[239],"product_brand":[],"product_cat":[1168],"product_tag":[],"class_list":{"0":"post-20840","1":"product","2":"type-product","3":"status-publish","4":"has-post-thumbnail","6":"pwb-brand-loreal","7":"product_cat-bronzer-makeup","9":"first","10":"outofstock","11":"shipping-taxable","12":"product-type-variable","13":"has-default-attributes","14":"wvs-archive-product-wrapper"},"brands":[{"id":239,"name":"L'Or\u00e9al Paris","slug":"loreal"}],"_links":{"self":[{"href":"https:\/\/gopinkish.com\/fr\/wp-json\/wp\/v2\/product\/20840","targetHints":{"allow":["GET"]}}],"collection":[{"href":"https:\/\/gopinkish.com\/fr\/wp-json\/wp\/v2\/product"}],"about":[{"href":"https:\/\/gopinkish.com\/fr\/wp-json\/wp\/v2\/types\/product"}],"wp:featuredmedia":[{"embeddable":true,"href":"https:\/\/gopinkish.com\/fr\/wp-json\/wp\/v2\/media\/20842"}],"wp:attachment":[{"href":"https:\/\/gopinkish.com\/fr\/wp-json\/wp\/v2\/media?parent=20840"}],"wp:term":[{"taxonomy":"pwb-brand","embeddable":true,"href":"https:\/\/gopinkish.com\/fr\/wp-json\/wp\/v2\/pwb-brand?post=20840"},{"taxonomy":"product_brand","embeddable":true,"href":"https:\/\/gopinkish.com\/fr\/wp-json\/wp\/v2\/product_brand?post=20840"},{"taxonomy":"product_cat","embeddable":true,"href":"https:\/\/gopinkish.com\/fr\/wp-json\/wp\/v2\/product_cat?post=20840"},{"taxonomy":"product_tag","embeddable":true,"href":"https:\/\/gopinkish.com\/fr\/wp-json\/wp\/v2\/product_tag?post=20840"}],"curies":[{"name":"wp","href":"https:\/\/api.w.org\/{rel}","templated":true}]}}