{"id":20773,"date":"2024-12-03T18:41:23","date_gmt":"2024-12-03T17:41:23","guid":{"rendered":"https:\/\/gopinkish.com\/?post_type=product&#038;p=20773"},"modified":"2026-04-11T17:58:43","modified_gmt":"2026-04-11T16:58:43","slug":"071249330265","status":"publish","type":"product","link":"https:\/\/gopinkish.com\/fr\/produit\/071249330265\/","title":{"rendered":"Primaire pour mascara pour favoriser la croissance des cils"},"content":{"rendered":"<p style=\"text-align: justify;\">L'Or\u00e9al Paris Essential Mascara Primer en blanc est un booster de mascara et un conditionneur de cils - l'association parfaite avec votre mascara pr\u00e9f\u00e9r\u00e9 pour tirer le meilleur parti de chaque look de cils. Cette base l\u00e9g\u00e8re pour mascara cr\u00e9e instantan\u00e9ment un effet booster pour allonger, \u00e9paissir et volumiser les cils. Il hydrate les cils au fil du temps pour des cils doux et nourris. L'emballage peut varier, ce que vous recevez peut ne pas correspondre \u00e0 ce qui est indiqu\u00e9 sur le site web.<\/p>\n<p style=\"text-align: justify;\">- L'Or\u00e9al Paris Original Lash Primer est un booster de mascara et un hydratant pour les cils.<br \/>\n- L'association parfaite avec votre mascara pr\u00e9f\u00e9r\u00e9 pour tirer le meilleur parti de chaque cil.<br \/>\n- Ce primer l\u00e9ger pour mascara cr\u00e9e instantan\u00e9ment un effet booster pour allonger, volumiser et amplifier les cils.<br \/>\n- Hydrate les cils au fil du temps pour des cils doux et nourris.<br \/>\n- L'emballage peut varier.<\/p>\n<p dir=\"ltr\" style=\"text-align: center;\">\ud83c\uddec\ud83c\udde7 L'Or\u00e9al Paris Voluminous Lash Boosting Conditioning Primer Mascara - White, 0.24 fl oz<br \/>\n\ud83c\uddeb\ud83c\uddf7 Base de Mascara Voluminous Booster de Cils - Blanc, 0.24 fl oz L'Or\u00e9al Paris<\/p>","protected":false},"excerpt":{"rendered":"<p>\u0628\u0631\u0627\u064a\u0645\u0631 \u0627\u0644\u0645\u0627\u0633\u0643\u0627\u0631\u0627 \u0627\u0644\u0623\u0633\u0627\u0633\u064a \u0645\u0646 \u0644\u0648\u0631\u064a\u0627\u0644 \u0628\u0627\u0631\u064a\u0633 \u0628\u0627\u0644\u0644\u0648\u0646 \u0627\u0644\u0623\u0628\u064a\u0636\u060c \u0647\u0648 \u0645\u0639\u0632\u0632 \u0644\u0644\u0645\u0627\u0633\u0643\u0627\u0631\u0627 \u0648\u0645\u0631\u0637\u0628 \u0644\u0644\u0631\u0645\u0648\u0634 &#8211; \u0627\u0644\u0632\u0648\u062c \u0627\u0644\u0645\u062b\u0627\u0644\u064a \u0644\u0644\u0645\u0627\u0633\u0643\u0627\u0631\u0627 \u0627\u0644\u0645\u0641\u0636\u0644\u0629 \u0644\u062f\u064a\u0643 \u0644\u062a\u062d\u0642\u064a\u0642 \u0623\u0642\u0635\u0649 \u0627\u0633\u062a\u0641\u0627\u062f\u0629 \u0645\u0646 \u0643\u0644 \u0645\u0638\u0647\u0631 \u0644\u0644\u0631\u0645\u0648\u0634. \u0628\u0631\u0627\u064a\u0645\u0631 \u0627\u0644\u0645\u0627\u0633\u0643\u0627\u0631\u0627 \u062e\u0641\u064a\u0641 \u0627\u0644\u0648\u0632\u0646 \u064a\u062e\u0644\u0642 \u0639\u0644\u0649 \u0627\u0644\u0641\u0648\u0631 \u062a\u0623\u062b\u064a\u0631\u064b\u0627 \u0645\u0639\u0632\u0632\u064b\u0627 \u0644\u0625\u0637\u0627\u0644\u0629 \u0627\u0644\u0631\u0645\u0648\u0634 \u0648\u062a\u0643\u062b\u064a\u0641\u0647\u0627 \u0648\u062a\u0636\u062e\u064a\u0645\u0647\u0627. \u064a\u0631\u0637\u0628 \u0627\u0644\u0631\u0645\u0648\u0634 \u0628\u0645\u0631\u0648\u0631 \u0627\u0644\u0648\u0642\u062a \u0644\u0644\u062d\u0635\u0648\u0644 \u0639\u0644\u0649 \u0631\u0645\u0648\u0634 \u0646\u0627\u0639\u0645\u0629 \u0648\u0645\u063a\u0630\u064a\u0629. \u0642\u062f \u062a\u062e\u062a\u0644\u0641 \u0627\u0644\u0639\u0628\u0648\u0629\u060c \u0641\u0642\u062f \u0644\u0627 \u064a\u0643\u0648\u0646 \u0645\u0627 [&hellip;]<\/p>\n","protected":false},"featured_media":20774,"template":"","meta":[],"pwb-brand":[239],"product_brand":[],"product_cat":[1189],"product_tag":[],"class_list":{"0":"post-20773","1":"product","2":"type-product","3":"status-publish","4":"has-post-thumbnail","6":"pwb-brand-loreal","7":"product_cat-eyes-mascara","9":"first","10":"outofstock","11":"shipping-taxable","12":"product-type-variable","13":"has-default-attributes","14":"wvs-archive-product-wrapper"},"brands":[{"id":239,"name":"L'Or\u00e9al Paris","slug":"loreal"}],"_links":{"self":[{"href":"https:\/\/gopinkish.com\/fr\/wp-json\/wp\/v2\/product\/20773","targetHints":{"allow":["GET"]}}],"collection":[{"href":"https:\/\/gopinkish.com\/fr\/wp-json\/wp\/v2\/product"}],"about":[{"href":"https:\/\/gopinkish.com\/fr\/wp-json\/wp\/v2\/types\/product"}],"wp:featuredmedia":[{"embeddable":true,"href":"https:\/\/gopinkish.com\/fr\/wp-json\/wp\/v2\/media\/20774"}],"wp:attachment":[{"href":"https:\/\/gopinkish.com\/fr\/wp-json\/wp\/v2\/media?parent=20773"}],"wp:term":[{"taxonomy":"pwb-brand","embeddable":true,"href":"https:\/\/gopinkish.com\/fr\/wp-json\/wp\/v2\/pwb-brand?post=20773"},{"taxonomy":"product_brand","embeddable":true,"href":"https:\/\/gopinkish.com\/fr\/wp-json\/wp\/v2\/product_brand?post=20773"},{"taxonomy":"product_cat","embeddable":true,"href":"https:\/\/gopinkish.com\/fr\/wp-json\/wp\/v2\/product_cat?post=20773"},{"taxonomy":"product_tag","embeddable":true,"href":"https:\/\/gopinkish.com\/fr\/wp-json\/wp\/v2\/product_tag?post=20773"}],"curies":[{"name":"wp","href":"https:\/\/api.w.org\/{rel}","templated":true}]}}