{"id":20730,"date":"2024-12-02T03:27:53","date_gmt":"2024-12-02T02:27:53","guid":{"rendered":"https:\/\/gopinkish.com\/?post_type=product&#038;p=20730"},"modified":"2026-04-20T20:36:34","modified_gmt":"2026-04-20T19:36:34","slug":"3616302737352","status":"publish","type":"product","link":"https:\/\/gopinkish.com\/fr\/produit\/3616302737352\/","title":{"rendered":"Mascara \u00e0 brosse 2 en 1 pour un allongement et un volume extr\u00eames"},"content":{"rendered":"<p style=\"text-align: justify;\">Le nouveau mascara Twist Up The Volume permet \u00e0 vos cils d'atteindre de nouveaux sommets. Il s'agit du seul mascara de Bourjois dot\u00e9 d'une brosse 2-en-1 unique qui allie puissance d'allongement et intensit\u00e9 de volume. Il glisse en douceur sur les cils et se compose d'un film flexible qui offre une longueur et un volume sup\u00e9rieurs. La formule soin des cils contient du collag\u00e8ne et de la k\u00e9ratine et a une texture l\u00e9g\u00e8re pour un port ultra-confortable. La teinte noir extr\u00eame est charg\u00e9e de pigments intenses pour des cils ultra-brillants.<\/p>\n<p style=\"text-align: justify;\">Le mascara allongeant les cils Twist Up the Volume 2-en-1 vous donne de la longueur et du volume gr\u00e2ce au mode double brosse.<br \/>\nPinceau plastique convertible pour un contour des yeux instantan\u00e9 :<br \/>\n<strong>Mode 1.<\/strong> Une brosse inclinable : Etire et s\u00e9pare les cils un par un pour cr\u00e9er de la longueur.<br \/>\nA<strong>Pour le mode 2.<\/strong> Brosse \u00e9troite : Donne un volume disproportionn\u00e9 \u00e0 tous les cils.<\/p>\n<p style=\"text-align: justify;\">Sa formule ultra-pigment\u00e9e offre des r\u00e9sultats intenses. Le mascara d'extension de cils Twist Up 2-en-1 prot\u00e8ge vos cils, enrichi en collag\u00e8ne et en k\u00e9ratine.<\/p>\n<p style=\"text-align: justify;\">Plus besoin de choisir entre volume et longueur avec le mascara Twist-Up 2 en 1 : les cils sont visiblement d\u00e9ploy\u00e9s gr\u00e2ce \u00e0 ses brosses uniques !<\/p>\n<p dir=\"ltr\" style=\"text-align: center;\">\ud83c\uddec\ud83c\udde7 Bourjois Twist Up The Volume Mascara - Ultra Black<br \/>\n\ud83c\uddeb\ud83c\uddf7 Mascara Twist Up The Volume - Ultra Noir Bourjois<\/p>","protected":false},"excerpt":{"rendered":"<p>\u0627\u0631\u062a\u0642\u064a \u0628\u0631\u0645\u0648\u0634\u0643 \u0625\u0644\u0649 \u0622\u0641\u0627\u0642 \u062c\u062f\u064a\u062f\u0629 \u0645\u0639 \u0645\u0627\u0633\u0643\u0627\u0631\u0627 Twist Up The Volume \u0627\u0644\u062c\u062f\u064a\u062f\u0629 &#8211; \u0627\u0644\u0645\u0627\u0633\u0643\u0627\u0631\u0627 \u0627\u0644\u0648\u062d\u064a\u062f\u0629 \u0645\u0646 \u0628\u0648\u0631\u062c\u0648\u0627 \u0628\u0641\u0631\u0634\u0627\u0629 \u0641\u0631\u064a\u062f\u0629 2 \u0641\u064a 1 \u062a\u062c\u0645\u0639 \u0628\u064a\u0646 \u0642\u0648\u0629 \u0627\u0644\u0625\u0637\u0627\u0644\u0629 \u0648\u0643\u062b\u0627\u0641\u0629 \u0627\u0644\u062a\u0643\u062b\u064a\u0641. \u062a\u0646\u0633\u0627\u0628 \u0628\u0633\u0644\u0627\u0633\u0629 \u0639\u0644\u0649 \u0627\u0644\u0631\u0645\u0648\u0634 \u0648\u062a\u062a\u0645\u064a\u0632 \u0628\u062a\u0631\u0643\u064a\u0628\u0629 \u0641\u064a\u0644\u0645 \u0645\u0631\u0646\u0629 \u062a\u0648\u0641\u0631 \u0637\u0648\u0644\u0627\u064b \u0648\u062d\u062c\u0645\u064b\u0627 \u0641\u0627\u0626\u0642\u064a\u0646. \u062a\u062d\u062a\u0648\u064a \u062a\u0631\u0643\u064a\u0628\u0629 \u0627\u0644\u0639\u0646\u0627\u064a\u0629 \u0628\u0627\u0644\u0631\u0645\u0648\u0634 \u0639\u0644\u0649 \u0627\u0644\u0643\u0648\u0644\u0627\u062c\u064a\u0646 \u0648\u0627\u0644\u0643\u064a\u0631\u0627\u062a\u064a\u0646 \u0648\u0644\u0647\u0627 \u0645\u0644\u0645\u0633 \u062e\u0641\u064a\u0641 \u0627\u0644\u0648\u0632\u0646 \u0644\u0627\u0631\u062a\u062f\u0627\u0621 \u0645\u0631\u064a\u062d \u0644\u0644\u063a\u0627\u064a\u0629. \u0627\u0644\u0638\u0644 [&hellip;]<\/p>\n","protected":false},"featured_media":20737,"template":"","meta":[],"pwb-brand":[261],"product_brand":[],"product_cat":[1189],"product_tag":[],"class_list":{"0":"post-20730","1":"product","2":"type-product","3":"status-publish","4":"has-post-thumbnail","6":"pwb-brand-bourjois","7":"product_cat-eyes-mascara","9":"first","10":"instock","11":"shipping-taxable","12":"purchasable","13":"product-type-variable","14":"has-default-attributes","15":"wvs-archive-product-wrapper"},"brands":[{"id":261,"name":"Bourgeois","slug":"bourjois"}],"_links":{"self":[{"href":"https:\/\/gopinkish.com\/fr\/wp-json\/wp\/v2\/product\/20730","targetHints":{"allow":["GET"]}}],"collection":[{"href":"https:\/\/gopinkish.com\/fr\/wp-json\/wp\/v2\/product"}],"about":[{"href":"https:\/\/gopinkish.com\/fr\/wp-json\/wp\/v2\/types\/product"}],"wp:featuredmedia":[{"embeddable":true,"href":"https:\/\/gopinkish.com\/fr\/wp-json\/wp\/v2\/media\/20737"}],"wp:attachment":[{"href":"https:\/\/gopinkish.com\/fr\/wp-json\/wp\/v2\/media?parent=20730"}],"wp:term":[{"taxonomy":"pwb-brand","embeddable":true,"href":"https:\/\/gopinkish.com\/fr\/wp-json\/wp\/v2\/pwb-brand?post=20730"},{"taxonomy":"product_brand","embeddable":true,"href":"https:\/\/gopinkish.com\/fr\/wp-json\/wp\/v2\/product_brand?post=20730"},{"taxonomy":"product_cat","embeddable":true,"href":"https:\/\/gopinkish.com\/fr\/wp-json\/wp\/v2\/product_cat?post=20730"},{"taxonomy":"product_tag","embeddable":true,"href":"https:\/\/gopinkish.com\/fr\/wp-json\/wp\/v2\/product_tag?post=20730"}],"curies":[{"name":"wp","href":"https:\/\/api.w.org\/{rel}","templated":true}]}}