{"id":20695,"date":"2024-12-02T03:00:40","date_gmt":"2024-12-02T02:00:40","guid":{"rendered":"https:\/\/gopinkish.com\/?post_type=product&#038;p=20695"},"modified":"2024-12-27T11:18:54","modified_gmt":"2024-12-27T10:18:54","slug":"3596490004385","status":"publish","type":"product","link":"https:\/\/gopinkish.com\/fr\/produit\/3596490004385\/","title":{"rendered":"Huile de bain satin\u00e9e pour peaux sensibles et s\u00e8ches"},"content":{"rendered":"<p style=\"text-align: justify;\">L'huile de douche Satin est id\u00e9ale pour les peaux sensibles et s\u00e8ches. Elle nettoie en douceur, nourrit intens\u00e9ment et laisse un d\u00e9licat parfum floral sur la peau.<\/p>\n<p style=\"text-align: justify;\">Gr\u00e2ce \u00e0 ses agents antioxydants combin\u00e9s aux propri\u00e9t\u00e9s nourrissantes de l'huile d'argan et de l'huile essentielle de rose, ce gel douche huileux aide \u00e0 pr\u00e9venir le dess\u00e8chement de la peau, sans la laisser grasse. Avec sa texture merveilleuse et son parfum floral, il transformera votre douche en une v\u00e9ritable s\u00e9ance de chouchoutage. Votre peau est nourrie, douce et belle !<\/p>\n<p style=\"text-align: justify;\">Formule nourrissante<br \/>\nPour toute la famille<br \/>\nTest\u00e9 cliniquement<br \/>\nSuffisamment doux pour une utilisation quotidienne<\/p>","protected":false},"excerpt":{"rendered":"<p>\u0632\u064a\u062a \u0627\u0644\u0627\u0633\u062a\u062d\u0645\u0627\u0645 \u0627\u0644\u0633\u0627\u062a\u0627\u0646 \u0645\u062b\u0627\u0644\u064a \u0644\u0644\u0628\u0634\u0631\u0629 \u0627\u0644\u062d\u0633\u0627\u0633\u0629 \u0648\u0627\u0644\u062c\u0627\u0641\u0629. \u0641\u0647\u0648 \u064a\u0646\u0638\u0641 \u0627\u0644\u0628\u0634\u0631\u0629 \u0628\u0644\u0637\u0641 \u0648\u064a\u063a\u0630\u064a\u0647\u0627 \u0628\u0634\u0643\u0644 \u0645\u0643\u062b\u0641 \u0648\u064a\u062a\u0631\u0643 \u0631\u0627\u0626\u062d\u0629 \u0632\u0647\u0631\u064a\u0629 \u0631\u0642\u064a\u0642\u0629 \u0639\u0644\u0649 \u0628\u0634\u0631\u062a\u0643. \u0628\u0641\u0636\u0644 \u0639\u0648\u0627\u0645\u0644\u0647 \u0627\u0644\u0645\u0636\u0627\u062f\u0629 \u0644\u0644\u0623\u0643\u0633\u062f\u0629 \u0627\u0644\u0645\u0645\u0632\u0648\u062c\u0629 \u0628\u062e\u0635\u0627\u0626\u0635 \u0632\u064a\u062a \u0627\u0644\u0623\u0631\u062c\u0627\u0646 \u0627\u0644\u0645\u063a\u0630\u064a\u0629 \u0648\u0632\u064a\u062a \u0627\u0644\u0648\u0631\u062f \u0627\u0644\u0639\u0637\u0631\u064a\u060c \u064a\u0633\u0627\u0639\u062f \u062c\u0644 \u0627\u0644\u0627\u0633\u062a\u062d\u0645\u0627\u0645 \u0627\u0644\u0632\u064a\u062a\u064a \u0647\u0630\u0627 \u0639\u0644\u0649 \u0645\u0646\u0639 \u0628\u0634\u0631\u062a\u0643 \u0645\u0646 \u0627\u0644\u062c\u0641\u0627\u0641\u060c \u062f\u0648\u0646 \u0623\u0646 \u064a\u062a\u0631\u0643\u0647\u0627 \u062f\u0647\u0646\u064a\u0629. \u0628\u0641\u0636\u0644 \u0642\u0648\u0627\u0645\u0647 \u0627\u0644\u0631\u0627\u0626\u0639 \u0648\u0631\u0627\u0626\u062d\u062a\u0647 \u0627\u0644\u0632\u0647\u0631\u064a\u0629\u060c \u0633\u064a\u062d\u0648\u0644 \u0627\u0644\u0627\u0633\u062a\u062d\u0645\u0627\u0645 \u0625\u0644\u0649 \u062c\u0644\u0633\u0629 [&hellip;]<\/p>\n","protected":false},"featured_media":20696,"template":"","meta":[],"pwb-brand":[1008],"product_brand":[],"product_cat":[1138,1137],"product_tag":[696,688],"class_list":{"0":"post-20695","1":"product","2":"type-product","3":"status-publish","4":"has-post-thumbnail","6":"pwb-brand-rogecavailles","7":"product_cat-bath-and-shower","8":"product_cat-body-moist","9":"product_tag-dryskin","10":"product_tag-sensitive","12":"first","13":"outofstock","14":"shipping-taxable","15":"product-type-variable","16":"has-default-attributes","17":"wvs-archive-product-wrapper"},"brands":[{"id":1008,"name":"Rog\u00e9 Cavaill\u00e8s","slug":"rogecavailles"}],"_links":{"self":[{"href":"https:\/\/gopinkish.com\/fr\/wp-json\/wp\/v2\/product\/20695","targetHints":{"allow":["GET"]}}],"collection":[{"href":"https:\/\/gopinkish.com\/fr\/wp-json\/wp\/v2\/product"}],"about":[{"href":"https:\/\/gopinkish.com\/fr\/wp-json\/wp\/v2\/types\/product"}],"wp:featuredmedia":[{"embeddable":true,"href":"https:\/\/gopinkish.com\/fr\/wp-json\/wp\/v2\/media\/20696"}],"wp:attachment":[{"href":"https:\/\/gopinkish.com\/fr\/wp-json\/wp\/v2\/media?parent=20695"}],"wp:term":[{"taxonomy":"pwb-brand","embeddable":true,"href":"https:\/\/gopinkish.com\/fr\/wp-json\/wp\/v2\/pwb-brand?post=20695"},{"taxonomy":"product_brand","embeddable":true,"href":"https:\/\/gopinkish.com\/fr\/wp-json\/wp\/v2\/product_brand?post=20695"},{"taxonomy":"product_cat","embeddable":true,"href":"https:\/\/gopinkish.com\/fr\/wp-json\/wp\/v2\/product_cat?post=20695"},{"taxonomy":"product_tag","embeddable":true,"href":"https:\/\/gopinkish.com\/fr\/wp-json\/wp\/v2\/product_tag?post=20695"}],"curies":[{"name":"wp","href":"https:\/\/api.w.org\/{rel}","templated":true}]}}