{"id":20608,"date":"2024-12-01T22:30:28","date_gmt":"2024-12-01T21:30:28","guid":{"rendered":"https:\/\/gopinkish.com\/?post_type=product&#038;p=20608"},"modified":"2025-11-10T12:31:46","modified_gmt":"2025-11-10T11:31:46","slug":"8809576261127","status":"publish","type":"product","link":"https:\/\/gopinkish.com\/fr\/produit\/8809576261127\/","title":{"rendered":"Centella Low Acid Daily Foaming Cleanser (nettoyant moussant quotidien \u00e0 faible teneur en acide)"},"content":{"rendered":"<p>Un nettoyant au pH 5 avec des principes actifs d\u00e9riv\u00e9s de la noix de coco et de l'acide citrique qui nettoie en douceur sans dess\u00e9cher ni tirailler la peau.<\/p>\n<p><strong>Avantages du produit : <\/strong>Apaisant, hydratant, l\u00e9g\u00e8rement exfoliant<\/p>\n<p><strong>Type de peau : <\/strong>Normal, sensible<\/p>\n<p>- Un nettoyant riche et moussant au pH optimal de 5 qui \u00e9limine efficacement le maquillage et les impuret\u00e9s sans d\u00e9caper la peau.<br \/>\n- La puissance de nettoyage avanc\u00e9e \u00e9limine les 9269% poussi\u00e8res fines.<br \/>\n- La poudre ultrafine de bicarbonate de soude adh\u00e8re au s\u00e9bum et aux d\u00e9bris dans les pores pour les \u00e9liminer efficacement.<br \/>\n- Les tensioactifs d\u00e9riv\u00e9s de la noix de coco nettoient et hydratent la peau en douceur.<br \/>\n- Contient de l'ampoule de Centella qui calme et \u00e9quilibre la peau.<\/p>\n<p dir=\"ltr\" style=\"text-align: center;\">\ud83c\uddec\ud83c\udde7 SKIN1004 Madagascar Centella Ampoule Mousse nettoyante visage<br \/>\n\ud83c\uddeb\ud83c\uddf7 Mousse Nettoyante \u00e0 l'Ampoule Centella Madagascar SKIN1004<\/p>","protected":false},"excerpt":{"rendered":"<p>\u0645\u0646\u0638\u0641 \u200b\u200b\u0628\u062f\u0631\u062c\u0629 \u062d\u0645\u0648\u0636\u0629 5 \u0645\u0639 \u0645\u0648\u0627\u062f \u0641\u0639\u0627\u0644\u0629 \u0645\u0634\u062a\u0642\u0629 \u0645\u0646 \u062c\u0648\u0632 \u0627\u0644\u0647\u0646\u062f \u0648\u062d\u0645\u0636 \u0627\u0644\u0633\u062a\u0631\u064a\u0643 \u064a\u0646\u0638\u0641 \u0627\u0644\u0628\u0634\u0631\u0629 \u0628\u0644\u0637\u0641 \u062f\u0648\u0646 \u0627\u0644\u062a\u0633\u0628\u0628 \u0641\u064a \u062c\u0641\u0627\u0641\u0647\u0627 \u0623\u0648 \u0634\u062f\u0647\u0627. \u0641\u0648\u0627\u0626\u062f \u0627\u0644\u0645\u0646\u062a\u062c: \u0645\u0647\u062f\u0626\u060c \u0645\u0631\u0637\u0628\u060c \u0645\u0642\u0634\u0631 \u062e\u0641\u064a\u0641 \u0646\u0648\u0639 \u0627\u0644\u0628\u0634\u0631\u0629: \u0639\u0627\u062f\u064a\u0629\u060c \u062d\u0633\u0627\u0633\u0629 &#8211; \u0645\u0646\u0638\u0641 \u063a\u0646\u064a \u0648\u0631\u063a\u0648\u064a \u0628\u0645\u0633\u062a\u0648\u0649 pH \u0645\u062b\u0627\u0644\u064a \u064a\u0628\u0644\u063a 5 \u064a\u0632\u064a\u0644 \u0627\u0644\u0645\u0643\u064a\u0627\u062c \u0648\u0627\u0644\u0634\u0648\u0627\u0626\u0628 \u0628\u0641\u0639\u0627\u0644\u064a\u0629 \u062f\u0648\u0646 \u062a\u062c\u0631\u064a\u062f \u0627\u0644\u0628\u0634\u0631\u0629. &#8211; \u0642\u0648\u0629 \u062a\u0646\u0638\u064a\u0641 \u0645\u062a\u0642\u062f\u0645\u0629 \u062a\u0632\u064a\u0644 9269% \u0645\u0646 [&hellip;]<\/p>\n","protected":false},"featured_media":20614,"template":"","meta":[],"pwb-brand":[1045],"product_brand":[],"product_cat":[1119],"product_tag":[688,694,693,763],"class_list":{"0":"post-20608","1":"product","2":"type-product","3":"status-publish","4":"has-post-thumbnail","6":"pwb-brand-skin1004","7":"product_cat-face-wash","8":"product_tag-sensitive","9":"product_tag-normalskin","10":"product_tag-cleansing","11":"product_tag-korean-product-2","13":"first","14":"outofstock","15":"shipping-taxable","16":"product-type-variable","17":"has-default-attributes","18":"wvs-archive-product-wrapper"},"brands":[{"id":1045,"name":"SKIN1004","slug":"peau1004"}],"_links":{"self":[{"href":"https:\/\/gopinkish.com\/fr\/wp-json\/wp\/v2\/product\/20608","targetHints":{"allow":["GET"]}}],"collection":[{"href":"https:\/\/gopinkish.com\/fr\/wp-json\/wp\/v2\/product"}],"about":[{"href":"https:\/\/gopinkish.com\/fr\/wp-json\/wp\/v2\/types\/product"}],"wp:featuredmedia":[{"embeddable":true,"href":"https:\/\/gopinkish.com\/fr\/wp-json\/wp\/v2\/media\/20614"}],"wp:attachment":[{"href":"https:\/\/gopinkish.com\/fr\/wp-json\/wp\/v2\/media?parent=20608"}],"wp:term":[{"taxonomy":"pwb-brand","embeddable":true,"href":"https:\/\/gopinkish.com\/fr\/wp-json\/wp\/v2\/pwb-brand?post=20608"},{"taxonomy":"product_brand","embeddable":true,"href":"https:\/\/gopinkish.com\/fr\/wp-json\/wp\/v2\/product_brand?post=20608"},{"taxonomy":"product_cat","embeddable":true,"href":"https:\/\/gopinkish.com\/fr\/wp-json\/wp\/v2\/product_cat?post=20608"},{"taxonomy":"product_tag","embeddable":true,"href":"https:\/\/gopinkish.com\/fr\/wp-json\/wp\/v2\/product_tag?post=20608"}],"curies":[{"name":"wp","href":"https:\/\/api.w.org\/{rel}","templated":true}]}}