{"id":20529,"date":"2024-11-30T04:57:08","date_gmt":"2024-11-30T03:57:08","guid":{"rendered":"https:\/\/gopinkish.com\/?post_type=product&#038;p=20529"},"modified":"2026-03-02T14:53:42","modified_gmt":"2026-03-02T13:53:42","slug":"30144224","status":"publish","type":"product","link":"https:\/\/gopinkish.com\/fr\/produit\/30144224\/","title":{"rendered":"Mascara volumateur lavable 360"},"content":{"rendered":"<p style=\"text-align: justify;\">Le mascara Lash Sensational Firework vous offre un effet de cils \u00e0 360 degr\u00e9s et un effet glamour total. Des cils fantastiques. Brosse SuperSpark\u2122 dont les poils sont dispos\u00e9s en forme de feu d'artifice en spirale pour volumiser les cils. Une formule gel \u00e9clatante enrichie en provitamine B5. Effet modulable et r\u00e9sistant aux paquets. Cils souples. R\u00e9siste au maculage. Tient jusqu'\u00e0 24 heures.<\/p>","protected":false},"excerpt":{"rendered":"<p>Le mascara Lash Sensational Firework vous offre un effet de cils \u00e0 360 degr\u00e9s et un effet glamour total. Des cils fantastiques. Brosse SuperSpark\u2122 dont les poils sont dispos\u00e9s en forme de feu d'artifice en spirale pour volumiser les cils. Une formule gel \u00e9clatante enrichie en provitamine B5. Effet modulable et r\u00e9sistant aux paquets. Cils souples. R\u00e9siste au maculage. Tient jusqu'\u00e0 24 heures.<\/p>","protected":false},"featured_media":20530,"template":"","meta":[],"pwb-brand":[238],"product_brand":[],"product_cat":[1189],"product_tag":[],"class_list":{"0":"post-20529","1":"product","2":"type-product","3":"status-publish","4":"has-post-thumbnail","6":"pwb-brand-maybelline-new-york","7":"product_cat-eyes-mascara","9":"first","10":"instock","11":"shipping-taxable","12":"purchasable","13":"product-type-variable","14":"has-default-attributes","15":"wvs-archive-product-wrapper"},"brands":[{"id":238,"name":"Maybelline New York","slug":"maybelline-new-york"}],"_links":{"self":[{"href":"https:\/\/gopinkish.com\/fr\/wp-json\/wp\/v2\/product\/20529","targetHints":{"allow":["GET"]}}],"collection":[{"href":"https:\/\/gopinkish.com\/fr\/wp-json\/wp\/v2\/product"}],"about":[{"href":"https:\/\/gopinkish.com\/fr\/wp-json\/wp\/v2\/types\/product"}],"wp:featuredmedia":[{"embeddable":true,"href":"https:\/\/gopinkish.com\/fr\/wp-json\/wp\/v2\/media\/20530"}],"wp:attachment":[{"href":"https:\/\/gopinkish.com\/fr\/wp-json\/wp\/v2\/media?parent=20529"}],"wp:term":[{"taxonomy":"pwb-brand","embeddable":true,"href":"https:\/\/gopinkish.com\/fr\/wp-json\/wp\/v2\/pwb-brand?post=20529"},{"taxonomy":"product_brand","embeddable":true,"href":"https:\/\/gopinkish.com\/fr\/wp-json\/wp\/v2\/product_brand?post=20529"},{"taxonomy":"product_cat","embeddable":true,"href":"https:\/\/gopinkish.com\/fr\/wp-json\/wp\/v2\/product_cat?post=20529"},{"taxonomy":"product_tag","embeddable":true,"href":"https:\/\/gopinkish.com\/fr\/wp-json\/wp\/v2\/product_tag?post=20529"}],"curies":[{"name":"wp","href":"https:\/\/api.w.org\/{rel}","templated":true}]}}