{"id":20519,"date":"2025-10-03T04:30:48","date_gmt":"2025-10-03T03:30:48","guid":{"rendered":"https:\/\/gopinkish.com\/?post_type=product&#038;p=20519"},"modified":"2025-10-05T22:14:01","modified_gmt":"2025-10-05T21:14:01","slug":"309971103322","status":"publish","type":"product","link":"https:\/\/gopinkish.com\/fr\/produit\/309971103322\/","title":{"rendered":"D\u00e9odorant avec triple protection contre les odeurs pendant 48 heures"},"content":{"rendered":"<p style=\"text-align: justify;\">Le d\u00e9odorant pour femmes Mitchum Triple Odour Defense Invisible Solid a \u00e9t\u00e9 con\u00e7u pour contr\u00f4ler les odeurs et la transpiration pendant 48 heures en une seule application. Dot\u00e9 de la technologie Triple Odour Defense, ce d\u00e9odorant pour femmes prot\u00e8ge contre les odeurs caus\u00e9es par la chaleur, le stress et le mouvement, et est efficace contre la transpiration. Le d\u00e9odorant stick solide et invisible est impr\u00e9gn\u00e9 d'un parfum frais et propre et s'applique facilement, laissant des aisselles s\u00e8ches et agr\u00e9ablement parfum\u00e9es, sans r\u00e9sidu blanc sur la peau. Suffisamment petit pour voyager, vous pouvez d\u00e9sormais porter ce que vous voulez quand vous le voulez sans vous soucier de vos aisselles. Test\u00e9 par des dermatologues. Sans alcool. Convient \u00e0 tous les types de peau.<\/p>\n<p style=\"text-align: justify;\">S'applique en douceur sous les aisselles. Pour usage externe uniquement, \u00e9viter le contact avec les yeux. Ne pas appliquer sur une peau ab\u00eem\u00e9e. Tenir \u00e0 l'\u00e9cart de la chaleur et du froid extr\u00eames.<\/p>\n<p dir=\"ltr\" style=\"text-align: center;\">\ud83c\uddec\ud83c\udde7 Mitchum For Women Advanced Control Anti-Perspirant Deodorant Invisible Solid Pure Fresh<br \/>\n\ud83c\uddeb\ud83c\uddf7 D\u00e9odorant Anti-Transpirant Femme Mitchum Advanced Control Invisible Pure Fresh<\/p>","protected":false},"excerpt":{"rendered":"<p>\u0645\u0646 \u0645\u0632\u064a\u0644 \u0627\u0644\u0639\u0631\u0642 Mitchum \u0644\u0644\u0646\u0633\u0627\u0621 \u064a\u0623\u062a\u064a Mitchum Triple Odor Defense Invisible Solid\u060c \u0627\u0644\u0645\u0635\u0645\u0645 \u0628\u062e\u0628\u0631\u0629 \u0644\u0644\u062a\u062d\u0643\u0645 \u0641\u064a \u0627\u0644\u0631\u0627\u0626\u062d\u0629 \u0648\u0627\u0644\u0639\u0631\u0642 \u0644\u0645\u062f\u0629 48 \u0633\u0627\u0639\u0629 \u0628\u0627\u0633\u062a\u062e\u062f\u0627\u0645 \u0648\u0627\u062d\u062f \u0641\u0642\u0637. \u0645\u0639\u0632\u0632 \u0628\u062a\u0642\u0646\u064a\u0629 Triple Odor Defense\u060c \u064a\u062d\u0645\u064a \u0645\u0632\u064a\u0644 \u0627\u0644\u0639\u0631\u0642 \u0627\u0644\u0646\u0633\u0627\u0626\u064a \u0647\u0630\u0627 \u0645\u0646 \u0627\u0644\u0631\u0648\u0627\u0626\u062d \u0627\u0644\u0646\u0627\u062a\u062c\u0629 \u0639\u0646 \u0627\u0644\u062d\u0631\u0627\u0631\u0629 \u0648\u0627\u0644\u0625\u062c\u0647\u0627\u062f \u0648\u0627\u0644\u062d\u0631\u0643\u0629\u060c \u0648\u0647\u0648 \u0641\u0639\u0627\u0644 \u0636\u062f \u0627\u0644\u062a\u0639\u0631\u0642. \u0639\u0635\u0627 \u0645\u0632\u064a\u0644 \u0627\u0644\u0639\u0631\u0642 \u0627\u0644\u0635\u0644\u0628\u0629 \u063a\u064a\u0631 \u0627\u0644\u0645\u0631\u0626\u064a\u0629 \u0645\u0634\u0628\u0639\u0629 \u0628\u0631\u0627\u0626\u062d\u0629 \u0646\u0642\u064a\u0629 \u0645\u0646\u0639\u0634\u0629 [&hellip;]<\/p>\n","protected":false},"featured_media":20525,"template":"","meta":[],"pwb-brand":[1373],"product_brand":[],"product_cat":[1228],"product_tag":[686],"class_list":{"0":"post-20519","1":"product","2":"type-product","3":"status-publish","4":"has-post-thumbnail","6":"pwb-brand-mitchum","7":"product_cat-deodorants","8":"product_tag-deodorant","10":"first","11":"instock","12":"shipping-taxable","13":"purchasable","14":"product-type-variable","15":"has-default-attributes","16":"wvs-archive-product-wrapper"},"brands":[{"id":1373,"name":"Mitchum","slug":"mitchum"}],"_links":{"self":[{"href":"https:\/\/gopinkish.com\/fr\/wp-json\/wp\/v2\/product\/20519","targetHints":{"allow":["GET"]}}],"collection":[{"href":"https:\/\/gopinkish.com\/fr\/wp-json\/wp\/v2\/product"}],"about":[{"href":"https:\/\/gopinkish.com\/fr\/wp-json\/wp\/v2\/types\/product"}],"wp:featuredmedia":[{"embeddable":true,"href":"https:\/\/gopinkish.com\/fr\/wp-json\/wp\/v2\/media\/20525"}],"wp:attachment":[{"href":"https:\/\/gopinkish.com\/fr\/wp-json\/wp\/v2\/media?parent=20519"}],"wp:term":[{"taxonomy":"pwb-brand","embeddable":true,"href":"https:\/\/gopinkish.com\/fr\/wp-json\/wp\/v2\/pwb-brand?post=20519"},{"taxonomy":"product_brand","embeddable":true,"href":"https:\/\/gopinkish.com\/fr\/wp-json\/wp\/v2\/product_brand?post=20519"},{"taxonomy":"product_cat","embeddable":true,"href":"https:\/\/gopinkish.com\/fr\/wp-json\/wp\/v2\/product_cat?post=20519"},{"taxonomy":"product_tag","embeddable":true,"href":"https:\/\/gopinkish.com\/fr\/wp-json\/wp\/v2\/product_tag?post=20519"}],"curies":[{"name":"wp","href":"https:\/\/api.w.org\/{rel}","templated":true}]}}