{"id":20497,"date":"2024-11-30T03:51:18","date_gmt":"2024-11-30T02:51:18","guid":{"rendered":"https:\/\/gopinkish.com\/?post_type=product&#038;p=20497"},"modified":"2026-04-20T20:43:11","modified_gmt":"2026-04-20T19:43:11","slug":"3331300032062","status":"publish","type":"product","link":"https:\/\/gopinkish.com\/fr\/produit\/3331300032062\/","title":{"rendered":"Dentifrice au charbon pour une blancheur instantan\u00e9e et durable"},"content":{"rendered":"<p><!--StartFragment --><\/p>\n<p style=\"text-align: justify;\">\u0623\u0648\u0644 \u0645\u0639\u062c\u0648\u0646 \u0623\u0633\u0646\u0627\u0646 \u0628\u0627\u0644\u0641\u062d\u0645 \u0627\u0644\u0646\u0634\u0637 \u0636\u0645\u0646 \u0627\u0644\u0645\u062c\u0645\u0648\u0639\u0629\u060c \u0645\u0635\u0645\u0645 \u0644\u062a\u0648\u0641\u064a\u0631 \u062a\u0623\u062b\u064a\u0631 \u0641\u0648\u0631\u064a \u0628\u0641\u0636\u0644 \u062a\u0631\u0643\u064a\u0628\u062a\u0647 \u0627\u0644\u0645\u0628\u062a\u0643\u0631\u0629 \u0630\u0627\u062a \u0627\u0644\u0644\u0648\u0646 \u0627\u0644\u0628\u0646\u0641\u0633\u062c\u064a \u0627\u0644\u062a\u064a \u062a\u0645\u0646\u062d \u0627\u0644\u0623\u0633\u0646\u0627\u0646 \u0645\u0638\u0647\u0631\u064b\u0627 \u0623\u0643\u062b\u0631 \u0628\u064a\u0627\u0636\u064b\u0627 \u0645\u0628\u0627\u0634\u0631\u0629\u060c \u0645\u0639 \u0646\u062a\u0627\u0626\u062c \u0637\u0648\u064a\u0644\u0629 \u0627\u0644\u0623\u0645\u062f \u0628\u0641\u0636\u0644 \u0642\u0648\u0629 \u0627\u0644\u0641\u062d\u0645 \u0627\u0644\u0646\u0628\u0627\u062a\u064a \u0627\u0644\u0645\u0639\u0631\u0648\u0641 \u0628\u062e\u0635\u0627\u0626\u0635\u0647 \u0627\u0644\u0645\u0646\u0642\u064a\u0629 \u0648\u0627\u0644\u0645\u0637\u0647\u0631\u0629. \u0627\u0644\u062a\u0631\u0643\u064a\u0628\u0629 \u062a\u062d\u062a\u0648\u064a \u0639\u0644\u0649 93% \u0645\u0643\u0648\u0646\u0627\u062a \u0645\u0646 \u0623\u0635\u0644 \u0637\u0628\u064a\u0639\u064a\u060c \u0645\u0645\u0627 \u064a\u062c\u0639\u0644\u0647\u0627 \u0622\u0645\u0646\u0629 \u0644\u0644\u0627\u0633\u062a\u062e\u062f\u0627\u0645 \u0627\u0644\u064a\u0648\u0645\u064a \u0645\u0639 \u0627\u062d\u062a\u0631\u0627\u0645 \u0627\u0644\u0645\u064a\u0646\u0627.<\/p>\n<p style=\"text-align: justify;\"><strong>Principaux ingr\u00e9dients et caract\u00e9ristiques :<\/strong><br \/>\n\u2022 Charbon V\u00e9g\u00e9tal Actif: \u064a\u0646\u0642\u064a \u0627\u0644\u0623\u0633\u0646\u0627\u0646 \u0648\u064a\u0632\u064a\u0644 \u0627\u0644\u0628\u0642\u0639 \u0627\u0644\u0633\u0637\u062d\u064a\u0629.<br \/>\n\u2022 P\u00e2te Mauve Optique: \u062a\u0645\u0646\u062d \u0628\u064a\u0627\u0636\u064b\u0627 \u0641\u0648\u0631\u064a\u064b\u0627 \u0639\u0628\u0631 \u062a\u0623\u062b\u064a\u0631 \u0628\u0635\u0631\u064a.<br \/>\n\u2022 93% \u0645\u0643\u0648\u0646\u0627\u062a \u0637\u0628\u064a\u0639\u064a\u0629: \u062a\u0631\u0643\u064a\u0628\u0629 \u0622\u0645\u0646\u0629 \u0648\u0635\u062f\u064a\u0642\u0629 \u0644\u0644\u0641\u0645.<br \/>\n- Fluor : Renforce l'\u00e9mail et prot\u00e8ge contre les caries.<br \/>\n\u2022 \u062a\u0631\u0643\u064a\u0628\u0629 \u0644\u0637\u064a\u0641\u0629 \u0645\u0646\u0627\u0633\u0628\u0629 \u0644\u0644\u0627\u0633\u062a\u062e\u062f\u0627\u0645 \u0627\u0644\u064a\u0648\u0645\u064a.<\/p>\n<p style=\"text-align: justify;\"><strong>Principales caract\u00e9ristiques et avantages :<\/strong><br \/>\n\u2022 \u064a\u0645\u0646\u062d \u0628\u064a\u0627\u0636\u064b\u0627 \u0641\u0648\u0631\u064a\u064b\u0627 \u0628\u0641\u0636\u0644 \u0627\u0644\u062a\u0631\u0643\u064a\u0628\u0629 \u0627\u0644\u0628\u0635\u0631\u064a\u0629 \u0627\u0644\u0645\u0628\u062a\u0643\u0631\u0629.<br \/>\n\u2022 \u064a\u0648\u0641\u0631 \u0646\u062a\u0627\u0626\u062c \u0637\u0648\u064a\u0644\u0629 \u0627\u0644\u0623\u0645\u062f \u0645\u0639 \u0627\u0644\u0627\u0633\u062a\u062e\u062f\u0627\u0645 \u0627\u0644\u0645\u0646\u062a\u0638\u0645.<br \/>\n\u2022 \u064a\u0646\u0642\u064a \u0627\u0644\u0623\u0633\u0646\u0627\u0646 \u0648\u064a\u0632\u064a\u0644 \u0627\u0644\u0628\u0642\u0639 \u0627\u0644\u0646\u0627\u062a\u062c\u0629 \u0639\u0646 \u0627\u0644\u0642\u0647\u0648\u0629 \u0623\u0648 \u0627\u0644\u062a\u062f\u062e\u064a\u0646.<br \/>\n- Maintient l'\u00e9mail en bonne sant\u00e9 et prot\u00e8ge contre les caries.<br \/>\n\u2022 \u062a\u0631\u0643\u064a\u0628\u0629 \u0637\u0628\u064a\u0639\u064a\u0629 \u0628\u0646\u0633\u0628\u0629 93%\u060c \u0622\u0645\u0646\u0629 \u0644\u0644\u0627\u0633\u062a\u062e\u062f\u0627\u0645 \u0627\u0644\u064a\u0648\u0645\u064a.<\/p>\n<p dir=\"ltr\" style=\"text-align: center;\">\u200e\ud83c\uddec\ud83c\udde7 Email Diamant Charcoal Toothpaste \u2013 Instant &amp; Long\u2011Lasting Whitening, Natural Enamel Care<br \/>\n\u200e\ud83c\uddeb\ud83c\uddf7 Email Diamant Dentifrice Charbon \u2013 Blancheur Imm\u00e9diate &amp; Durable, Soin Naturel de l\u2019\u00c9mail<!--EndFragment --><\/p>","protected":false},"excerpt":{"rendered":"<p>\u0623\u0648\u0644 \u0645\u0639\u062c\u0648\u0646 \u0623\u0633\u0646\u0627\u0646 \u0628\u0627\u0644\u0641\u062d\u0645 \u0627\u0644\u0646\u0634\u0637 \u0636\u0645\u0646 \u0627\u0644\u0645\u062c\u0645\u0648\u0639\u0629\u060c \u0645\u0635\u0645\u0645 \u0644\u062a\u0648\u0641\u064a\u0631 \u062a\u0623\u062b\u064a\u0631 \u0641\u0648\u0631\u064a \u0628\u0641\u0636\u0644 \u062a\u0631\u0643\u064a\u0628\u062a\u0647 \u0627\u0644\u0645\u0628\u062a\u0643\u0631\u0629 \u0630\u0627\u062a \u0627\u0644\u0644\u0648\u0646 \u0627\u0644\u0628\u0646\u0641\u0633\u062c\u064a \u0627\u0644\u062a\u064a \u062a\u0645\u0646\u062d \u0627\u0644\u0623\u0633\u0646\u0627\u0646 \u0645\u0638\u0647\u0631\u064b\u0627 \u0623\u0643\u062b\u0631 \u0628\u064a\u0627\u0636\u064b\u0627 \u0645\u0628\u0627\u0634\u0631\u0629\u060c \u0645\u0639 \u0646\u062a\u0627\u0626\u062c \u0637\u0648\u064a\u0644\u0629 \u0627\u0644\u0623\u0645\u062f \u0628\u0641\u0636\u0644 \u0642\u0648\u0629 \u0627\u0644\u0641\u062d\u0645 \u0627\u0644\u0646\u0628\u0627\u062a\u064a \u0627\u0644\u0645\u0639\u0631\u0648\u0641 \u0628\u062e\u0635\u0627\u0626\u0635\u0647 \u0627\u0644\u0645\u0646\u0642\u064a\u0629 \u0648\u0627\u0644\u0645\u0637\u0647\u0631\u0629. \u0627\u0644\u062a\u0631\u0643\u064a\u0628\u0629 \u062a\u062d\u062a\u0648\u064a \u0639\u0644\u0649 93% \u0645\u0643\u0648\u0646\u0627\u062a \u0645\u0646 \u0623\u0635\u0644 \u0637\u0628\u064a\u0639\u064a\u060c \u0645\u0645\u0627 \u064a\u062c\u0639\u0644\u0647\u0627 \u0622\u0645\u0646\u0629 \u0644\u0644\u0627\u0633\u062a\u062e\u062f\u0627\u0645 \u0627\u0644\u064a\u0648\u0645\u064a \u0645\u0639 \u0627\u062d\u062a\u0631\u0627\u0645 \u0627\u0644\u0645\u064a\u0646\u0627. \u0627\u0644\u0645\u0643\u0648\u0646\u0627\u062a \u0648\u0627\u0644\u062e\u0635\u0627\u0626\u0635 \u0627\u0644\u0631\u0626\u064a\u0633\u064a\u0629: [&hellip;]<\/p>\n","protected":false},"featured_media":20498,"template":"","meta":[],"pwb-brand":[1371],"product_brand":[],"product_cat":[1131],"product_tag":[760],"class_list":{"0":"post-20497","1":"product","2":"type-product","3":"status-publish","4":"has-post-thumbnail","6":"pwb-brand-email-diamant","7":"product_cat-tooth-paste","8":"product_tag-760","10":"first","11":"outofstock","12":"shipping-taxable","13":"product-type-variable","14":"has-default-attributes","15":"wvs-archive-product-wrapper"},"brands":[{"id":1371,"name":"Email Diamant","slug":"envoyer-un-courriel-a-diamant"}],"_links":{"self":[{"href":"https:\/\/gopinkish.com\/fr\/wp-json\/wp\/v2\/product\/20497","targetHints":{"allow":["GET"]}}],"collection":[{"href":"https:\/\/gopinkish.com\/fr\/wp-json\/wp\/v2\/product"}],"about":[{"href":"https:\/\/gopinkish.com\/fr\/wp-json\/wp\/v2\/types\/product"}],"wp:featuredmedia":[{"embeddable":true,"href":"https:\/\/gopinkish.com\/fr\/wp-json\/wp\/v2\/media\/20498"}],"wp:attachment":[{"href":"https:\/\/gopinkish.com\/fr\/wp-json\/wp\/v2\/media?parent=20497"}],"wp:term":[{"taxonomy":"pwb-brand","embeddable":true,"href":"https:\/\/gopinkish.com\/fr\/wp-json\/wp\/v2\/pwb-brand?post=20497"},{"taxonomy":"product_brand","embeddable":true,"href":"https:\/\/gopinkish.com\/fr\/wp-json\/wp\/v2\/product_brand?post=20497"},{"taxonomy":"product_cat","embeddable":true,"href":"https:\/\/gopinkish.com\/fr\/wp-json\/wp\/v2\/product_cat?post=20497"},{"taxonomy":"product_tag","embeddable":true,"href":"https:\/\/gopinkish.com\/fr\/wp-json\/wp\/v2\/product_tag?post=20497"}],"curies":[{"name":"wp","href":"https:\/\/api.w.org\/{rel}","templated":true}]}}