{"id":20282,"date":"2024-11-27T01:14:31","date_gmt":"2024-11-27T00:14:31","guid":{"rendered":"https:\/\/gopinkish.com\/?post_type=product&#038;p=20282"},"modified":"2026-01-14T23:25:33","modified_gmt":"2026-01-14T22:25:33","slug":"4005800181207","status":"publish","type":"product","link":"https:\/\/gopinkish.com\/fr\/produit\/4005800181207\/","title":{"rendered":"Une cr\u00e8me apaisante pour traiter l'acn\u00e9 et minimiser l'irritation"},"content":{"rendered":"<p style=\"text-align: justify;\">Une cr\u00e8me qui minimise les effets secondaires des m\u00e9dicaments contre l'acn\u00e9. Elle calme les irritations, att\u00e9nue les tiraillements et vous aide \u00e0 reprendre le contr\u00f4le de votre peau sujette aux imperfections.<\/p>\n<p style=\"text-align: justify;\"><strong>Les principaux avantages :<\/strong><br \/>\n- Apaise la peau pendant le traitement m\u00e9dical de l'acn\u00e9<br \/>\n- Hydrate intens\u00e9ment la peau et r\u00e9duit le dess\u00e8chement<br \/>\n- Apaise les irritations et les rougeurs de la peau<\/p>\n<p dir=\"ltr\" style=\"text-align: center;\">\ud83c\uddec\ud83c\udde7 Eucerin DermoPure Adjunctive Soothing Cream<br \/>\n\ud83c\uddeb\ud83c\uddf7 Cr\u00e8me Apaisante Adjuvante DermoPure Eucerin<\/p>","protected":false},"excerpt":{"rendered":"<p>\u0643\u0631\u064a\u0645 \u064a\u062e\u0641\u0641 \u0645\u0646 \u0627\u0644\u0622\u062b\u0627\u0631 \u0627\u0644\u062c\u0627\u0646\u0628\u064a\u0629 \u0644\u0623\u062f\u0648\u064a\u0629 \u062d\u0628 \u0627\u0644\u0634\u0628\u0627\u0628. \u064a\u0647\u062f\u0626 \u0627\u0644\u062a\u0647\u064a\u062c \u0648\u064a\u0642\u0644\u0644 \u0645\u0646 \u0627\u0644\u0634\u062f \u0648\u064a\u0633\u0627\u0639\u062f\u0643 \u0639\u0644\u0649 \u0627\u0633\u062a\u0639\u0627\u062f\u0629 \u0627\u0644\u0633\u064a\u0637\u0631\u0629 \u0639\u0644\u0649 \u0627\u0644\u0628\u0634\u0631\u0629 \u0627\u0644\u0645\u0639\u0631\u0636\u0629 \u0644\u0644\u0634\u0648\u0627\u0626\u0628. \u0627\u0644\u0641\u0648\u0627\u0626\u062f \u0627\u0644\u0631\u0626\u064a\u0633\u064a\u0629: &#8211; \u064a\u0647\u062f\u0626 \u0627\u0644\u0628\u0634\u0631\u0629 \u0623\u062b\u0646\u0627\u0621 \u0627\u0644\u0639\u0644\u0627\u062c \u0627\u0644\u0637\u0628\u064a \u0644\u062d\u0628 \u0627\u0644\u0634\u0628\u0627\u0628 &#8211; \u064a\u0631\u0637\u0628 \u0627\u0644\u0628\u0634\u0631\u0629 \u0628\u0634\u0643\u0644 \u0645\u0643\u062b\u0641 \u0648\u064a\u0642\u0644\u0644 \u0645\u0646 \u0627\u0644\u062c\u0641\u0627\u0641 &#8211; \u064a\u0647\u062f\u0626 \u062a\u0647\u064a\u062c \u0627\u0644\u062c\u0644\u062f \u0648\u0627\u062d\u0645\u0631\u0627\u0631\u0647 \ud83c\uddec\ud83c\udde7 Eucerin DermoPure Adjunctive Soothing Cream \ud83c\uddeb\ud83c\uddf7 Cr\u00e8me Apaisante Adjuvante DermoPure [&hellip;]<\/p>\n","protected":false},"featured_media":20285,"template":"","meta":[],"pwb-brand":[439],"product_brand":[],"product_cat":[1231],"product_tag":[683],"class_list":{"0":"post-20282","1":"product","2":"type-product","3":"status-publish","4":"has-post-thumbnail","6":"pwb-brand-eucerin","7":"product_cat-daily-face-care","8":"product_tag-acne","10":"first","11":"instock","12":"shipping-taxable","13":"purchasable","14":"product-type-variable","15":"has-default-attributes","16":"wvs-archive-product-wrapper"},"brands":[{"id":439,"name":"Eucerin","slug":"eucerin"}],"_links":{"self":[{"href":"https:\/\/gopinkish.com\/fr\/wp-json\/wp\/v2\/product\/20282","targetHints":{"allow":["GET"]}}],"collection":[{"href":"https:\/\/gopinkish.com\/fr\/wp-json\/wp\/v2\/product"}],"about":[{"href":"https:\/\/gopinkish.com\/fr\/wp-json\/wp\/v2\/types\/product"}],"wp:featuredmedia":[{"embeddable":true,"href":"https:\/\/gopinkish.com\/fr\/wp-json\/wp\/v2\/media\/20285"}],"wp:attachment":[{"href":"https:\/\/gopinkish.com\/fr\/wp-json\/wp\/v2\/media?parent=20282"}],"wp:term":[{"taxonomy":"pwb-brand","embeddable":true,"href":"https:\/\/gopinkish.com\/fr\/wp-json\/wp\/v2\/pwb-brand?post=20282"},{"taxonomy":"product_brand","embeddable":true,"href":"https:\/\/gopinkish.com\/fr\/wp-json\/wp\/v2\/product_brand?post=20282"},{"taxonomy":"product_cat","embeddable":true,"href":"https:\/\/gopinkish.com\/fr\/wp-json\/wp\/v2\/product_cat?post=20282"},{"taxonomy":"product_tag","embeddable":true,"href":"https:\/\/gopinkish.com\/fr\/wp-json\/wp\/v2\/product_tag?post=20282"}],"curies":[{"name":"wp","href":"https:\/\/api.w.org\/{rel}","templated":true}]}}