{"id":20264,"date":"2024-11-27T00:26:46","date_gmt":"2024-11-26T23:26:46","guid":{"rendered":"https:\/\/gopinkish.com\/?post_type=product&#038;p=20264"},"modified":"2025-05-30T14:25:05","modified_gmt":"2025-05-30T13:25:05","slug":"4005800294327","status":"publish","type":"product","link":"https:\/\/gopinkish.com\/fr\/produit\/4005800294327\/","title":{"rendered":"S\u00e9rum DermoPure triple action pour \u00e9liminer et pr\u00e9venir l'apparition des marques d'acn\u00e9"},"content":{"rendered":"<p style=\"text-align: justify;\">Un s\u00e9rum triple action, test\u00e9 cliniquement et contenant du thiamidol brevet\u00e9, formul\u00e9 pour r\u00e9duire les marques d'acn\u00e9, minimiser les taches et contr\u00f4ler la brillance. Les premiers r\u00e9sultats sont visibles au bout de deux semaines et l'am\u00e9lioration se poursuit au fil du temps.<\/p>\n<p style=\"text-align: justify;\"><strong>Les principaux avantages :<\/strong><br \/>\n- Anti-taches : Minimise et pr\u00e9vient les marques d'acn\u00e9 persistantes.<br \/>\n- Anti-taches : R\u00e9duit efficacement les taches et emp\u00eache l'apparition de nouvelles taches.<br \/>\n- Anti-brillance : Procure un fini sec et mat de longue dur\u00e9e.<br \/>\n- \u00c9limine compl\u00e8tement les signes de l'acn\u00e9.<\/p>","protected":false},"excerpt":{"rendered":"<p>\u0645\u0635\u0644 \u062b\u0644\u0627\u062b\u064a \u0627\u0644\u062a\u0623\u062b\u064a\u0631 \u062a\u0645 \u0627\u062e\u062a\u0628\u0627\u0631\u0647 \u0639\u064a\u0627\u062f\u064a\u0627\u064b \u0645\u0639 \u0627\u0644\u062b\u064a\u0627\u0645\u064a\u062f\u0648\u0644 \u0627\u0644\u062d\u0627\u0635\u0644 \u0639\u0644\u0649 \u0628\u0631\u0627\u0621\u0629 \u0627\u062e\u062a\u0631\u0627\u0639 \u0648\u0627\u0644\u0630\u064a \u062a\u0645 \u062a\u0631\u0643\u064a\u0628\u0647 \u0644\u062a\u0642\u0644\u064a\u0644 \u0639\u0644\u0627\u0645\u0627\u062a \u062d\u0628 \u0627\u0644\u0634\u0628\u0627\u0628\u060c \u0648\u062a\u0642\u0644\u064a\u0644 \u0627\u0644\u0628\u0642\u0639\u060c \u0648\u0627\u0644\u062a\u062d\u0643\u0645 \u0641\u064a \u0627\u0644\u0644\u0645\u0639\u0627\u0646. \u062a\u0638\u0647\u0631 \u0627\u0644\u0646\u062a\u0627\u0626\u062c \u0627\u0644\u0623\u0648\u0644\u0649 \u0641\u064a \u063a\u0636\u0648\u0646 \u0623\u0633\u0628\u0648\u0639\u064a\u0646 \u0648\u062a\u062d\u0633\u0646 \u0645\u0633\u062a\u0645\u0631 \u0628\u0645\u0631\u0648\u0631 \u0627\u0644\u0648\u0642\u062a. \u0627\u0644\u0641\u0648\u0627\u0626\u062f \u0627\u0644\u0631\u0626\u064a\u0633\u064a\u0629: &#8211; \u0645\u0636\u0627\u062f \u0644\u0644\u0639\u0644\u0627\u0645\u0627\u062a: \u064a\u0642\u0644\u0644 \u0645\u0646 \u0639\u0644\u0627\u0645\u0627\u062a \u062d\u0628 \u0627\u0644\u0634\u0628\u0627\u0628 \u0627\u0644\u0645\u0633\u062a\u0645\u0631\u0629 \u0648\u064a\u0645\u0646\u0639 \u0638\u0647\u0648\u0631\u0647\u0627. &#8211; \u0645\u0636\u0627\u062f \u0644\u0644\u0628\u0642\u0639: \u064a\u0642\u0644\u0644 \u0645\u0646 \u0627\u0644\u0628\u0642\u0639 \u0628\u0634\u0643\u0644 \u0641\u0639\u0627\u0644 [&hellip;]<\/p>\n","protected":false},"featured_media":20265,"template":"","meta":[],"pwb-brand":[439],"product_brand":[],"product_cat":[1231,1227],"product_tag":[675,683],"class_list":{"0":"post-20264","1":"product","2":"type-product","3":"status-publish","4":"has-post-thumbnail","6":"pwb-brand-eucerin","7":"product_cat-daily-face-care","8":"product_cat-face-renew","9":"product_tag-spots","10":"product_tag-acne","12":"first","13":"outofstock","14":"shipping-taxable","15":"product-type-variable","16":"has-default-attributes","17":"wvs-archive-product-wrapper"},"brands":[{"id":439,"name":"Eucerin","slug":"eucerin"}],"_links":{"self":[{"href":"https:\/\/gopinkish.com\/fr\/wp-json\/wp\/v2\/product\/20264","targetHints":{"allow":["GET"]}}],"collection":[{"href":"https:\/\/gopinkish.com\/fr\/wp-json\/wp\/v2\/product"}],"about":[{"href":"https:\/\/gopinkish.com\/fr\/wp-json\/wp\/v2\/types\/product"}],"wp:featuredmedia":[{"embeddable":true,"href":"https:\/\/gopinkish.com\/fr\/wp-json\/wp\/v2\/media\/20265"}],"wp:attachment":[{"href":"https:\/\/gopinkish.com\/fr\/wp-json\/wp\/v2\/media?parent=20264"}],"wp:term":[{"taxonomy":"pwb-brand","embeddable":true,"href":"https:\/\/gopinkish.com\/fr\/wp-json\/wp\/v2\/pwb-brand?post=20264"},{"taxonomy":"product_brand","embeddable":true,"href":"https:\/\/gopinkish.com\/fr\/wp-json\/wp\/v2\/product_brand?post=20264"},{"taxonomy":"product_cat","embeddable":true,"href":"https:\/\/gopinkish.com\/fr\/wp-json\/wp\/v2\/product_cat?post=20264"},{"taxonomy":"product_tag","embeddable":true,"href":"https:\/\/gopinkish.com\/fr\/wp-json\/wp\/v2\/product_tag?post=20264"}],"curies":[{"name":"wp","href":"https:\/\/api.w.org\/{rel}","templated":true}]}}