{"id":20230,"date":"2024-11-26T23:20:36","date_gmt":"2024-11-26T22:20:36","guid":{"rendered":"https:\/\/gopinkish.com\/?post_type=product&#038;p=20230"},"modified":"2025-01-30T09:43:42","modified_gmt":"2025-01-30T08:43:42","slug":"4005800220869","status":"publish","type":"product","link":"https:\/\/gopinkish.com\/fr\/produit\/4005800220869\/","title":{"rendered":"Cr\u00e8me de nuit au thiamidol pour \u00e9liminer la pigmentation et les taches sombres et pr\u00e9venir leur r\u00e9apparition"},"content":{"rendered":"<p style=\"text-align: justify;\">\u0643\u0631\u064a\u0645 \u0644\u064a\u0644\u064a \u0645\u062c\u062f\u062f \u0644\u0644\u0628\u0634\u0631\u0629 \u0627\u0644\u0645\u062a\u062c\u0627\u0646\u0633\u0629 \u0648\u0627\u0644\u0645\u0634\u0631\u0642\u0629.<\/p>\n<p style=\"text-align: justify;\"><strong>Principaux avantages<\/strong><br \/>\n&#8211; \u0643\u0631\u064a\u0645 \u0627\u0644\u062b\u064a\u0627\u0645\u064a\u062f\u0648\u0644 \u0627\u0644\u0644\u064a\u0644\u064a<br \/>\n&#8211; \u064a\u0642\u0644\u0644 \u0628\u0634\u0643\u0644 \u0641\u0639\u0627\u0644 \u0645\u0646 \u0627\u0644\u0628\u0642\u0639 \u0627\u0644\u062f\u0627\u0643\u0646\u0629 \u0648\u064a\u0645\u0646\u0639 \u0638\u0647\u0648\u0631\u0647\u0627 \u0645\u0631\u0629 \u0623\u062e\u0631\u0649<br \/>\n&#8211; \u064a\u062f\u0639\u0645 \u062a\u062c\u062f\u064a\u062f \u062e\u0644\u0627\u064a\u0627 \u0627\u0644\u062c\u0644\u062f \u0623\u062b\u0646\u0627\u0621 \u0627\u0644\u0644\u064a\u0644<\/p>\n<p style=\"text-align: justify;\">\u0627\u0644\u0645\u064a\u0644\u0627\u0646\u064a\u0646 \u0647\u0648 \u0635\u0628\u063a\u0629 \u0637\u0628\u064a\u0639\u064a\u0629 \u062a\u0639\u0637\u064a \u0627\u0644\u0628\u0634\u0631\u0629 \u0644\u0648\u0646\u0647\u0627. \u0627\u0644\u062a\u0639\u0631\u0636 \u0644\u0623\u0634\u0639\u0629 \u0627\u0644\u0634\u0645\u0633 \u0648\u0627\u0644\u062a\u0623\u062b\u064a\u0631\u0627\u062a \u0627\u0644\u0647\u0631\u0645\u0648\u0646\u064a\u0629 \u0648\u0627\u0644\u0634\u064a\u062e\u0648\u062e\u0629 \u064a\u0645\u0643\u0646 \u0623\u0646 \u064a\u0624\u062f\u064a \u0625\u0644\u0649 \u0632\u064a\u0627\u062f\u0629 \u0625\u0646\u062a\u0627\u062c \u0627\u0644\u0645\u064a\u0644\u0627\u0646\u064a\u0646 \u0648\u062a\u062d\u0641\u064a\u0632 \u0641\u0631\u0637 \u0627\u0644\u062a\u0635\u0628\u063a. \u064a\u0638\u0647\u0631 \u0641\u0631\u0637 \u0627\u0644\u062a\u0635\u0628\u063a \u0639\u0644\u0649 \u0634\u0643\u0644 \u0628\u0642\u0639 \u062f\u0627\u0643\u0646\u0629 \u0648\u0628\u0642\u0639 \u0627\u0644\u0634\u064a\u062e\u0648\u062e\u0629 (\u0627\u0644\u0645\u0639\u0631\u0648\u0641\u0629 \u0623\u064a\u0636\u064b\u0627 \u0628\u0627\u0633\u0645 \u0628\u0642\u0639 \u0627\u0644\u0634\u0645\u0633) \u0627\u0644\u062a\u064a \u062a\u0639\u0637\u064a \u0627\u0644\u0628\u0634\u0631\u0629 \u0645\u0638\u0647\u0631\u064b\u0627 \u063a\u064a\u0631 \u0645\u062a\u0633\u0627\u0648\u064d.<\/p>\n<p style=\"text-align: justify;\">\u064a\u062d\u062a\u0648\u064a \u0643\u0631\u064a\u0645 \u0627\u0644\u0644\u064a\u0644 Eucerin ANTI-PIGMENT \u0639\u0644\u0649 Thiamidol\u060c \u0648\u0647\u0648 \u0645\u0643\u0648\u0646 \u0641\u0639\u0627\u0644 \u0648\u062d\u0627\u0635\u0644 \u0639\u0644\u0649 \u0628\u0631\u0627\u0621\u0629 \u0627\u062e\u062a\u0631\u0627\u0639 \u064a\u0639\u0645\u0644 \u0639\u0644\u0649 \u062c\u0630\u0631 \u0641\u0631\u0637 \u0627\u0644\u062a\u0635\u0628\u063a \u0639\u0646 \u0637\u0631\u064a\u0642 \u062a\u0642\u0644\u064a\u0644 \u0625\u0646\u062a\u0627\u062c \u0627\u0644\u0645\u064a\u0644\u0627\u0646\u064a\u0646. \u062b\u0628\u062a \u0633\u0631\u064a\u0631\u064a\u064b\u0627 \u0648\u062c\u0644\u062f\u064a\u064b\u0627 \u0623\u0646\u0647 \u064a\u0642\u0644\u0644 \u0645\u0646 \u0627\u0644\u0628\u0642\u0639 \u0627\u0644\u062f\u0627\u0643\u0646\u0629 \u0648\u064a\u0645\u0646\u0639 \u0638\u0647\u0648\u0631\u0647\u0627 \u0645\u0631\u0629 \u0623\u062e\u0631\u0649. \u062a\u0638\u0647\u0631 \u0627\u0644\u0646\u062a\u0627\u0626\u062c \u0627\u0644\u0623\u0648\u0644\u0649 \u0628\u0639\u062f \u0623\u0633\u0628\u0648\u0639\u064a\u0646* \u0648\u062a\u062a\u062d\u0633\u0646 \u0628\u0627\u0633\u062a\u0645\u0631\u0627\u0631 \u0645\u0639 \u0627\u0644\u0627\u0633\u062a\u062e\u062f\u0627\u0645 \u0627\u0644\u0645\u0646\u062a\u0638\u0645.<\/p>\n<p style=\"text-align: justify;\">\u064a\u062d\u062a\u0648\u064a \u0643\u0631\u064a\u0645 \u0627\u0644\u0644\u064a\u0644 \u0623\u064a\u0636\u064b\u0627 \u0639\u0644\u0649 Dexpanthenol\u060c \u0648\u0647\u0648 \u0645\u0643\u0648\u0646 \u0646\u0634\u0637 \u0645\u0639\u0631\u0648\u0641 \u0628\u062f\u0639\u0645 \u062a\u062c\u062f\u064a\u062f \u0627\u0644\u0628\u0634\u0631\u0629 \u0628\u064a\u0646 \u0639\u0634\u064a\u0629 \u0648\u0636\u062d\u0627\u0647\u0627. \u062a\u0628\u062f\u0648 \u0627\u0644\u0628\u0634\u0631\u0629 \u0645\u062a\u0633\u0627\u0648\u064a\u0629 \u0648\u0645\u0634\u0631\u0642\u0629 \u0648\u0645\u062a\u0648\u0647\u062c\u0629.<\/p>","protected":false},"excerpt":{"rendered":"<p>\u0643\u0631\u064a\u0645 \u0644\u064a\u0644\u064a \u0645\u062c\u062f\u062f \u0644\u0644\u0628\u0634\u0631\u0629 \u0627\u0644\u0645\u062a\u062c\u0627\u0646\u0633\u0629 \u0648\u0627\u0644\u0645\u0634\u0631\u0642\u0629. \u0627\u0644\u0641\u0648\u0627\u0626\u062f \u0627\u0644\u0631\u0626\u064a\u0633\u064a\u0629 &#8211; \u0643\u0631\u064a\u0645 \u0627\u0644\u062b\u064a\u0627\u0645\u064a\u062f\u0648\u0644 \u0627\u0644\u0644\u064a\u0644\u064a &#8211; \u064a\u0642\u0644\u0644 \u0628\u0634\u0643\u0644 \u0641\u0639\u0627\u0644 \u0645\u0646 \u0627\u0644\u0628\u0642\u0639 \u0627\u0644\u062f\u0627\u0643\u0646\u0629 \u0648\u064a\u0645\u0646\u0639 \u0638\u0647\u0648\u0631\u0647\u0627 \u0645\u0631\u0629 \u0623\u062e\u0631\u0649 &#8211; \u064a\u062f\u0639\u0645 \u062a\u062c\u062f\u064a\u062f \u062e\u0644\u0627\u064a\u0627 \u0627\u0644\u062c\u0644\u062f \u0623\u062b\u0646\u0627\u0621 \u0627\u0644\u0644\u064a\u0644 \u0627\u0644\u0645\u064a\u0644\u0627\u0646\u064a\u0646 \u0647\u0648 \u0635\u0628\u063a\u0629 \u0637\u0628\u064a\u0639\u064a\u0629 \u062a\u0639\u0637\u064a \u0627\u0644\u0628\u0634\u0631\u0629 \u0644\u0648\u0646\u0647\u0627. \u0627\u0644\u062a\u0639\u0631\u0636 \u0644\u0623\u0634\u0639\u0629 \u0627\u0644\u0634\u0645\u0633 \u0648\u0627\u0644\u062a\u0623\u062b\u064a\u0631\u0627\u062a \u0627\u0644\u0647\u0631\u0645\u0648\u0646\u064a\u0629 \u0648\u0627\u0644\u0634\u064a\u062e\u0648\u062e\u0629 \u064a\u0645\u0643\u0646 \u0623\u0646 \u064a\u0624\u062f\u064a \u0625\u0644\u0649 \u0632\u064a\u0627\u062f\u0629 \u0625\u0646\u062a\u0627\u062c \u0627\u0644\u0645\u064a\u0644\u0627\u0646\u064a\u0646 \u0648\u062a\u062d\u0641\u064a\u0632 \u0641\u0631\u0637 \u0627\u0644\u062a\u0635\u0628\u063a. \u064a\u0638\u0647\u0631 \u0641\u0631\u0637 [&hellip;]<\/p>\n","protected":false},"featured_media":20232,"template":"","meta":[],"pwb-brand":[439],"product_brand":[],"product_cat":[1227,1123],"product_tag":[675,671],"class_list":{"0":"post-20230","1":"product","2":"type-product","3":"status-publish","4":"has-post-thumbnail","6":"pwb-brand-eucerin","7":"product_cat-face-renew","8":"product_cat-face-bright","9":"product_tag-spots","10":"product_tag-pigmentation","12":"first","13":"outofstock","14":"shipping-taxable","15":"product-type-variable","16":"has-default-attributes","17":"wvs-archive-product-wrapper"},"brands":[{"id":439,"name":"Eucerin","slug":"eucerin"}],"_links":{"self":[{"href":"https:\/\/gopinkish.com\/fr\/wp-json\/wp\/v2\/product\/20230","targetHints":{"allow":["GET"]}}],"collection":[{"href":"https:\/\/gopinkish.com\/fr\/wp-json\/wp\/v2\/product"}],"about":[{"href":"https:\/\/gopinkish.com\/fr\/wp-json\/wp\/v2\/types\/product"}],"wp:featuredmedia":[{"embeddable":true,"href":"https:\/\/gopinkish.com\/fr\/wp-json\/wp\/v2\/media\/20232"}],"wp:attachment":[{"href":"https:\/\/gopinkish.com\/fr\/wp-json\/wp\/v2\/media?parent=20230"}],"wp:term":[{"taxonomy":"pwb-brand","embeddable":true,"href":"https:\/\/gopinkish.com\/fr\/wp-json\/wp\/v2\/pwb-brand?post=20230"},{"taxonomy":"product_brand","embeddable":true,"href":"https:\/\/gopinkish.com\/fr\/wp-json\/wp\/v2\/product_brand?post=20230"},{"taxonomy":"product_cat","embeddable":true,"href":"https:\/\/gopinkish.com\/fr\/wp-json\/wp\/v2\/product_cat?post=20230"},{"taxonomy":"product_tag","embeddable":true,"href":"https:\/\/gopinkish.com\/fr\/wp-json\/wp\/v2\/product_tag?post=20230"}],"curies":[{"name":"wp","href":"https:\/\/api.w.org\/{rel}","templated":true}]}}