{"id":20080,"date":"2024-11-20T00:12:31","date_gmt":"2024-11-19T23:12:31","guid":{"rendered":"https:\/\/gopinkish.com\/?post_type=product&#038;p=20080"},"modified":"2026-01-04T13:58:20","modified_gmt":"2026-01-04T12:58:20","slug":"8809576261110","status":"publish","type":"product","link":"https:\/\/gopinkish.com\/fr\/produit\/8809576261110\/","title":{"rendered":"L'huile de centella pour un nettoyage l\u00e9ger et la pr\u00e9vention"},"content":{"rendered":"<p style=\"text-align: justify;\">\u062a\u0630\u064a\u0628 \u0639\u0634\u0628\u0629 \u0633\u0646\u062a\u064a\u0644\u0627 \u0648\u0633\u062a\u0629 \u0632\u064a\u0648\u062a \u0645\u0634\u062a\u0642\u0629 \u0645\u0646 \u0627\u0644\u0646\u0628\u0627\u062a\u0627\u062a \u0644\u0625\u0632\u0627\u0644\u0629 \u0627\u0644\u0645\u0643\u064a\u0627\u062c\u060c \u0627\u0644\u0648\u0642\u0627\u064a\u0629 \u0645\u0646 \u0627\u0644\u0634\u0645\u0633 \u0648 \u0625\u0632\u0627\u0644\u0629 \u0627\u0644\u062f\u0647\u0648\u0646 \u0627\u0644\u0632\u0627\u0626\u062f\u0629 \u0639\u0644\u0649 \u0627\u0644\u0628\u0634\u0631\u0629 \u0628\u0644\u0637\u0641\u060c \u0645\u0645\u0627 \u064a\u062a\u0631\u0643 \u0644\u0645\u0633\u0629 \u0646\u0647\u0627\u0626\u064a\u0629 \u0645\u0646\u0639\u0634\u0629 \u0648\u062e\u0627\u0644\u064a\u0629 \u0645\u0646 \u0627\u0644\u0632\u064a\u0648\u062a.<\/p>\n<p style=\"text-align: justify;\"><strong>Avantages du produit : <\/strong>\u0645\u0647\u062f\u0626 \u0648\u0645\u0631\u0637\u0628 \u0648\u0645\u0642\u0634\u0631 \u062e\u0641\u064a\u0641<\/p>\n<p style=\"text-align: justify;\"><strong>Type de peau : <\/strong>\u0639\u0627\u062f\u064a\u0629 \u0648\u062c\u0627\u0641\u0629 \u0648\u062d\u0633\u0627\u0633\u0629<\/p>\n<p style=\"text-align: justify;\"><strong>Les principaux ingr\u00e9dients : <\/strong>\u0645\u0633\u062a\u062e\u0644\u0635 \u0639\u0634\u0628\u0629 \u0633\u0646\u062a\u064a\u0644\u0627 \u0627\u0644\u0622\u0633\u064a\u0648\u064a\u0629\u060c \u0632\u064a\u062a \u062b\u0645\u0627\u0631 \u0627\u0644\u0628\u0631\u063a\u0645\u0648\u062a\u060c \u0632\u064a\u062a \u0628\u0630\u0648\u0631 \u0639\u0628\u0627\u062f \u0627\u0644\u0634\u0645\u0633\u060c \u0632\u064a\u062a \u062b\u0645\u0627\u0631 \u0627\u0644\u0632\u064a\u062a\u0648\u0646\u060c \u0632\u064a\u062a \u0628\u0630\u0648\u0631 \u0627\u0644\u062c\u0648\u062c\u0648\u0628\u0627<\/p>\n<p dir=\"ltr\" style=\"text-align: center;\">\ud83c\uddec\ud83c\udde7 SKIN1004 Madagascar Centella Light Cleansing Oil<br \/>\n\ud83c\uddeb\ud83c\uddf7 Huile D\u00e9maquillante L\u00e9g\u00e8re Centella Madagascar SKIN1004<\/p>","protected":false},"excerpt":{"rendered":"<p>\u062a\u0630\u064a\u0628 \u0639\u0634\u0628\u0629 \u0633\u0646\u062a\u064a\u0644\u0627 \u0648\u0633\u062a\u0629 \u0632\u064a\u0648\u062a \u0645\u0634\u062a\u0642\u0629 \u0645\u0646 \u0627\u0644\u0646\u0628\u0627\u062a\u0627\u062a \u0644\u0625\u0632\u0627\u0644\u0629 \u0627\u0644\u0645\u0643\u064a\u0627\u062c\u060c \u0627\u0644\u0648\u0642\u0627\u064a\u0629 \u0645\u0646 \u0627\u0644\u0634\u0645\u0633 \u0648 \u0625\u0632\u0627\u0644\u0629 \u0627\u0644\u062f\u0647\u0648\u0646 \u0627\u0644\u0632\u0627\u0626\u062f\u0629 \u0639\u0644\u0649 \u0627\u0644\u0628\u0634\u0631\u0629 \u0628\u0644\u0637\u0641\u060c \u0645\u0645\u0627 \u064a\u062a\u0631\u0643 \u0644\u0645\u0633\u0629 \u0646\u0647\u0627\u0626\u064a\u0629 \u0645\u0646\u0639\u0634\u0629 \u0648\u062e\u0627\u0644\u064a\u0629 \u0645\u0646 \u0627\u0644\u0632\u064a\u0648\u062a. \u0641\u0648\u0627\u0626\u062f \u0627\u0644\u0645\u0646\u062a\u062c: \u0645\u0647\u062f\u0626 \u0648\u0645\u0631\u0637\u0628 \u0648\u0645\u0642\u0634\u0631 \u062e\u0641\u064a\u0641 \u0646\u0648\u0639 \u0627\u0644\u0628\u0634\u0631\u0629: \u0639\u0627\u062f\u064a\u0629 \u0648\u062c\u0627\u0641\u0629 \u0648\u062d\u0633\u0627\u0633\u0629 \u0627\u0644\u0645\u0643\u0648\u0646\u0627\u062a \u0627\u0644\u0631\u0626\u064a\u0633\u064a\u0629: \u0645\u0633\u062a\u062e\u0644\u0635 \u0639\u0634\u0628\u0629 \u0633\u0646\u062a\u064a\u0644\u0627 \u0627\u0644\u0622\u0633\u064a\u0648\u064a\u0629\u060c \u0632\u064a\u062a \u062b\u0645\u0627\u0631 \u0627\u0644\u0628\u0631\u063a\u0645\u0648\u062a\u060c \u0632\u064a\u062a \u0628\u0630\u0648\u0631 \u0639\u0628\u0627\u062f \u0627\u0644\u0634\u0645\u0633\u060c \u0632\u064a\u062a \u062b\u0645\u0627\u0631 \u0627\u0644\u0632\u064a\u062a\u0648\u0646\u060c [&hellip;]<\/p>\n","protected":false},"featured_media":20086,"template":"","meta":[],"pwb-brand":[1045],"product_brand":[],"product_cat":[1231,1121,1120,1119,1205],"product_tag":[697,763],"class_list":{"0":"post-20080","1":"product","2":"type-product","3":"status-publish","4":"has-post-thumbnail","6":"pwb-brand-skin1004","7":"product_cat-daily-face-care","8":"product_cat-face-moist","9":"product_cat-face-exfo","10":"product_cat-face-wash","11":"product_cat-makeup-removers","12":"product_tag-moisturizing","13":"product_tag-763","15":"first","16":"outofstock","17":"shipping-taxable","18":"product-type-variable","19":"has-default-attributes","20":"wvs-archive-product-wrapper"},"brands":[{"id":1045,"name":"SKIN1004","slug":"peau1004"}],"_links":{"self":[{"href":"https:\/\/gopinkish.com\/fr\/wp-json\/wp\/v2\/product\/20080","targetHints":{"allow":["GET"]}}],"collection":[{"href":"https:\/\/gopinkish.com\/fr\/wp-json\/wp\/v2\/product"}],"about":[{"href":"https:\/\/gopinkish.com\/fr\/wp-json\/wp\/v2\/types\/product"}],"wp:featuredmedia":[{"embeddable":true,"href":"https:\/\/gopinkish.com\/fr\/wp-json\/wp\/v2\/media\/20086"}],"wp:attachment":[{"href":"https:\/\/gopinkish.com\/fr\/wp-json\/wp\/v2\/media?parent=20080"}],"wp:term":[{"taxonomy":"pwb-brand","embeddable":true,"href":"https:\/\/gopinkish.com\/fr\/wp-json\/wp\/v2\/pwb-brand?post=20080"},{"taxonomy":"product_brand","embeddable":true,"href":"https:\/\/gopinkish.com\/fr\/wp-json\/wp\/v2\/product_brand?post=20080"},{"taxonomy":"product_cat","embeddable":true,"href":"https:\/\/gopinkish.com\/fr\/wp-json\/wp\/v2\/product_cat?post=20080"},{"taxonomy":"product_tag","embeddable":true,"href":"https:\/\/gopinkish.com\/fr\/wp-json\/wp\/v2\/product_tag?post=20080"}],"curies":[{"name":"wp","href":"https:\/\/api.w.org\/{rel}","templated":true}]}}