{"id":20053,"date":"2026-02-15T22:44:37","date_gmt":"2026-02-15T21:44:37","guid":{"rendered":"https:\/\/gopinkish.com\/?post_type=product&#038;p=20053"},"modified":"2026-03-25T10:59:40","modified_gmt":"2026-03-25T09:59:40","slug":"8809640734526","status":"publish","type":"product","link":"https:\/\/gopinkish.com\/fr\/produit\/8809640734526\/","title":{"rendered":"S\u00e9rum Niacinamide 10% Tranexamique 4% Arbutine 2%"},"content":{"rendered":"<p style=\"text-align: justify;\">Un s\u00e9rum contenant 10% de Niacinamide, 4% d'Acide Tranexamique et 2% d'Arbutine, un puissant trio d'ingr\u00e9dients qui cible la peau terne et les pores dilat\u00e9s.<\/p>\n<p style=\"text-align: justify;\">Un s\u00e9rum doux et efficace pour un usage quotidien. Enrichi en c\u00e9ramides et en acide hyaluronique pour prot\u00e9ger la barri\u00e8re cutan\u00e9e endommag\u00e9e, apaiser et hydrater la peau. Suffisamment doux pour \u00eatre utilis\u00e9 quotidiennement, matin et soir.<\/p>\n<p style=\"text-align: justify;\">Une texture l\u00e9g\u00e8re et une couleur rose naturelle : Une texture l\u00e9g\u00e8re, aqueuse et non grasse qui s'absorbe facilement et constitue le compl\u00e9ment id\u00e9al de votre r\u00e9gime de soins de la peau.<\/p>\n<p style=\"text-align: justify;\"><strong>Type de peau : <\/strong>Tous les types de peau, en particulier les peaux acn\u00e9iques et sensibles.<\/p>\n<p>&nbsp;<\/p>\n<p dir=\"ltr\" style=\"text-align: center;\">Anua Niacinamide 10% +TXA 4%<\/p>\n<p style=\"text-align: justify;\">","protected":false},"excerpt":{"rendered":"<p>\u0645\u0635\u0644 \u064a\u062d\u062a\u0648\u064a \u0639\u0644\u0649 10% \u0645\u0646 \u0627\u0644\u0646\u064a\u0627\u0633\u064a\u0646\u0627\u0645\u064a\u062f \u06484% \u0645\u0646 \u062d\u0645\u0636 \u0627\u0644\u062a\u0631\u0627\u0646\u064a\u0643\u0633\u0627\u0645\u064a\u0643 \u06482% \u0645\u0646 \u0627\u0644\u0623\u0631\u0628\u0648\u062a\u064a\u0646\u060c \u0648\u0647\u0648 \u062b\u0644\u0627\u062b\u064a \u0642\u0648\u064a \u0645\u0646 \u0627\u0644\u0645\u0643\u0648\u0646\u0627\u062a \u064a\u0633\u062a\u0647\u062f\u0641 \u0627\u0644\u0628\u0634\u0631\u0629 \u0627\u0644\u0628\u0627\u0647\u062a\u0629 \u0648\u0627\u0644\u0645\u0633\u0627\u0645 \u0627\u0644\u0648\u0627\u0633\u0639. \u0645\u0635\u0644 \u0644\u0637\u064a\u0641 \u0648\u0641\u0639\u0627\u0644 \u0644\u0644\u0627\u0633\u062a\u062e\u062f\u0627\u0645 \u0627\u0644\u064a\u0648\u0645\u064a. \u063a\u0646\u064a \u0628\u0627\u0644\u0633\u064a\u0631\u0627\u0645\u064a\u062f \u0648\u062d\u0645\u0636 \u0627\u0644\u0647\u064a\u0627\u0644\u0648\u0631\u0648\u0646\u064a\u0643 \u0644\u062d\u0645\u0627\u064a\u0629 \u062d\u0627\u062c\u0632 \u0627\u0644\u062c\u0644\u062f \u0627\u0644\u062a\u0627\u0644\u0641 \u0648\u062a\u0647\u062f\u0626\u0629 \u0627\u0644\u0628\u0634\u0631\u0629 \u0648\u062a\u0631\u0637\u064a\u0628\u0647\u0627. \u0644\u0637\u064a\u0641 \u0628\u0645\u0627 \u064a\u0643\u0641\u064a \u0644\u0627\u0633\u062a\u062e\u062f\u0627\u0645\u0647 \u064a\u0648\u0645\u064a\u064b\u0627\u060c \u0635\u0628\u0627\u062d\u064b\u0627 \u0648\u0645\u0633\u0627\u0621\u064b. \u0642\u0648\u0627\u0645 \u062e\u0641\u064a\u0641 \u0627\u0644\u0648\u0632\u0646 \u0628\u0644\u0648\u0646 \u0648\u0631\u062f\u064a \u0637\u0628\u064a\u0639\u064a: \u0642\u0648\u0627\u0645 \u062e\u0641\u064a\u0641 \u0645\u0627\u0626\u064a [&hellip;]<\/p>\n","protected":false},"featured_media":18807,"template":"","meta":[],"pwb-brand":[1244],"product_brand":[],"product_cat":[1231,1227,1121,1230],"product_tag":[688,697,683,763],"class_list":{"0":"post-20053","1":"product","2":"type-product","3":"status-publish","4":"has-post-thumbnail","6":"pwb-brand-anua","7":"product_cat-daily-face-care","8":"product_cat-face-renew","9":"product_cat-face-moist","10":"product_cat-face-serum","11":"product_tag-sensitive","12":"product_tag-moisturizing","13":"product_tag-acne","14":"product_tag-763","16":"first","17":"instock","18":"shipping-taxable","19":"purchasable","20":"product-type-variable","21":"has-default-attributes","22":"wvs-archive-product-wrapper"},"brands":[{"id":1244,"name":"Anua","slug":"anua"}],"_links":{"self":[{"href":"https:\/\/gopinkish.com\/fr\/wp-json\/wp\/v2\/product\/20053","targetHints":{"allow":["GET"]}}],"collection":[{"href":"https:\/\/gopinkish.com\/fr\/wp-json\/wp\/v2\/product"}],"about":[{"href":"https:\/\/gopinkish.com\/fr\/wp-json\/wp\/v2\/types\/product"}],"wp:featuredmedia":[{"embeddable":true,"href":"https:\/\/gopinkish.com\/fr\/wp-json\/wp\/v2\/media\/18807"}],"wp:attachment":[{"href":"https:\/\/gopinkish.com\/fr\/wp-json\/wp\/v2\/media?parent=20053"}],"wp:term":[{"taxonomy":"pwb-brand","embeddable":true,"href":"https:\/\/gopinkish.com\/fr\/wp-json\/wp\/v2\/pwb-brand?post=20053"},{"taxonomy":"product_brand","embeddable":true,"href":"https:\/\/gopinkish.com\/fr\/wp-json\/wp\/v2\/product_brand?post=20053"},{"taxonomy":"product_cat","embeddable":true,"href":"https:\/\/gopinkish.com\/fr\/wp-json\/wp\/v2\/product_cat?post=20053"},{"taxonomy":"product_tag","embeddable":true,"href":"https:\/\/gopinkish.com\/fr\/wp-json\/wp\/v2\/product_tag?post=20053"}],"curies":[{"name":"wp","href":"https:\/\/api.w.org\/{rel}","templated":true}]}}