{"id":20016,"date":"2024-10-05T11:01:13","date_gmt":"2024-10-05T10:01:13","guid":{"rendered":"https:\/\/gopinkish.com\/?post_type=product&#038;p=20016"},"modified":"2026-01-31T11:03:47","modified_gmt":"2026-01-31T10:03:47","slug":"5410373124008","status":"publish","type":"product","link":"https:\/\/gopinkish.com\/fr\/produit\/5410373124008\/","title":{"rendered":"Dentifrice anti-cavit\u00e9 au fluor et au calcium"},"content":{"rendered":"<p style=\"text-align: justify;\">Certains aliments et boissons auxquels on ne s'attend pas contiennent du sucre et peuvent provoquer des caries. La formule efficace du dentifrice Signal Caries Protection, qui contient du fluor actif et du microcalcium, aide \u00e0 r\u00e9parer les signes invisibles de la carie, m\u00eame s'ils proviennent d'acides sucr\u00e9s cach\u00e9s, longtemps apr\u00e8s le brossage.<\/p>\n<p style=\"text-align: justify;\">Le dentifrice Signal Caries Protection contient une combinaison de fluorure de sodium et de monofluorophosphate de sodium (1450 ppm de fluorure total) qui contribue \u00e0 assurer une protection durable contre les caries, m\u00eame entre deux brossages.<\/p>\n<p style=\"text-align: justify;\">Nos conseils Signal pour une bonne hygi\u00e8ne bucco-dentaire : Brossez-vous les dents apr\u00e8s chaque repas, changez votre brosse \u00e0 dents Signal tous les deux ou trois mois et consultez votre dentiste au moins deux fois par an. Chez Signal, nous pensons que votre sourire est l'expression de votre personnalit\u00e9 et de votre confiance en vous.<\/p>\n<p style=\"text-align: justify;\">Notre mission : Optimiser la sant\u00e9 bucco-dentaire de tous, pour que chacun d'entre nous puisse lib\u00e9rer la puissance de son sourire. Leader sur le march\u00e9 fran\u00e7ais de l'hygi\u00e8ne bucco-dentaire, Signal accompagne les Fran\u00e7ais depuis 1961 pour leur apprendre les bons gestes, d\u00e8s le plus jeune \u00e2ge. En 1977, elle a \u00e9t\u00e9 la premi\u00e8re marque \u00e0 commercialiser un dentifrice fluor\u00e9 en grande surface. Le succ\u00e8s est tel que le dentifrice fluor\u00e9 devient le nouveau standard du march\u00e9. Plus d'un quart de si\u00e8cle plus tard, les r\u00e9sultats sont l\u00e0 : L'introduction du fluor dans les produits d'hygi\u00e8ne dentaire permet une am\u00e9lioration tr\u00e8s visible de la sant\u00e9 bucco-dentaire. Signal travaille en \u00e9troite collaboration avec de nombreux experts et est partenaire du Coll\u00e8ge national des chirurgiens-dentistes universitaires en sant\u00e9 publique.<\/p>\n<p style=\"text-align: justify;\">Le travail de Signal consiste \u00e9galement \u00e0 d\u00e9velopper des programmes scolaires dans le monde entier afin d'am\u00e9liorer les habitudes d'hygi\u00e8ne bucco-dentaire. \u00c0 ce jour, plus de 80 millions d'enfants en ont b\u00e9n\u00e9fici\u00e9. Si les progr\u00e8s sont immenses, plus de 10 millions de Fran\u00e7ais n'ont toujours pas acc\u00e8s aux soins dentaires (rapport 2018). C'est pourquoi Signal collabore depuis 2019 avec la Croix-Rouge pour pr\u00e9venir et am\u00e9liorer l'hygi\u00e8ne bucco-dentaire des personnes les plus vuln\u00e9rables. Pour prot\u00e9ger la plan\u00e8te, nous prenons des mesures pour minimiser l'impact environnemental de nos produits. En collaboration avec TerraCycle\u00ae, nous avons lanc\u00e9 un programme de recyclage gratuit pour donner une seconde vie \u00e0 vos brosses \u00e0 dents et tubes de dentifrice.<\/p>\n<p dir=\"ltr\" style=\"text-align: center;\">\ud83c\uddec\ud83c\udde7 Signal Protection Caries Toothpaste - Micro Calcium &amp; Active Fluoride<br \/>\n\ud83c\uddeb\ud83c\uddf7 Dentifrice Signal Protection Caries - Micro Calcium &amp; Fluor Actif<\/p>","protected":false},"excerpt":{"rendered":"<p>\u062a\u062d\u062a\u0648\u064a \u0628\u0639\u0636 \u0627\u0644\u0623\u0637\u0639\u0645\u0629 \u0648\u0627\u0644\u0645\u0634\u0631\u0648\u0628\u0627\u062a \u0627\u0644\u062a\u064a \u0644\u0627 \u062a\u062a\u0648\u0642\u0639 \u0648\u062c\u0648\u062f \u0627\u0644\u0633\u0643\u0631 \u0641\u064a\u0647\u0627 \u0639\u0644\u0649 \u0627\u0644\u0633\u0643\u0631 \u0648\u064a\u0645\u0643\u0646 \u0623\u0646 \u062a\u0633\u0628\u0628 \u062a\u0633\u0648\u0633 \u0627\u0644\u0623\u0633\u0646\u0627\u0646. \u062a\u0633\u0627\u0639\u062f \u062a\u0631\u0643\u064a\u0628\u0629 \u0645\u0639\u062c\u0648\u0646 \u0623\u0633\u0646\u0627\u0646 Signal Caries Protection \u0627\u0644\u0641\u0639\u0627\u0644\u0629 \u0645\u0639 \u0627\u0644\u0641\u0644\u0648\u0631\u0627\u064a\u062f \u0627\u0644\u0646\u0634\u0637 \u0648\u0627\u0644\u0643\u0627\u0644\u0633\u064a\u0648\u0645 \u0627\u0644\u062f\u0642\u064a\u0642 \u0641\u064a \u0625\u0635\u0644\u0627\u062d \u0627\u0644\u0639\u0644\u0627\u0645\u0627\u062a \u063a\u064a\u0631 \u0627\u0644\u0645\u0631\u0626\u064a\u0629 \u0644\u0644\u062a\u0633\u0648\u0633\u060c \u062d\u062a\u0649 \u0645\u0646 \u0623\u062d\u0645\u0627\u0636 \u0627\u0644\u0633\u0643\u0631 \u0627\u0644\u0645\u062e\u0641\u064a\u0629 \u0628\u0639\u062f \u0641\u062a\u0631\u0629 \u0637\u0648\u064a\u0644\u0629 \u0645\u0646 \u062a\u0646\u0638\u064a\u0641 \u0627\u0644\u0623\u0633\u0646\u0627\u0646 \u0628\u0627\u0644\u0641\u0631\u0634\u0627\u0629. \u064a\u062d\u062a\u0648\u064a \u0645\u0639\u062c\u0648\u0646 \u0623\u0633\u0646\u0627\u0646 Signal Caries Protection \u0639\u0644\u0649 [&hellip;]<\/p>\n","protected":false},"featured_media":20018,"template":"","meta":[],"pwb-brand":[719],"product_brand":[],"product_cat":[1131],"product_tag":[],"class_list":{"0":"post-20016","1":"product","2":"type-product","3":"status-publish","4":"has-post-thumbnail","6":"pwb-brand-signal","7":"product_cat-tooth-paste","9":"first","10":"instock","11":"shipping-taxable","12":"purchasable","13":"product-type-variable","14":"has-default-attributes","15":"wvs-archive-product-wrapper"},"brands":[{"id":719,"name":"Signal","slug":"signal"}],"_links":{"self":[{"href":"https:\/\/gopinkish.com\/fr\/wp-json\/wp\/v2\/product\/20016","targetHints":{"allow":["GET"]}}],"collection":[{"href":"https:\/\/gopinkish.com\/fr\/wp-json\/wp\/v2\/product"}],"about":[{"href":"https:\/\/gopinkish.com\/fr\/wp-json\/wp\/v2\/types\/product"}],"wp:featuredmedia":[{"embeddable":true,"href":"https:\/\/gopinkish.com\/fr\/wp-json\/wp\/v2\/media\/20018"}],"wp:attachment":[{"href":"https:\/\/gopinkish.com\/fr\/wp-json\/wp\/v2\/media?parent=20016"}],"wp:term":[{"taxonomy":"pwb-brand","embeddable":true,"href":"https:\/\/gopinkish.com\/fr\/wp-json\/wp\/v2\/pwb-brand?post=20016"},{"taxonomy":"product_brand","embeddable":true,"href":"https:\/\/gopinkish.com\/fr\/wp-json\/wp\/v2\/product_brand?post=20016"},{"taxonomy":"product_cat","embeddable":true,"href":"https:\/\/gopinkish.com\/fr\/wp-json\/wp\/v2\/product_cat?post=20016"},{"taxonomy":"product_tag","embeddable":true,"href":"https:\/\/gopinkish.com\/fr\/wp-json\/wp\/v2\/product_tag?post=20016"}],"curies":[{"name":"wp","href":"https:\/\/api.w.org\/{rel}","templated":true}]}}