{"id":1940,"date":"2026-04-20T06:19:55","date_gmt":"2026-04-20T05:19:55","guid":{"rendered":"https:\/\/gopinkish.com\/?post_type=product&#038;p=1940"},"modified":"2026-04-25T22:20:52","modified_gmt":"2026-04-25T21:20:52","slug":"92118","status":"publish","type":"product","link":"https:\/\/gopinkish.com\/fr\/produit\/92118\/","title":{"rendered":"Cr\u00e8me solaire pour peau sensible"},"content":{"rendered":"<p style=\"text-align: justify;\">Un \u00e9cran solaire quotidien avec SPF50+ sp\u00e9cialement formul\u00e9 pour les peaux sensibles. D\u00e9sormais enrichie du filtre exclusif MEXORYL400, La Roche-Posay SPF50+ Anthelios UVMune 400 aide \u00e0 prot\u00e9ger la peau des dommages caus\u00e9s par les rayons UVA et UVB.<\/p>\n<p style=\"text-align: justify;\">R\u00e9siste \u00e0 l'eau, \u00e0 la sueur et au sable. Cet \u00e9cran solaire hautement protecteur cr\u00e9e une couverture l\u00e9g\u00e8re sur la peau avec un fini non gras et invisible. La formule simple et hypoallerg\u00e9nique est sp\u00e9cialement con\u00e7ue pour les peaux sensibles et est id\u00e9ale pour un usage quotidien, qu'elle soit port\u00e9e seule ou sous le maquillage.<\/p>\n<p dir=\"ltr\" style=\"text-align: center;\">\ud83c\uddec\ud83c\udde7 La Roche-Posay Anthelios UVMune 400 Fluide Invisible SPF50+<br \/>\n\ud83c\uddeb\ud83c\uddf7 La Roche-Posay Anthelios UVMune 400 Fluide Invisible SPF50+<\/p>","protected":false},"excerpt":{"rendered":"<p>\u0648\u0627\u0642\u064a \u0645\u0646 \u0627\u0644\u0634\u0645\u0633 \u064a\u0648\u0645\u064a\u064b\u0627 \u0645\u0639 \u0639\u0627\u0645\u0644 \u062d\u0645\u0627\u064a\u0629 SPF50 + \u0645\u0635\u0645\u0645 \u062e\u0635\u064a\u0635\u064b\u0627 \u0644\u0623\u0646\u0648\u0627\u0639 \u0627\u0644\u0628\u0634\u0631\u0629 \u0627\u0644\u062d\u0633\u0627\u0633\u0629. \u0627\u0644\u0622\u0646 \u0645\u0639\u0632\u0632 \u0628\u0627\u0644\u0641\u0644\u062a\u0631 \u0627\u0644\u062d\u0635\u0631\u064a MEXORYL400 \u060c \u064a\u0633\u0627\u0639\u062f \u0627\u0644\u0633\u0627\u0626\u0644 \u0627\u0644\u062e\u0641\u064a Anthelios UVMune 400 \u0645\u0646 \u0644\u0627\u0631\u0648\u0634 \u0628\u0648\u0632\u064a\u0647 SPF50 + \u0639\u0644\u0649 \u062d\u0645\u0627\u064a\u0629 \u0627\u0644\u0628\u0634\u0631\u0629 \u0645\u0646 \u0627\u0644\u062a\u0644\u0641 \u0627\u0644\u0646\u0627\u062a\u062c \u0639\u0646 \u0627\u0644\u0623\u0634\u0639\u0629 \u0641\u0648\u0642 \u0627\u0644\u0628\u0646\u0641\u0633\u062c\u064a\u0629 \u0627\u0644\u0637\u0648\u064a\u0644\u0629 (\u0623) \u0648\u0627\u0644\u0623\u0634\u0639\u0629 \u0641\u0648\u0642 \u0627\u0644\u0628\u0646\u0641\u0633\u062c\u064a\u0629 \u0627\u0644\u0637\u0648\u064a\u0644\u0629 (\u0623). \u0645\u0642\u0627\u0648\u0645 \u0644\u0644\u0645\u0627\u0621 \u0648\u0627\u0644\u0639\u0631\u0642 \u0648\u0627\u0644\u0631\u0645\u0644. \u0643\u0631\u064a\u0645 \u0627\u0644\u062d\u0645\u0627\u064a\u0629 \u0645\u0646 [&hellip;]<\/p>\n","protected":false},"featured_media":2089,"template":"","meta":[],"pwb-brand":[225],"product_brand":[],"product_cat":[1144],"product_tag":[688],"class_list":{"0":"post-1940","1":"product","2":"type-product","3":"status-publish","4":"has-post-thumbnail","6":"pwb-brand-la-roche-posay","7":"product_cat-face-sunscreen","8":"product_tag-sensitive","10":"first","11":"instock","12":"shipping-taxable","13":"purchasable","14":"product-type-variable","15":"has-default-attributes","16":"wvs-archive-product-wrapper"},"brands":[{"id":225,"name":"La Roche Posay","slug":"la-roche-posay"}],"_links":{"self":[{"href":"https:\/\/gopinkish.com\/fr\/wp-json\/wp\/v2\/product\/1940","targetHints":{"allow":["GET"]}}],"collection":[{"href":"https:\/\/gopinkish.com\/fr\/wp-json\/wp\/v2\/product"}],"about":[{"href":"https:\/\/gopinkish.com\/fr\/wp-json\/wp\/v2\/types\/product"}],"wp:featuredmedia":[{"embeddable":true,"href":"https:\/\/gopinkish.com\/fr\/wp-json\/wp\/v2\/media\/2089"}],"wp:attachment":[{"href":"https:\/\/gopinkish.com\/fr\/wp-json\/wp\/v2\/media?parent=1940"}],"wp:term":[{"taxonomy":"pwb-brand","embeddable":true,"href":"https:\/\/gopinkish.com\/fr\/wp-json\/wp\/v2\/pwb-brand?post=1940"},{"taxonomy":"product_brand","embeddable":true,"href":"https:\/\/gopinkish.com\/fr\/wp-json\/wp\/v2\/product_brand?post=1940"},{"taxonomy":"product_cat","embeddable":true,"href":"https:\/\/gopinkish.com\/fr\/wp-json\/wp\/v2\/product_cat?post=1940"},{"taxonomy":"product_tag","embeddable":true,"href":"https:\/\/gopinkish.com\/fr\/wp-json\/wp\/v2\/product_tag?post=1940"}],"curies":[{"name":"wp","href":"https:\/\/api.w.org\/{rel}","templated":true}]}}