{"id":1939,"date":"2023-01-27T06:19:55","date_gmt":"2023-01-27T05:19:55","guid":{"rendered":"https:\/\/gopinkish.com\/?post_type=product&#038;p=1939"},"modified":"2026-05-13T13:02:18","modified_gmt":"2026-05-13T12:02:18","slug":"3337875797641","status":"publish","type":"product","link":"https:\/\/gopinkish.com\/fr\/produit\/3337875797641\/","title":{"rendered":"Cr\u00e8me solaire teint\u00e9e pour les peaux sensibles"},"content":{"rendered":"<p>Une cr\u00e8me solaire teint\u00e9e pour le visage destin\u00e9e aux peaux sensibles ou allergiques au soleil.<br \/>\nIl a une consistance liquide l\u00e9g\u00e8re, non collante et non grasse.<br \/>\nExtr\u00eamement r\u00e9sistant \u00e0 l'eau, \u00e0 la sueur et au sable.<br \/>\nIl contient une puissante combinaison de filtres UV et d'antioxydants.<br \/>\nInfus\u00e9 de glyc\u00e9rine pour hydrater la peau pendant 24 heures.<br \/>\nIl donne un fini transparent sans laisser la peau grasse ou blanche.<br \/>\nId\u00e9al pour tous les types de peau.<\/p>\n<p dir=\"ltr\" style=\"text-align: center;\">\ud83c\uddec\ud83c\udde7 La Roche-Posay Anthelios Shaka Fluide Teint\u00e9 SPF50+<br \/>\n\ud83c\uddeb\ud83c\uddf7 La Roche-Posay Anthelios Fluide Shaka Tiente SPF50+<\/p>","protected":false},"excerpt":{"rendered":"<p><span style=\"color: #ff0000;\"><strong>Date d'expiration du produit : novembre 2026<\/strong><\/span><\/p>","protected":false},"featured_media":14692,"template":"","meta":[],"pwb-brand":[225],"product_brand":[],"product_cat":[1225,1144],"product_tag":[688],"class_list":{"0":"post-1939","1":"product","2":"type-product","3":"status-publish","4":"has-post-thumbnail","6":"pwb-brand-la-roche-posay","7":"product_cat-sale","8":"product_cat-face-sunscreen","9":"product_tag-sensitive","11":"first","12":"instock","13":"sale","14":"shipping-taxable","15":"purchasable","16":"product-type-variable","17":"has-default-attributes","18":"wvs-archive-product-wrapper"},"brands":[{"id":225,"name":"La Roche Posay","slug":"la-roche-posay"}],"_links":{"self":[{"href":"https:\/\/gopinkish.com\/fr\/wp-json\/wp\/v2\/product\/1939","targetHints":{"allow":["GET"]}}],"collection":[{"href":"https:\/\/gopinkish.com\/fr\/wp-json\/wp\/v2\/product"}],"about":[{"href":"https:\/\/gopinkish.com\/fr\/wp-json\/wp\/v2\/types\/product"}],"wp:featuredmedia":[{"embeddable":true,"href":"https:\/\/gopinkish.com\/fr\/wp-json\/wp\/v2\/media\/14692"}],"wp:attachment":[{"href":"https:\/\/gopinkish.com\/fr\/wp-json\/wp\/v2\/media?parent=1939"}],"wp:term":[{"taxonomy":"pwb-brand","embeddable":true,"href":"https:\/\/gopinkish.com\/fr\/wp-json\/wp\/v2\/pwb-brand?post=1939"},{"taxonomy":"product_brand","embeddable":true,"href":"https:\/\/gopinkish.com\/fr\/wp-json\/wp\/v2\/product_brand?post=1939"},{"taxonomy":"product_cat","embeddable":true,"href":"https:\/\/gopinkish.com\/fr\/wp-json\/wp\/v2\/product_cat?post=1939"},{"taxonomy":"product_tag","embeddable":true,"href":"https:\/\/gopinkish.com\/fr\/wp-json\/wp\/v2\/product_tag?post=1939"}],"curies":[{"name":"wp","href":"https:\/\/api.w.org\/{rel}","templated":true}]}}