{"id":19173,"date":"2025-09-01T01:41:07","date_gmt":"2025-09-01T00:41:07","guid":{"rendered":"https:\/\/gopinkish.com\/?post_type=product&#038;p=19173"},"modified":"2025-09-03T21:43:35","modified_gmt":"2025-09-03T20:43:35","slug":"4550516475961","status":"publish","type":"product","link":"https:\/\/gopinkish.com\/fr\/produit\/4550516475961\/","title":{"rendered":"Shampooing r\u00e9g\u00e9n\u00e9rant pour cheveux secs, ab\u00eem\u00e9s, boucl\u00e9s et color\u00e9s"},"content":{"rendered":"<p style=\"text-align: justify;\">Ce shampooing revitalisant est formul\u00e9 pour prendre soin des cheveux secs, ab\u00eem\u00e9s, boucl\u00e9s et color\u00e9s. Enrichi en extrait de gel\u00e9e royale, en PCA (para-chloroamph\u00e9tamine) et en prot\u00e9ines de bl\u00e9, il hydrate et renforce les cheveux pour les rendre doux et beaux.<\/p>\n<p style=\"text-align: justify;\">La formule est enrichie en Lipidure EX pour r\u00e9parer les cheveux ab\u00eem\u00e9s tout en \u00e9liminant les huiles et les odeurs ind\u00e9sirables. Elle est propos\u00e9e dans un parfum floral rafra\u00eechissant.<\/p>\n<p dir=\"ltr\" style=\"text-align: center;\">\ud83c\uddec\ud83c\udde7 Shiseido Fino Premium Touch Revitalising Shampooing - Soin hydratant et fortifiant pour les cheveux secs, cr\u00e9pus et color\u00e9s<br \/>\n\ud83c\uddeb\ud83c\uddf7 Shampooing Revitalisant Shiseido Fino Premium Touch - Soin Hydratant &amp; Fortifiant pour Cheveux Secs, Fris\u00e9s et Color\u00e9s<\/p>","protected":false},"excerpt":{"rendered":"<p>\u062a\u0645 \u062a\u0631\u0643\u064a\u0628 \u0647\u0630\u0627 \u0627\u0644\u0634\u0627\u0645\u0628\u0648 \u0627\u0644\u0645\u062c\u062f\u062f \u0644\u0644\u0639\u0646\u0627\u064a\u0629 \u0628\u0627\u0644\u0634\u0639\u0631 \u0627\u0644\u062c\u0627\u0641 \u0648\u0627\u0644\u062a\u0627\u0644\u0641 \u0648\u0627\u0644\u0645\u064f\u062c\u0639\u064e\u0651\u062f \u0648\u0627\u0644\u0645\u064f\u0644\u0648\u064e\u0651\u0646. \u063a\u0646\u064a \u0628\u0645\u0633\u062a\u062e\u0644\u0635 \u063a\u0630\u0627\u0621 \u0645\u0644\u0643\u0627\u062a \u0627\u0644\u0646\u062d\u0644\u060c \u0648PCA (\u0628\u0627\u0631\u0627 \u0643\u0644\u0648\u0631\u0648 \u0623\u0645\u0641\u064a\u062a\u0627\u0645\u064a\u0646) \u0648\u0628\u0631\u0648\u062a\u064a\u0646 \u0627\u0644\u0642\u0645\u062d \u0644\u062a\u0631\u0637\u064a\u0628 \u0648\u062a\u0642\u0648\u064a\u0629 \u0627\u0644\u0634\u0639\u0631 \u0644\u0644\u062d\u0635\u0648\u0644 \u0639\u0644\u0649 \u0634\u0639\u0631 \u0646\u0627\u0639\u0645 \u0648\u062c\u0645\u064a\u0644. \u062a\u0645 \u062a\u0639\u0632\u064a\u0632 \u0627\u0644\u062a\u0631\u0643\u064a\u0628\u0629 \u0628\u0640 Lipidure EX \u0644\u0625\u0635\u0644\u0627\u062d \u0627\u0644\u0634\u0639\u0631 \u0627\u0644\u062a\u0627\u0644\u0641 \u0645\u0639 \u0627\u0644\u062a\u062e\u0644\u0635 \u0645\u0646 \u0627\u0644\u0632\u064a\u0648\u062a \u0648\u0627\u0644\u0631\u0627\u0626\u062d\u0629 \u063a\u064a\u0631 \u0627\u0644\u0645\u0631\u063a\u0648\u0628 \u0641\u064a\u0647\u0627. \u064a\u0623\u062a\u064a \u0628\u0631\u0627\u0626\u062d\u0629 \u0632\u0647\u0648\u0631 \u0645\u0645\u064a\u0632\u0629 \u0648 \u0645\u0646\u0639\u0634\u0629. \ud83c\uddec\ud83c\udde7 Shiseido [&hellip;]<\/p>\n","protected":false},"featured_media":19175,"template":"","meta":[],"pwb-brand":[1333],"product_brand":[],"product_cat":[1148,1157,1156],"product_tag":[1061,1035],"class_list":{"0":"post-19173","1":"product","2":"type-product","3":"status-publish","4":"has-post-thumbnail","6":"pwb-brand-fino","7":"product_cat-hair-shampoo","8":"product_cat-curly-hair-care","9":"product_cat-dyed-hair-care","10":"product_tag-1061","11":"product_tag-1035","13":"first","14":"instock","15":"shipping-taxable","16":"purchasable","17":"product-type-variable","18":"has-default-attributes","19":"wvs-archive-product-wrapper"},"brands":[{"id":1333,"name":"Shiseido Fino","slug":"fino"}],"_links":{"self":[{"href":"https:\/\/gopinkish.com\/fr\/wp-json\/wp\/v2\/product\/19173","targetHints":{"allow":["GET"]}}],"collection":[{"href":"https:\/\/gopinkish.com\/fr\/wp-json\/wp\/v2\/product"}],"about":[{"href":"https:\/\/gopinkish.com\/fr\/wp-json\/wp\/v2\/types\/product"}],"wp:featuredmedia":[{"embeddable":true,"href":"https:\/\/gopinkish.com\/fr\/wp-json\/wp\/v2\/media\/19175"}],"wp:attachment":[{"href":"https:\/\/gopinkish.com\/fr\/wp-json\/wp\/v2\/media?parent=19173"}],"wp:term":[{"taxonomy":"pwb-brand","embeddable":true,"href":"https:\/\/gopinkish.com\/fr\/wp-json\/wp\/v2\/pwb-brand?post=19173"},{"taxonomy":"product_brand","embeddable":true,"href":"https:\/\/gopinkish.com\/fr\/wp-json\/wp\/v2\/product_brand?post=19173"},{"taxonomy":"product_cat","embeddable":true,"href":"https:\/\/gopinkish.com\/fr\/wp-json\/wp\/v2\/product_cat?post=19173"},{"taxonomy":"product_tag","embeddable":true,"href":"https:\/\/gopinkish.com\/fr\/wp-json\/wp\/v2\/product_tag?post=19173"}],"curies":[{"name":"wp","href":"https:\/\/api.w.org\/{rel}","templated":true}]}}