{"id":19156,"date":"2025-10-04T01:15:00","date_gmt":"2025-10-04T00:15:00","guid":{"rendered":"https:\/\/gopinkish.com\/?post_type=product&#038;p=19156"},"modified":"2026-04-04T13:13:57","modified_gmt":"2026-04-04T12:13:57","slug":"8809652580135","status":"publish","type":"product","link":"https:\/\/gopinkish.com\/fr\/produit\/8809652580135\/","title":{"rendered":"Huile nettoyante pour l'exc\u00e8s de s\u00e9bum, les points noirs et les impuret\u00e9s"},"content":{"rendered":"<p style=\"text-align: justify;\">L'huile nettoyante Numbuzin No.1 Easy Peasy est con\u00e7ue pour \u00e9liminer facilement l'exc\u00e8s de s\u00e9bum, les points noirs et les impuret\u00e9s. Formul\u00e9e avec de l'huile de ma\u00efs 47%, qui reproduit fid\u00e8lement la structure des graisses, elle offre un nettoyage puissant et doux. Cliniquement prouv\u00e9e pour r\u00e9duire le s\u00e9bum de 26,3% et am\u00e9liorer la clart\u00e9 des pores de 94,3% en seulement deux semaines, cette formule hypoallerg\u00e9nique assure un fini l\u00e9ger et rafra\u00eechissant sans irritation. Le maquillage r\u00e9sistant \u00e0 l'eau \u00e9limine efficacement les poussi\u00e8res fines, ce qui le rend id\u00e9al pour une utilisation quotidienne sur les peaux sensibles.<\/p>\n<p style=\"text-align: justify;\"><strong>Nettoyage puissant et doux :<\/strong> S'attaque facilement \u00e0 l'exc\u00e8s de s\u00e9bum, aux points noirs et aux impuret\u00e9s, gr\u00e2ce \u00e0 l'huile de ma\u00efs 47% qui imite la structure des lipides.<\/p>\n<p style=\"text-align: justify;\"><strong>R\u00e9sultats cliniquement prouv\u00e9s :<\/strong> R\u00e9duit la graisse de 26.3% et am\u00e9liore la clart\u00e9 des pores de 94.3% en seulement deux semaines.<\/p>\n<p style=\"text-align: justify;\"><strong>Formule hypoallerg\u00e9nique :<\/strong> Il offre un fini l\u00e9ger et rafra\u00eechissant sans irritation, adapt\u00e9 aux peaux sensibles.<\/p>\n<p style=\"text-align: justify;\"><strong>D\u00e9maquille efficacement :<\/strong> Il \u00e9limine efficacement le maquillage waterproof et les poussi\u00e8res fines, ce qui le rend id\u00e9al pour un usage quotidien.<\/p>\n<p style=\"text-align: justify;\"><strong>Id\u00e9al pour les peaux sensibles :<\/strong> Con\u00e7u pour un usage quotidien sur les peaux sensibles, il offre un nettoyage puissant sans irritation.<\/p>\n<p dir=\"ltr\" style=\"text-align: center;\">\ud83c\uddec\ud83c\udde7 numbuzin No.3 Easy Peasy Cleansing Oil (huile d\u00e9maquillante facile \u00e0 utiliser)<br \/>\n\ud83c\uddeb\ud83c\uddf7 Huile D\u00e9maquillante Facile No.3 numbuzin<\/p>","protected":false},"excerpt":{"rendered":"<p>\u062a\u0645 \u062a\u0635\u0645\u064a\u0645 \u0632\u064a\u062a \u0627\u0644\u062a\u0646\u0638\u064a\u0641 Numbuzin No.1 Easy Peasy \u0644\u0644\u062a\u0639\u0627\u0645\u0644 \u0645\u0639 \u0627\u0644\u062f\u0647\u0648\u0646 \u0627\u0644\u0632\u0627\u0626\u062f\u0629 \u0648\u0627\u0644\u0631\u0624\u0648\u0633 \u0627\u0644\u0633\u0648\u062f\u0627\u0621 \u0648\u0627\u0644\u0634\u0648\u0627\u0626\u0628 \u0628\u0633\u0647\u0648\u0644\u0629. \u062a\u0645 \u062a\u0631\u0643\u064a\u0628\u0647 \u0628\u0632\u064a\u062a \u0627\u0644\u0630\u0631\u0629 \u0628\u0646\u0633\u0628\u0629 47%\u060c \u0648\u0627\u0644\u0630\u064a \u064a\u062d\u0627\u0643\u064a \u0639\u0646 \u0643\u062b\u0628 \u0628\u0646\u064a\u0629 \u0627\u0644\u062f\u0647\u0648\u0646\u060c \u0648\u064a\u0648\u0641\u0631 \u062a\u0646\u0638\u064a\u0641\u064b\u0627 \u0642\u0648\u064a\u064b\u0627 \u0648\u0644\u0637\u064a\u0641\u064b\u0627. \u062b\u0628\u062a \u0633\u0631\u064a\u0631\u064a\u064b\u0627 \u0623\u0646\u0647 \u064a\u0642\u0644\u0644 \u0645\u0646 \u0627\u0644\u062f\u0647\u0648\u0646 \u0628\u0646\u0633\u0628\u0629 26.3% \u0648\u064a\u062d\u0633\u0646 \u0646\u0638\u0627\u0641\u0629 \u0627\u0644\u0645\u0633\u0627\u0645 \u0628\u0646\u0633\u0628\u0629 94.3% \u0641\u064a \u063a\u0636\u0648\u0646 \u0623\u0633\u0628\u0648\u0639\u064a\u0646 \u0641\u0642\u0637\u060c \u0648\u062a\u0636\u0645\u0646 \u0647\u0630\u0647 \u0627\u0644\u062a\u0631\u0643\u064a\u0628\u0629 \u0627\u0644\u0645\u0636\u0627\u062f\u0629 \u0644\u0644\u062d\u0633\u0627\u0633\u064a\u0629 \u0644\u0645\u0633\u0629 [&hellip;]<\/p>\n","protected":false},"featured_media":19161,"template":"","meta":[],"pwb-brand":[1332],"product_brand":[],"product_cat":[1231,1119,1205],"product_tag":[688,763],"class_list":{"0":"post-19156","1":"product","2":"type-product","3":"status-publish","4":"has-post-thumbnail","6":"pwb-brand-numbuzin","7":"product_cat-daily-face-care","8":"product_cat-face-wash","9":"product_cat-makeup-removers","10":"product_tag-sensitive","11":"product_tag-korean-product-2","13":"first","14":"outofstock","15":"shipping-taxable","16":"product-type-variable","17":"has-default-attributes","18":"wvs-archive-product-wrapper"},"brands":[{"id":1332,"name":"Numbuzin","slug":"numbuzin"}],"_links":{"self":[{"href":"https:\/\/gopinkish.com\/fr\/wp-json\/wp\/v2\/product\/19156","targetHints":{"allow":["GET"]}}],"collection":[{"href":"https:\/\/gopinkish.com\/fr\/wp-json\/wp\/v2\/product"}],"about":[{"href":"https:\/\/gopinkish.com\/fr\/wp-json\/wp\/v2\/types\/product"}],"wp:featuredmedia":[{"embeddable":true,"href":"https:\/\/gopinkish.com\/fr\/wp-json\/wp\/v2\/media\/19161"}],"wp:attachment":[{"href":"https:\/\/gopinkish.com\/fr\/wp-json\/wp\/v2\/media?parent=19156"}],"wp:term":[{"taxonomy":"pwb-brand","embeddable":true,"href":"https:\/\/gopinkish.com\/fr\/wp-json\/wp\/v2\/pwb-brand?post=19156"},{"taxonomy":"product_brand","embeddable":true,"href":"https:\/\/gopinkish.com\/fr\/wp-json\/wp\/v2\/product_brand?post=19156"},{"taxonomy":"product_cat","embeddable":true,"href":"https:\/\/gopinkish.com\/fr\/wp-json\/wp\/v2\/product_cat?post=19156"},{"taxonomy":"product_tag","embeddable":true,"href":"https:\/\/gopinkish.com\/fr\/wp-json\/wp\/v2\/product_tag?post=19156"}],"curies":[{"name":"wp","href":"https:\/\/api.w.org\/{rel}","templated":true}]}}