{"id":19146,"date":"2024-11-13T00:56:17","date_gmt":"2024-11-12T23:56:17","guid":{"rendered":"https:\/\/gopinkish.com\/?post_type=product&#038;p=19146"},"modified":"2026-01-14T23:40:09","modified_gmt":"2026-01-14T22:40:09","slug":"8809652583211","status":"publish","type":"product","link":"https:\/\/gopinkish.com\/fr\/produit\/8809652583211\/","title":{"rendered":"S\u00e9rum Pantoth\u00e9nique B5 tranquillisant actif"},"content":{"rendered":"<p style=\"text-align: justify;\">Numbuzin No.1 Pantothenic B5 Active Soothing Serum est une solution l\u00e9g\u00e8re et hydratante pour les soins quotidiens de la peau. Il procure une hydratation de 100%, apaise la peau irrit\u00e9e et resserre les pores gr\u00e2ce \u00e0 un complexe d'acide hyaluronique \u00e0 12 esp\u00e8ces. Ses principaux avantages sont une meilleure r\u00e9tention de l'hydratation, une r\u00e9duction de l'aspect gras et une am\u00e9lioration de la texture de la peau. Ce s\u00e9rum est id\u00e9al pour calmer les peaux sensibles et leur donner un \u00e9clat frais et brillant. Convenant \u00e0 tous les types de peau, ce produit promet un teint rafra\u00eechi gr\u00e2ce \u00e0 ses puissants ingr\u00e9dients hydratants et apaisants.<\/p>\n<p style=\"text-align: justify;\"><strong>Hydratation par 100% :<\/strong> Fournit une hydratation compl\u00e8te dans une formule l\u00e9g\u00e8re, id\u00e9ale pour un usage quotidien.<\/p>\n<p style=\"text-align: justify;\"><strong>Apaise et raffermit la peau :<\/strong> Apaise la peau irrit\u00e9e et resserre les pores gr\u00e2ce au complexe d'acide hyaluronique \u00e0 12 esp\u00e8ces.<\/p>\n<p style=\"text-align: justify;\"><strong>Am\u00e9liore la texture de la peau :<\/strong> Favorise la r\u00e9tention de l'humidit\u00e9, r\u00e9duit la s\u00e9cr\u00e9tion de s\u00e9bum et am\u00e9liore la texture g\u00e9n\u00e9rale de la peau.<\/p>\n<p style=\"text-align: justify;\"><strong>Apaise les peaux sensibles :<\/strong> Id\u00e9al pour apaiser les peaux sensibles et leur donner un \u00e9clat de fra\u00eecheur et de jeunesse.<\/p>\n<p style=\"text-align: justify;\"><strong>Convient \u00e0 tous les types de peau :<\/strong> Gr\u00e2ce \u00e0 ses puissants ingr\u00e9dients hydratants et apaisants, il est id\u00e9al pour tous les types de peau.<\/p>\n<p dir=\"ltr\" style=\"text-align: center;\">\ud83c\uddec\ud83c\udde7 Numbuzin No.1 Pantoth\u00e9nique B5 S\u00e9rum actif apaisant<br \/>\n\ud83c\uddeb\ud83c\uddf7 S\u00e9rum Apaisant Actif B5 Pantoth\u00e9nique Numbuzin No.1<\/p>","protected":false},"excerpt":{"rendered":"<p>\u064a\u0642\u062f\u0645 \u0645\u0635\u0644 Numbuzin No.1 Pantothenic B5 Active Soothing Serum \u062d\u0644\u0627\u064b \u062e\u0641\u064a\u0641 \u0627\u0644\u0648\u0632\u0646 \u0648\u0645\u0631\u0637\u0628\u064b\u0627 \u0644\u0644\u0639\u0646\u0627\u064a\u0629 \u0627\u0644\u064a\u0648\u0645\u064a\u0629 \u0628\u0627\u0644\u0628\u0634\u0631\u0629. \u0641\u0647\u0648 \u064a\u0648\u0641\u0631 \u062a\u0631\u0637\u064a\u0628\u064b\u0627 \u0628\u0646\u0633\u0628\u0629 100%\u060c \u0648\u064a\u0647\u062f\u0626 \u0627\u0644\u0628\u0634\u0631\u0629 \u0627\u0644\u0645\u062a\u0647\u064a\u062c\u0629\u060c \u0648\u064a\u0634\u062f \u0627\u0644\u0645\u0633\u0627\u0645 \u0628\u0641\u0636\u0644 \u0645\u0631\u0643\u0628 \u062d\u0645\u0636 \u0627\u0644\u0647\u064a\u0627\u0644\u0648\u0631\u0648\u0646\u064a\u0643 \u0627\u0644\u0645\u0643\u0648\u0646 \u0645\u0646 12 \u0646\u0648\u0639\u064b\u0627. \u0648\u062a\u0634\u0645\u0644 \u0627\u0644\u0641\u0648\u0627\u0626\u062f \u0627\u0644\u0631\u0626\u064a\u0633\u064a\u0629 \u062a\u0639\u0632\u064a\u0632 \u0627\u062d\u062a\u0628\u0627\u0633 \u0631\u0637\u0648\u0628\u0629 \u0627\u0644\u0628\u0634\u0631\u0629\u060c \u0648\u062a\u0642\u0644\u064a\u0644 \u0627\u0644\u062f\u0647\u0648\u0646\u060c \u0648\u062a\u062d\u0633\u064a\u0646 \u0645\u0644\u0645\u0633 \u0627\u0644\u0628\u0634\u0631\u0629. \u0627\u0644\u0645\u0635\u0644 \u0645\u062b\u0627\u0644\u064a \u0644\u062a\u0647\u062f\u0626\u0629 \u0627\u0644\u0628\u0634\u0631\u0629 \u0627\u0644\u062d\u0633\u0627\u0633\u0629 \u0648\u0645\u0646\u062d\u0647\u0627 \u062a\u0648\u0647\u062c\u064b\u0627 \u0645\u0646\u0639\u0634\u064b\u0627 \u0648\u0646\u062f\u064a\u064b\u0627. [&hellip;]<\/p>\n","protected":false},"featured_media":19153,"template":"","meta":[],"pwb-brand":[1332],"product_brand":[],"product_cat":[1231,1121,1230],"product_tag":[688,697,680,763],"class_list":{"0":"post-19146","1":"product","2":"type-product","3":"status-publish","4":"has-post-thumbnail","6":"pwb-brand-numbuzin","7":"product_cat-daily-face-care","8":"product_cat-face-moist","9":"product_cat-face-serum","10":"product_tag-sensitive","11":"product_tag-moisturizing","12":"product_tag-dryness","13":"product_tag-korean-product-2","15":"first","16":"instock","17":"shipping-taxable","18":"purchasable","19":"product-type-variable","20":"has-default-attributes","21":"wvs-archive-product-wrapper"},"brands":[{"id":1332,"name":"Numbuzin","slug":"numbuzin"}],"_links":{"self":[{"href":"https:\/\/gopinkish.com\/fr\/wp-json\/wp\/v2\/product\/19146","targetHints":{"allow":["GET"]}}],"collection":[{"href":"https:\/\/gopinkish.com\/fr\/wp-json\/wp\/v2\/product"}],"about":[{"href":"https:\/\/gopinkish.com\/fr\/wp-json\/wp\/v2\/types\/product"}],"wp:featuredmedia":[{"embeddable":true,"href":"https:\/\/gopinkish.com\/fr\/wp-json\/wp\/v2\/media\/19153"}],"wp:attachment":[{"href":"https:\/\/gopinkish.com\/fr\/wp-json\/wp\/v2\/media?parent=19146"}],"wp:term":[{"taxonomy":"pwb-brand","embeddable":true,"href":"https:\/\/gopinkish.com\/fr\/wp-json\/wp\/v2\/pwb-brand?post=19146"},{"taxonomy":"product_brand","embeddable":true,"href":"https:\/\/gopinkish.com\/fr\/wp-json\/wp\/v2\/product_brand?post=19146"},{"taxonomy":"product_cat","embeddable":true,"href":"https:\/\/gopinkish.com\/fr\/wp-json\/wp\/v2\/product_cat?post=19146"},{"taxonomy":"product_tag","embeddable":true,"href":"https:\/\/gopinkish.com\/fr\/wp-json\/wp\/v2\/product_tag?post=19146"}],"curies":[{"name":"wp","href":"https:\/\/api.w.org\/{rel}","templated":true}]}}