{"id":19101,"date":"2024-11-13T00:11:40","date_gmt":"2024-11-12T23:11:40","guid":{"rendered":"https:\/\/gopinkish.com\/?post_type=product&#038;p=19101"},"modified":"2026-05-11T16:21:08","modified_gmt":"2026-05-11T15:21:08","slug":"8809598456242","status":"publish","type":"product","link":"https:\/\/gopinkish.com\/fr\/produit\/8809598456242\/","title":{"rendered":"Un \u00e9cran solaire l\u00e9ger avec une protection maximale de la peau"},"content":{"rendered":"<p style=\"text-align: justify;\">\u00c9tonnamment l\u00e9ger ! La formule diaphane et translucide p\u00e9n\u00e8tre rapidement sans laisser de r\u00e9sidus blancs, offrant un fini rafra\u00eechissant \u00e0 votre \u00e9cran solaire hydratant.<\/p>\n<p style=\"text-align: justify;\"><strong>Caract\u00e9ristiques :<\/strong><br \/>\n- Un SPF l\u00e9ger, \u00e0 absorption rapide, qui renforce l'hydratation.<br \/>\n- Invisible sur toutes les couleurs de peau<br \/>\n- Couleur non blanche<br \/>\n- Non gras<\/p>\n<p style=\"text-align: justify;\"><strong>R\u00e9sultats :<\/strong><\/p>\n<p style=\"text-align: justify;\">- Hydratation sans sensation de gras<br \/>\n- Facile \u00e0 enlever sans laisser de r\u00e9sidus blancs<br \/>\n- Profiter plus souvent d'activit\u00e9s de plein air<br \/>\n- Convient aux peaux sensibles<\/p>\n<p dir=\"ltr\" style=\"text-align: center;\">\ud83c\uddec\ud83c\udde7 COSRX Cr\u00e8me solaire invisible ultra l\u00e9g\u00e8re SPF50 PA++++<br \/>\n\ud83c\uddeb\ud83c\uddf7 \u00c9cran Solaire Invisible Ultra L\u00e9ger SPF50 PA++++ COSRX<\/p>","protected":false},"excerpt":{"rendered":"<p>\u062e\u0641\u064a\u0641 \u0628\u0634\u0643\u0644 \u0645\u0630\u0647\u0644! \u062a\u0631\u0643\u064a\u0628\u0629 \u0634\u0641\u0627\u0641\u0629 \u0648\u0634\u0641\u0627\u0641\u0629 \u062a\u0645\u062a\u0635 \u0628\u0633\u0631\u0639\u0629 \u062f\u0648\u0646 \u062a\u0631\u0643 \u0623\u064a \u0623\u062b\u0631 \u0623\u0628\u064a\u0636\u060c \u0645\u0645\u0627 \u064a\u0648\u0641\u0631 \u0644\u0645\u0633\u0629 \u0646\u0647\u0627\u0626\u064a\u0629 \u0645\u0646\u0639\u0634\u0629 \u0644\u0643\u0631\u064a\u0645 \u0627\u0644\u0648\u0642\u0627\u064a\u0629 \u0645\u0646 \u0627\u0644\u0634\u0645\u0633 \u0627\u0644\u0645\u0631\u0637\u0628. \u0627\u0644\u0645\u0645\u064a\u0632\u0627\u062a: \u2022 \u0639\u0627\u0645\u0644 \u062d\u0645\u0627\u064a\u0629 \u0645\u0646 \u0623\u0634\u0639\u0629 \u0627\u0644\u0634\u0645\u0633 \u062e\u0641\u064a\u0641 \u0648\u0633\u0631\u064a\u0639 \u0627\u0644\u0627\u0645\u062a\u0635\u0627\u0635 \u064a\u0639\u0632\u0632 \u0627\u0644\u062a\u0631\u0637\u064a\u0628 \u2022 \u063a\u064a\u0631 \u0645\u0631\u0626\u064a \u0639\u0644\u0649 \u062c\u0645\u064a\u0639 \u0623\u0644\u0648\u0627\u0646 \u0627\u0644\u0628\u0634\u0631\u0629 \u2022 \u063a\u064a\u0631 \u0623\u0628\u064a\u0636 \u0627\u0644\u0644\u0648\u0646 \u2022 \u063a\u064a\u0631 \u062f\u0647\u0646\u064a \u0627\u0644\u0646\u062a\u0627\u0626\u062c: \u2022 \u0645\u0631\u0637\u0628 \u062f\u0648\u0646 \u0627\u0644\u0634\u0639\u0648\u0631 \u0628\u0627\u0644\u062f\u0647\u0648\u0646 [&hellip;]<\/p>\n","protected":false},"featured_media":19103,"template":"","meta":[],"pwb-brand":[722],"product_brand":[],"product_cat":[1144],"product_tag":[688,697,763,717],"class_list":{"0":"post-19101","1":"product","2":"type-product","3":"status-publish","4":"has-post-thumbnail","6":"pwb-brand-cosrx","7":"product_cat-face-sunscreen","8":"product_tag-sensitive","9":"product_tag-moisturizing","10":"product_tag-korean-product-2","11":"product_tag-717","13":"first","14":"instock","15":"shipping-taxable","16":"purchasable","17":"product-type-variable","18":"has-default-attributes","19":"wvs-archive-product-wrapper"},"brands":[{"id":722,"name":"Cosrx","slug":"cosrx"}],"_links":{"self":[{"href":"https:\/\/gopinkish.com\/fr\/wp-json\/wp\/v2\/product\/19101","targetHints":{"allow":["GET"]}}],"collection":[{"href":"https:\/\/gopinkish.com\/fr\/wp-json\/wp\/v2\/product"}],"about":[{"href":"https:\/\/gopinkish.com\/fr\/wp-json\/wp\/v2\/types\/product"}],"wp:featuredmedia":[{"embeddable":true,"href":"https:\/\/gopinkish.com\/fr\/wp-json\/wp\/v2\/media\/19103"}],"wp:attachment":[{"href":"https:\/\/gopinkish.com\/fr\/wp-json\/wp\/v2\/media?parent=19101"}],"wp:term":[{"taxonomy":"pwb-brand","embeddable":true,"href":"https:\/\/gopinkish.com\/fr\/wp-json\/wp\/v2\/pwb-brand?post=19101"},{"taxonomy":"product_brand","embeddable":true,"href":"https:\/\/gopinkish.com\/fr\/wp-json\/wp\/v2\/product_brand?post=19101"},{"taxonomy":"product_cat","embeddable":true,"href":"https:\/\/gopinkish.com\/fr\/wp-json\/wp\/v2\/product_cat?post=19101"},{"taxonomy":"product_tag","embeddable":true,"href":"https:\/\/gopinkish.com\/fr\/wp-json\/wp\/v2\/product_tag?post=19101"}],"curies":[{"name":"wp","href":"https:\/\/api.w.org\/{rel}","templated":true}]}}