{"id":1908,"date":"2023-01-27T06:19:42","date_gmt":"2023-01-27T05:19:42","guid":{"rendered":"https:\/\/gopinkish.com\/?post_type=product&#038;p=1908"},"modified":"2026-05-10T15:52:22","modified_gmt":"2026-05-10T14:52:22","slug":"7612076448254","status":"publish","type":"product","link":"https:\/\/gopinkish.com\/fr\/produit\/7612076448254\/","title":{"rendered":"Cr\u00e8me solaire lact\u00e9e pour une protection maximale"},"content":{"rendered":"<p style=\"text-align: justify;\">La cr\u00e8me solaire Daylong Extr\u00eame prot\u00e8ge efficacement votre peau des rayons UVA et UVB, notamment gr\u00e2ce aux filtres solaires Tinosorb M et Tinosorb S.<\/p>\n<p style=\"text-align: justify;\">Id\u00e9al pour les peaux claires (phototype I et II), ce soin \u00e0 base de lait convient \u00e9galement aux peaux sensibles et tr\u00e8s sensibles, qui peuvent souffrir d'intol\u00e9rance au soleil ou d'allergies.<\/p>\n<p style=\"text-align: justify;\">Hautement formul\u00e9 et test\u00e9 dermatologiquement, sans \u00e9cran solaire.<br \/>\nIl est facile \u00e0 \u00e9taler et ne laisse pas de traces blanches.<br \/>\nUn traitement \u00e0 haut FPS pour le visage et le corps.<\/p>\n<p style=\"text-align: justify;\"><strong>Conseils d'utilisation :<\/strong><br \/>\nAppliquer le liquide 20 minutes avant l'exposition au soleil et renouveler l'application r\u00e9guli\u00e8rement pour optimiser la protection solaire, en particulier apr\u00e8s s'\u00eatre essuy\u00e9, avoir nag\u00e9 ou avoir transpir\u00e9.<\/p>\n<p dir=\"ltr\" style=\"text-align: center;\">\ud83c\uddec\ud83c\udde7 Daylong Lotion solaire extr\u00eame SPF 50+<br \/>\n\ud83c\uddeb\ud83c\uddf7 Lait Solaire Daylong Extr\u00eame SPF 50+<\/p>","protected":false},"excerpt":{"rendered":"<p>\u064a\u062d\u0645\u064a \u0627\u0644\u0643\u0631\u064a\u0645 \u0627\u0644\u0648\u0627\u0642\u064a \u0645\u0646 \u0627\u0644\u0634\u0645\u0633 Daylong Extr\u00eame \u0628\u0634\u0631\u062a\u0643 \u0628\u0634\u0643\u0644 \u0641\u0639\u0627\u0644 \u0645\u0646 \u0627\u0644\u0623\u0634\u0639\u0629 \u0641\u0648\u0642 \u0627\u0644\u0628\u0646\u0641\u0633\u062c\u064a\u0629 \u0627\u0644\u0637\u0648\u064a\u0644\u0629 (\u0623) \u0648 (\u0628) \u060c \u062e\u0627\u0635\u0629 \u0628\u0641\u0636\u0644 \u0645\u0631\u0634\u062d\u0627\u062a \u0627\u0644\u0634\u0645\u0633 Tinosorb M \u0648 Tinosorb S. \u0645\u062b\u0627\u0644\u064a \u0644\u0644\u0628\u0634\u0631\u0629 \u0627\u0644\u0641\u0627\u062a\u062d\u0629 (\u0627\u0644\u0646\u0645\u0637\u0627\u0646 \u0627\u0644\u0636\u0648\u0626\u064a\u0627\u0646 \u0627\u0644\u0623\u0648\u0644 \u0648\u0627\u0644\u062b\u0627\u0646\u064a)\u060c \u0647\u0630\u0627 \u0627\u0644\u0639\u0644\u0627\u062c \u0627\u0644\u0645\u0643\u0648\u0651\u0646 \u0645\u0646 \u0627\u0644\u062d\u0644\u064a\u0628 \u0645\u0646\u0627\u0633\u0628 \u0623\u064a\u0636\u064b\u0627 \u0644\u0644\u0628\u0634\u0631\u0629 \u0627\u0644\u062d\u0633\u0627\u0633\u0629 \u0648\u0627\u0644\u062d\u0633\u0627\u0633\u0629 \u0644\u0644\u063a\u0627\u064a\u0629 \u060c \u0648\u0627\u0644\u062a\u064a \u0642\u062f \u062a\u0639\u0627\u0646\u064a \u0645\u0646 \u0639\u062f\u0645 \u062a\u062d\u0645\u0644 \u0627\u0644\u0634\u0645\u0633 \u0623\u0648 [&hellip;]<\/p>\n","protected":false},"featured_media":1976,"template":"","meta":[],"pwb-brand":[265],"product_brand":[],"product_cat":[1145,1144],"product_tag":[688],"class_list":{"0":"post-1908","1":"product","2":"type-product","3":"status-publish","4":"has-post-thumbnail","6":"pwb-brand-daylong","7":"product_cat-body-sunscreen","8":"product_cat-face-sunscreen","9":"product_tag-sensitive","11":"first","12":"instock","13":"shipping-taxable","14":"purchasable","15":"product-type-variable","16":"has-default-attributes","17":"wvs-archive-product-wrapper"},"brands":[{"id":265,"name":"Dai Long","slug":"toute-la-journee"}],"_links":{"self":[{"href":"https:\/\/gopinkish.com\/fr\/wp-json\/wp\/v2\/product\/1908","targetHints":{"allow":["GET"]}}],"collection":[{"href":"https:\/\/gopinkish.com\/fr\/wp-json\/wp\/v2\/product"}],"about":[{"href":"https:\/\/gopinkish.com\/fr\/wp-json\/wp\/v2\/types\/product"}],"wp:featuredmedia":[{"embeddable":true,"href":"https:\/\/gopinkish.com\/fr\/wp-json\/wp\/v2\/media\/1976"}],"wp:attachment":[{"href":"https:\/\/gopinkish.com\/fr\/wp-json\/wp\/v2\/media?parent=1908"}],"wp:term":[{"taxonomy":"pwb-brand","embeddable":true,"href":"https:\/\/gopinkish.com\/fr\/wp-json\/wp\/v2\/pwb-brand?post=1908"},{"taxonomy":"product_brand","embeddable":true,"href":"https:\/\/gopinkish.com\/fr\/wp-json\/wp\/v2\/product_brand?post=1908"},{"taxonomy":"product_cat","embeddable":true,"href":"https:\/\/gopinkish.com\/fr\/wp-json\/wp\/v2\/product_cat?post=1908"},{"taxonomy":"product_tag","embeddable":true,"href":"https:\/\/gopinkish.com\/fr\/wp-json\/wp\/v2\/product_tag?post=1908"}],"curies":[{"name":"wp","href":"https:\/\/api.w.org\/{rel}","templated":true}]}}