{"id":1890,"date":"2025-11-01T06:19:32","date_gmt":"2025-11-01T05:19:32","guid":{"rendered":"https:\/\/gopinkish.com\/?post_type=product&#038;p=1890"},"modified":"2026-02-28T01:28:10","modified_gmt":"2026-02-28T00:28:10","slug":"769915199581","status":"publish","type":"product","link":"https:\/\/gopinkish.com\/fr\/produit\/769915199581\/","title":{"rendered":"S\u00e9rum exfoliant doux pour traiter l'acn\u00e9 et affiner les pores"},"content":{"rendered":"<p><!--StartFragment --><\/p>\n<p style=\"text-align: justify;\">S\u00e9rum <strong>Acide salicylique 2% Solution<\/strong> De <strong>L'ordinaire<\/strong> Un traitement quotidien pour les peaux grasses et sujettes aux imperfections. Il contient <strong>Acide salicylique (BHA) 2%<\/strong> qui fonctionne sur <strong>Exfolie d\u00e9licatement la peau de l'int\u00e9rieur vers l'ext\u00e9rieur.<\/strong>Cela permet d'\u00e9liminer les cellules mortes, de nettoyer les pores en profondeur et de minimiser l'apparence de l'acn\u00e9 et des imperfections.<\/p>\n<p style=\"text-align: justify;\">Principaux ingr\u00e9dients et caract\u00e9ristiques :<\/p>\n<p style=\"text-align: justify;\">\u2022 <strong>Acide salicylique 2%<\/strong>: Exfolie la peau et d\u00e9sincruste les pores.<br \/>\n\u2022 <strong>Formule l\u00e9g\u00e8re \u00e0 base d'eau<\/strong>: P\u00e9n\u00e8tre rapidement sans laisser de r\u00e9sidu gras.<br \/>\n\u2022 <strong>Cible l'acn\u00e9, les points noirs et les irr\u00e9gularit\u00e9s de texture<\/strong>.<br \/>\n\u2022 <strong>pH \u00e9quilibr\u00e9 (3,2 - 4,0)<\/strong> Pour un soin efficace et doux de la peau.<br \/>\n\u2022 <strong>Sans huiles, sans alcool, sans parab\u00e8nes et sans silicones<\/strong>.<br \/>\n\u2022 <strong>Certifi\u00e9 sans cruaut\u00e9 et v\u00e9g\u00e9talien<\/strong>.<\/p>\n<p style=\"text-align: justify;\">Principales caract\u00e9ristiques et avantages :<br \/>\n- Minimise l'apparition de boutons et d'imperfections.<br \/>\n- Purifie et d\u00e9sincruste les pores.<br \/>\n- Am\u00e9liore la texture de la peau et lui donne un \u00e9clat sain.<br \/>\n- Convient aux peaux grasses, mixtes et sujettes aux imperfections.<br \/>\n- Id\u00e9al pour une utilisation topique ou sur l'ensemble du visage (en fonction de la tol\u00e9rance).<\/p>\n<p dir=\"ltr\" style=\"text-align: center;\">\ud83c\uddec\ud83c\udde7 The Ordinary Salicylic Acid 2% Solution<br \/>\n\ud83c\uddeb\ud83c\uddf7 The Ordinary Solution d'Acide Salicylique 2%<\/p>","protected":false},"excerpt":{"rendered":"<p><img loading=\"lazy\" decoding=\"async\" class=\"alignnone size-thumbnail wp-image-4508\" src=\"https:\/\/gopinkish.com\/wp-content\/uploads\/2023\/01\/pngegg-5-100x100.png\" alt=\"\" width=\"100\" height=\"100\" srcset=\"https:\/\/gopinkish.com\/wp-content\/uploads\/2023\/01\/pngegg-5-100x100.png 100w, https:\/\/gopinkish.com\/wp-content\/uploads\/2023\/01\/pngegg-5-450x450.png 450w, https:\/\/gopinkish.com\/wp-content\/uploads\/2023\/01\/pngegg-5-595x595.png 595w, https:\/\/gopinkish.com\/wp-content\/uploads\/2023\/01\/pngegg-5-400x400.png 400w, https:\/\/gopinkish.com\/wp-content\/uploads\/2023\/01\/pngegg-5.png 600w\" sizes=\"auto, (max-width: 100px) 100vw, 100px\" \/><\/p>","protected":false},"featured_media":2236,"template":"","meta":[],"pwb-brand":[241],"product_brand":[],"product_cat":[1230],"product_tag":[714,689,699,683],"class_list":{"0":"post-1890","1":"product","2":"type-product","3":"status-publish","4":"has-post-thumbnail","6":"pwb-brand-the_ordinary","7":"product_cat-face-serum","8":"product_tag-714","9":"product_tag-oily","10":"product_tag-exfoliator","11":"product_tag-acne","13":"first","14":"outofstock","15":"shipping-taxable","16":"product-type-variable","17":"has-default-attributes","18":"wvs-archive-product-wrapper"},"brands":[{"id":241,"name":"The Ordinary","slug":"lordinaire"}],"_links":{"self":[{"href":"https:\/\/gopinkish.com\/fr\/wp-json\/wp\/v2\/product\/1890","targetHints":{"allow":["GET"]}}],"collection":[{"href":"https:\/\/gopinkish.com\/fr\/wp-json\/wp\/v2\/product"}],"about":[{"href":"https:\/\/gopinkish.com\/fr\/wp-json\/wp\/v2\/types\/product"}],"wp:featuredmedia":[{"embeddable":true,"href":"https:\/\/gopinkish.com\/fr\/wp-json\/wp\/v2\/media\/2236"}],"wp:attachment":[{"href":"https:\/\/gopinkish.com\/fr\/wp-json\/wp\/v2\/media?parent=1890"}],"wp:term":[{"taxonomy":"pwb-brand","embeddable":true,"href":"https:\/\/gopinkish.com\/fr\/wp-json\/wp\/v2\/pwb-brand?post=1890"},{"taxonomy":"product_brand","embeddable":true,"href":"https:\/\/gopinkish.com\/fr\/wp-json\/wp\/v2\/product_brand?post=1890"},{"taxonomy":"product_cat","embeddable":true,"href":"https:\/\/gopinkish.com\/fr\/wp-json\/wp\/v2\/product_cat?post=1890"},{"taxonomy":"product_tag","embeddable":true,"href":"https:\/\/gopinkish.com\/fr\/wp-json\/wp\/v2\/product_tag?post=1890"}],"curies":[{"name":"wp","href":"https:\/\/api.w.org\/{rel}","templated":true}]}}