{"id":1878,"date":"2023-01-27T06:19:31","date_gmt":"2023-01-27T05:19:31","guid":{"rendered":"https:\/\/gopinkish.com\/?post_type=product&#038;p=1878"},"modified":"2026-05-03T13:42:30","modified_gmt":"2026-05-03T12:42:30","slug":"3600523082247","status":"publish","type":"product","link":"https:\/\/gopinkish.com\/fr\/produit\/3600523082247\/","title":{"rendered":"Cr\u00e8me de jour anti-\u00e2ge - r\u00e9sultats garantis en 7 jours"},"content":{"rendered":"<p style=\"text-align: justify;\"><!--StartFragment --><\/p>\n<p style=\"text-align: justify;\">Cr\u00e8me de jour <strong>Revitalift Jour<\/strong> Il s'agit d'un traitement quotidien avanc\u00e9 pour la peau \u00e0 partir de 35 ans, combinant <strong>Hydratation en profondeur<\/strong> \u0648<strong>Anti-\u00e2ge<\/strong>. Sa composition est enrichie de <strong>Fibrelastyl<\/strong> \u0648<strong>Pro-R\u00e9tinol avanc\u00e9<\/strong>Cela permet de renforcer l'\u00e9lasticit\u00e9 de la peau et de r\u00e9duire consid\u00e9rablement l'apparence des rides.<\/p>\n<p style=\"text-align: justify;\">Des r\u00e9sultats probants :<\/p>\n<p style=\"text-align: justify;\">- Imm\u00e9diatement : La peau est plus hydrat\u00e9e et plus confortable.<br \/>\n- Apr\u00e8s 7 jours : La peau est plus ferme (+10%) et plus lisse (+18%).<br \/>\n- Apr\u00e8s 4 semaines : Les rides sont visiblement r\u00e9duites (front -26%, rides du sourire -13%).<\/p>\n<p style=\"text-align: justify;\"><strong>Principales caract\u00e9ristiques et avantages :<\/strong><br \/>\n- Hydrate la peau en profondeur tout au long de la journ\u00e9e.<br \/>\n- Minimise les rides et les ridules.<br \/>\n- Am\u00e9liore l'\u00e9lasticit\u00e9 de la peau et lui donne un aspect plus ferme.<br \/>\n- Contient du Pro-R\u00e9tinol + Fibrelastyl.<br \/>\n- Convient aux peaux de 35 \u00e0 55 ans.<br \/>\n- Texture cr\u00e9meuse et confortable qui p\u00e9n\u00e8tre rapidement.<br \/>\n- Laboratoire sous la supervision de dermatologues.<\/p>\n<p dir=\"ltr\" style=\"text-align: center;\">\ud83c\uddec\ud83c\udde7 L'Or\u00e9al Paris Revitalift Cr\u00e8me de jour anti-rides et raffermissante<br \/>\n\ud83c\uddeb\ud83c\uddf7 L'Or\u00e9al Paris Revitalift Cr\u00e8me de Jour Anti-Rides + Fermet\u00e9<\/p>","protected":false},"excerpt":{"rendered":"<p>\u0643\u0631\u064a\u0645 \u0627\u0644\u0646\u0647\u0627\u0631 Revitalift Jour \u0647\u0648 \u0639\u0646\u0627\u064a\u0629 \u064a\u0648\u0645\u064a\u0629 \u0645\u062a\u0642\u062f\u0645\u0629 \u0644\u0644\u0628\u0634\u0631\u0629 \u0627\u0628\u062a\u062f\u0627\u0621\u064b \u0645\u0646 \u0639\u0645\u0631 35 \u0633\u0646\u0629\u060c \u064a\u062c\u0645\u0639 \u0628\u064a\u0646 \u0627\u0644\u062a\u0631\u0637\u064a\u0628 \u0627\u0644\u0639\u0645\u064a\u0642 \u0648\u0645\u0643\u0627\u0641\u062d\u0629 \u0639\u0644\u0627\u0645\u0627\u062a \u0627\u0644\u062a\u0642\u062f\u0645 \u0641\u064a \u0627\u0644\u0633\u0646. \u062a\u0631\u0643\u064a\u0628\u062a\u0647 \u063a\u0646\u064a\u0629 \u0628\u0645\u0631\u0643\u0628 Fibrelastyl \u0648Pro-Retinol \u0627\u0644\u0645\u062a\u0637\u0648\u0631\u060c \u0645\u0645\u0627 \u064a\u0633\u0627\u0639\u062f \u0639\u0644\u0649 \u062a\u0639\u0632\u064a\u0632 \u0645\u0631\u0648\u0646\u0629 \u0627\u0644\u0628\u0634\u0631\u0629 \u0648\u062a\u0642\u0644\u064a\u0644 \u0638\u0647\u0648\u0631 \u0627\u0644\u062a\u062c\u0627\u0639\u064a\u062f \u0628\u0634\u0643\u0644 \u0645\u0644\u062d\u0648\u0638. \u0627\u0644\u0646\u062a\u0627\u0626\u062c \u0627\u0644\u0645\u062b\u0628\u062a\u0629: &#8211; \u0641\u0648\u0631\u064b\u0627: \u0627\u0644\u0628\u0634\u0631\u0629 \u0623\u0643\u062b\u0631 \u062a\u0631\u0637\u064a\u0628\u064b\u0627 \u0648\u0631\u0627\u062d\u0629. &#8211; \u0628\u0639\u062f 7 \u0623\u064a\u0627\u0645: \u0627\u0644\u0628\u0634\u0631\u0629 \u0623\u0643\u062b\u0631 \u062a\u0645\u0627\u0633\u0643\u064b\u0627 [&hellip;]<\/p>\n","protected":false},"featured_media":2198,"template":"","meta":[],"pwb-brand":[239],"product_brand":[],"product_cat":[1227],"product_tag":[672,697],"class_list":{"0":"post-1878","1":"product","2":"type-product","3":"status-publish","4":"has-post-thumbnail","6":"pwb-brand-loreal","7":"product_cat-face-renew","8":"product_tag-wrinkles","9":"product_tag-moisturizing","11":"first","12":"instock","13":"shipping-taxable","14":"purchasable","15":"product-type-variable","16":"has-default-attributes","17":"wvs-archive-product-wrapper"},"brands":[{"id":239,"name":"L'Or\u00e9al Paris","slug":"loreal"}],"_links":{"self":[{"href":"https:\/\/gopinkish.com\/fr\/wp-json\/wp\/v2\/product\/1878","targetHints":{"allow":["GET"]}}],"collection":[{"href":"https:\/\/gopinkish.com\/fr\/wp-json\/wp\/v2\/product"}],"about":[{"href":"https:\/\/gopinkish.com\/fr\/wp-json\/wp\/v2\/types\/product"}],"wp:featuredmedia":[{"embeddable":true,"href":"https:\/\/gopinkish.com\/fr\/wp-json\/wp\/v2\/media\/2198"}],"wp:attachment":[{"href":"https:\/\/gopinkish.com\/fr\/wp-json\/wp\/v2\/media?parent=1878"}],"wp:term":[{"taxonomy":"pwb-brand","embeddable":true,"href":"https:\/\/gopinkish.com\/fr\/wp-json\/wp\/v2\/pwb-brand?post=1878"},{"taxonomy":"product_brand","embeddable":true,"href":"https:\/\/gopinkish.com\/fr\/wp-json\/wp\/v2\/product_brand?post=1878"},{"taxonomy":"product_cat","embeddable":true,"href":"https:\/\/gopinkish.com\/fr\/wp-json\/wp\/v2\/product_cat?post=1878"},{"taxonomy":"product_tag","embeddable":true,"href":"https:\/\/gopinkish.com\/fr\/wp-json\/wp\/v2\/product_tag?post=1878"}],"curies":[{"name":"wp","href":"https:\/\/api.w.org\/{rel}","templated":true}]}}