{"id":1862,"date":"2023-01-27T06:19:29","date_gmt":"2023-01-27T05:19:29","guid":{"rendered":"https:\/\/gopinkish.com\/?post_type=product&#038;p=1862"},"modified":"2026-03-28T12:59:27","modified_gmt":"2026-03-28T11:59:27","slug":"3600524032609","status":"publish","type":"product","link":"https:\/\/gopinkish.com\/fr\/produit\/3600524032609\/","title":{"rendered":"Cr\u00e8me anti-rides"},"content":{"rendered":"<p style=\"text-align: justify;\">\u00a0Une cr\u00e8me quotidienne anti-rides au collag\u00e8ne pur qui aide \u00e0 repulper la peau, \u00e0 r\u00e9duire les ridules et \u00e0 am\u00e9liorer l'\u00e9lasticit\u00e9. Sa formule riche et cr\u00e9meuse offre une hydratation profonde et laisse la peau plus lisse et plus \u00e9clatante avec une utilisation r\u00e9guli\u00e8re.<\/p>\n<p style=\"text-align: justify;\"><strong>Principaux ingr\u00e9dients et caract\u00e9ristiques<\/strong><br \/>\n- Du collag\u00e8ne pur pour repulper la peau<br \/>\n- Formule riche, douce et hydratante<br \/>\n- Aide \u00e0 minimiser les rides et ridules<br \/>\n- Am\u00e9liore l'\u00e9lasticit\u00e9 et l'aspect g\u00e9n\u00e9ral de la peau<br \/>\n- Convient aux peaux matures et s\u00e8ches<\/p>\n<p><strong>Principales caract\u00e9ristiques et avantages<\/strong><br \/>\n- R\u00e9duit efficacement les rides et les ridules<br \/>\n- La peau est visiblement repulp\u00e9e et liss\u00e9e<br \/>\n- Hydrate en profondeur et renforce l'\u00e9clat naturel de la peau<br \/>\n- Am\u00e9liore l'\u00e9lasticit\u00e9 de la peau et la rend plus jeune<br \/>\n- Id\u00e9al pour une utilisation quotidienne matin et soir<\/p>\n<p dir=\"ltr\" style=\"text-align: center;\">\ud83c\uddec\ud83c\udde7 L'Or\u00e9al Collagen Wrinkle Filler - Cr\u00e8me anti-\u00e2ge<br \/>\n\ud83c\uddeb\ud83c\uddf7 L'Or\u00e9al Soin Anti-Rides Collag\u00e8ne Repulpeur - Cr\u00e8me Hydratante<\/p>","protected":false},"excerpt":{"rendered":"<p>\u00a0\u0643\u0631\u064a\u0645 \u064a\u0648\u0645\u064a \u0645\u0636\u0627\u062f \u0644\u0644\u062a\u062c\u0627\u0639\u064a\u062f \u064a\u062d\u062a\u0648\u064a \u0639\u0644\u0649 \u0643\u0648\u0644\u0627\u062c\u064a\u0646 \u0646\u0642\u064a \u064a\u0633\u0627\u0639\u062f \u0639\u0644\u0649 \u0625\u0639\u0627\u062f\u0629 \u0627\u0645\u062a\u0644\u0627\u0621 \u0627\u0644\u0628\u0634\u0631\u0629\u060c \u062a\u0642\u0644\u064a\u0644 \u0627\u0644\u062e\u0637\u0648\u0637 \u0627\u0644\u062f\u0642\u064a\u0642\u0629\u060c \u0648\u062a\u062d\u0633\u064a\u0646 \u0645\u0631\u0648\u0646\u062a\u0647\u0627. \u062a\u0631\u0643\u064a\u0628\u062a\u0647 \u0627\u0644\u0643\u0631\u064a\u0645\u064a\u0629 \u0627\u0644\u063a\u0646\u064a\u0629 \u062a\u0645\u0646\u062d \u062a\u0631\u0637\u064a\u0628\u064b\u0627 \u0639\u0645\u064a\u0642\u064b\u0627 \u0648\u062a\u062a\u0631\u0643 \u0627\u0644\u0628\u0634\u0631\u0629 \u0623\u0643\u062b\u0631 \u0646\u0639\u0648\u0645\u0629 \u0648\u0625\u0634\u0631\u0627\u0642\u064b\u0627 \u0645\u0639 \u0627\u0644\u0627\u0633\u062a\u062e\u062f\u0627\u0645 \u0627\u0644\u0645\u0646\u062a\u0638\u0645. \u0627\u0644\u0645\u0643\u0648\u0646\u0627\u062a \u0648\u0627\u0644\u062e\u0635\u0627\u0626\u0635 \u0627\u0644\u0631\u0626\u064a\u0633\u064a\u0629 \u2022 \u0643\u0648\u0644\u0627\u062c\u064a\u0646 \u0646\u0642\u064a \u0644\u0625\u0639\u0627\u062f\u0629 \u0627\u0645\u062a\u0644\u0627\u0621 \u0627\u0644\u0628\u0634\u0631\u0629 \u2022 \u062a\u0631\u0643\u064a\u0628\u0629 \u0645\u0631\u0637\u0628\u0629 \u063a\u0646\u064a\u0629 \u0648\u0646\u0627\u0639\u0645\u0629 \u2022 \u064a\u0633\u0627\u0639\u062f \u0639\u0644\u0649 \u062a\u0642\u0644\u064a\u0644 \u0627\u0644\u062e\u0637\u0648\u0637 \u0627\u0644\u062f\u0642\u064a\u0642\u0629 \u0648\u0627\u0644\u062a\u062c\u0627\u0639\u064a\u062f \u2022 \u064a\u062d\u0633\u0646 [&hellip;]<\/p>\n","protected":false},"featured_media":2097,"template":"","meta":[],"pwb-brand":[239],"product_brand":[],"product_cat":[1227,1231],"product_tag":[672,704],"class_list":{"0":"post-1862","1":"product","2":"type-product","3":"status-publish","4":"has-post-thumbnail","6":"pwb-brand-loreal","7":"product_cat-face-renew","8":"product_cat-daily-face-care","9":"product_tag-wrinkles","10":"product_tag-daycream","12":"first","13":"instock","14":"shipping-taxable","15":"purchasable","16":"product-type-variable","17":"has-default-attributes","18":"wvs-archive-product-wrapper"},"brands":[{"id":239,"name":"L'Or\u00e9al Paris","slug":"loreal"}],"_links":{"self":[{"href":"https:\/\/gopinkish.com\/fr\/wp-json\/wp\/v2\/product\/1862","targetHints":{"allow":["GET"]}}],"collection":[{"href":"https:\/\/gopinkish.com\/fr\/wp-json\/wp\/v2\/product"}],"about":[{"href":"https:\/\/gopinkish.com\/fr\/wp-json\/wp\/v2\/types\/product"}],"wp:featuredmedia":[{"embeddable":true,"href":"https:\/\/gopinkish.com\/fr\/wp-json\/wp\/v2\/media\/2097"}],"wp:attachment":[{"href":"https:\/\/gopinkish.com\/fr\/wp-json\/wp\/v2\/media?parent=1862"}],"wp:term":[{"taxonomy":"pwb-brand","embeddable":true,"href":"https:\/\/gopinkish.com\/fr\/wp-json\/wp\/v2\/pwb-brand?post=1862"},{"taxonomy":"product_brand","embeddable":true,"href":"https:\/\/gopinkish.com\/fr\/wp-json\/wp\/v2\/product_brand?post=1862"},{"taxonomy":"product_cat","embeddable":true,"href":"https:\/\/gopinkish.com\/fr\/wp-json\/wp\/v2\/product_cat?post=1862"},{"taxonomy":"product_tag","embeddable":true,"href":"https:\/\/gopinkish.com\/fr\/wp-json\/wp\/v2\/product_tag?post=1862"}],"curies":[{"name":"wp","href":"https:\/\/api.w.org\/{rel}","templated":true}]}}