{"id":18593,"date":"2025-10-15T21:26:36","date_gmt":"2025-10-15T20:26:36","guid":{"rendered":"https:\/\/gopinkish.com\/?post_type=product&#038;p=18593"},"modified":"2026-04-02T09:58:05","modified_gmt":"2026-04-02T08:58:05","slug":"6957317600871","status":"publish","type":"product","link":"https:\/\/gopinkish.com\/fr\/produit\/6957317600871\/","title":{"rendered":"Spray fixateur de maquillage frais et longue dur\u00e9e \u00e0 la noix de coco"},"content":{"rendered":"<p><!--StartFragment --><\/p>\n<p style=\"text-align: justify;\">Spray de fixation <strong>Appuyer sur Refresh Setting Spray<\/strong> Il maintient votre maquillage en place du matin au soir, avec un parfum frais de noix de coco qui apporte une l\u00e9g\u00e8re touche tropicale. La formule est l\u00e9g\u00e8re et sans alcool, ce qui la rend id\u00e9ale pour un usage quotidien, m\u00eame sur les peaux sensibles.<\/p>\n<p style=\"text-align: justify;\">Principaux ingr\u00e9dients et caract\u00e9ristiques :<\/p>\n<p><strong>- Formule sans alcool<\/strong>: Doux pour la peau et non dess\u00e9chant.<br \/>\n\u2022 <strong>Senteur de noix de coco<\/strong>: Procure une sensation de fra\u00eecheur tout au long de la journ\u00e9e.<br \/>\n\u2022 <strong>Antioxydants (Carnosine + Panth\u00e9nol)<\/strong>: Aide \u00e0 prot\u00e9ger la peau des facteurs externes.<br \/>\n\u2022 <strong>Texture l\u00e9g\u00e8re<\/strong>: N'alourdit pas la peau et ne laisse pas de r\u00e9sidus collants.<br \/>\n\u2022 <strong>Composition botanique<\/strong>: Sans parab\u00e8nes, sulfates, huiles min\u00e9rales et silicones.<\/p>\n<p style=\"text-align: justify;\"><strong>Principales caract\u00e9ristiques et avantages :<\/strong><br \/>\n- Maintient le maquillage en place pendant de longues heures.<br \/>\n- Procure une sensation de fra\u00eecheur \u00e0 chaque vaporisation.<br \/>\n- Prot\u00e8ge contre la transpiration et les facteurs externes.<br \/>\n- Id\u00e9al pour une utilisation quotidienne ou en d\u00e9placement.<br \/>\n- Convient \u00e0 tous les types de peau.<\/p>\n<p dir=\"ltr\" style=\"text-align: center;\">\ud83c\uddec\ud83c\udde7 SHEGLAM Press Refresh Setting Spray<br \/>\n\ud83c\uddeb\ud83c\uddf7 SHEGLAM Brume Fixatrice Press Refresh<\/p>\n<p><!--EndFragment --><\/p>","protected":false},"excerpt":{"rendered":"<p>\u0628\u062e\u0627\u062e \u0627\u0644\u062a\u062b\u0628\u064a\u062a Press Refresh Setting Spray \u064a\u062d\u0627\u0641\u0638 \u0639\u0644\u0649 \u0645\u0643\u064a\u0627\u062c\u0643\u0650 \u062b\u0627\u0628\u062a\u064b\u0627 \u0645\u0646 \u0627\u0644\u0635\u0628\u0627\u062d \u062d\u062a\u0649 \u0627\u0644\u0645\u0633\u0627\u0621\u060c \u0645\u0639 \u0631\u0627\u0626\u062d\u0629 \u062c\u0648\u0632 \u0627\u0644\u0647\u0646\u062f \u0627\u0644\u0645\u0646\u0639\u0634\u0629 \u0627\u0644\u062a\u064a \u062a\u0636\u064a\u0641 \u0644\u0645\u0633\u0629 \u0627\u0633\u062a\u0648\u0627\u0626\u064a\u0629 \u062e\u0641\u064a\u0641\u0629. \u062a\u0631\u0643\u064a\u0628\u062a\u0647 \u062e\u0641\u064a\u0641\u0629 \u0627\u0644\u0648\u0632\u0646 \u0648\u062e\u0627\u0644\u064a\u0629 \u0645\u0646 \u0627\u0644\u0643\u062d\u0648\u0644\u060c \u0645\u0645\u0627 \u064a\u062c\u0639\u0644\u0647 \u0645\u062b\u0627\u0644\u064a\u064b\u0627 \u0644\u0644\u0627\u0633\u062a\u062e\u062f\u0627\u0645 \u0627\u0644\u064a\u0648\u0645\u064a \u062d\u062a\u0649 \u0639\u0644\u0649 \u0627\u0644\u0628\u0634\u0631\u0629 \u0627\u0644\u062d\u0633\u0627\u0633\u0629. \u0627\u0644\u0645\u0643\u0648\u0646\u0627\u062a \u0648\u0627\u0644\u062e\u0635\u0627\u0626\u0635 \u0627\u0644\u0631\u0626\u064a\u0633\u064a\u0629: \u2022 \u062a\u0631\u0643\u064a\u0628\u0629 \u062e\u0627\u0644\u064a\u0629 \u0645\u0646 \u0627\u0644\u0643\u062d\u0648\u0644: \u0644\u0637\u064a\u0641\u0629 \u0639\u0644\u0649 \u0627\u0644\u0628\u0634\u0631\u0629 \u0648\u0644\u0627 \u062a\u0633\u0628\u0628 \u062c\u0641\u0627\u0641\u064b\u0627. \u2022 \u0631\u0627\u0626\u062d\u0629 [&hellip;]<\/p>\n","protected":false},"featured_media":18594,"template":"","meta":[],"pwb-brand":[709],"product_brand":[],"product_cat":[1174],"product_tag":[],"class_list":{"0":"post-18593","1":"product","2":"type-product","3":"status-publish","4":"has-post-thumbnail","6":"pwb-brand-sheglam","7":"product_cat-base-primer-makeup","9":"first","10":"instock","11":"shipping-taxable","12":"purchasable","13":"product-type-variable","14":"has-default-attributes","15":"wvs-archive-product-wrapper"},"brands":[{"id":709,"name":"Sheglam","slug":"sheglam"}],"_links":{"self":[{"href":"https:\/\/gopinkish.com\/fr\/wp-json\/wp\/v2\/product\/18593","targetHints":{"allow":["GET"]}}],"collection":[{"href":"https:\/\/gopinkish.com\/fr\/wp-json\/wp\/v2\/product"}],"about":[{"href":"https:\/\/gopinkish.com\/fr\/wp-json\/wp\/v2\/types\/product"}],"wp:featuredmedia":[{"embeddable":true,"href":"https:\/\/gopinkish.com\/fr\/wp-json\/wp\/v2\/media\/18594"}],"wp:attachment":[{"href":"https:\/\/gopinkish.com\/fr\/wp-json\/wp\/v2\/media?parent=18593"}],"wp:term":[{"taxonomy":"pwb-brand","embeddable":true,"href":"https:\/\/gopinkish.com\/fr\/wp-json\/wp\/v2\/pwb-brand?post=18593"},{"taxonomy":"product_brand","embeddable":true,"href":"https:\/\/gopinkish.com\/fr\/wp-json\/wp\/v2\/product_brand?post=18593"},{"taxonomy":"product_cat","embeddable":true,"href":"https:\/\/gopinkish.com\/fr\/wp-json\/wp\/v2\/product_cat?post=18593"},{"taxonomy":"product_tag","embeddable":true,"href":"https:\/\/gopinkish.com\/fr\/wp-json\/wp\/v2\/product_tag?post=18593"}],"curies":[{"name":"wp","href":"https:\/\/api.w.org\/{rel}","templated":true}]}}