{"id":18104,"date":"2024-10-09T22:07:55","date_gmt":"2024-10-09T21:07:55","guid":{"rendered":"https:\/\/gopinkish.com\/?post_type=product&#038;p=18104"},"modified":"2025-08-04T17:51:16","modified_gmt":"2025-08-04T16:51:16","slug":"071249657706","status":"publish","type":"product","link":"https:\/\/gopinkish.com\/fr\/produit\/071249657706\/","title":{"rendered":"Shampooing sans sulfate pour un soin capillaire hydratant aux huiles essentielles de romarin"},"content":{"rendered":"<p style=\"text-align: justify;\">Shampooing hydratant sans sulfate Simply Clean aux huiles essentielles de romarin.<\/p>\n<p style=\"text-align: justify;\">Profitez des soins capillaires sensuels d'EverPure - nettoyez simplement vos cheveux avec une mousse luxueuse et une hydratation intense qui enveloppe les cheveux de nutriments. Formul\u00e9s sans parfums synth\u00e9tiques, sans sulfates, sans parab\u00e8nes, sans hydanto\u00efne DMDM, sans phtalates ajout\u00e9s, sans colorants et sans gluten. Toujours v\u00e9g\u00e9taliens, respectueux de la couleur et soutenus par la science.<\/p>\n<p dir=\"ltr\" style=\"text-align: center;\">\ud83c\uddec\ud83c\udde7 L'Or\u00e9al Paris EverPure Simply Clean Shampooing<br \/>\n\ud83c\uddeb\ud83c\uddf7 Shampooing Simply Clean EverPure L'Or\u00e9al Paris<\/p>","protected":false},"excerpt":{"rendered":"<p>\u0634\u0627\u0645\u0628\u0648 \u0633\u064a\u0645\u0628\u0644\u064a \u0643\u0644\u064a\u0646 \u0627\u0644\u062e\u0627\u0644\u064a \u0645\u0646 \u0627\u0644\u0643\u0628\u0631\u064a\u062a\u0627\u062a\u060c \u0644\u0644\u0639\u0646\u0627\u064a\u0629 \u0628\u0627\u0644\u0634\u0639\u0631 \u0627\u0644\u0645\u0631\u0637\u0628 \u0645\u0639 \u0632\u064a\u0648\u062a \u0627\u0644\u0631\u0648\u0632\u0645\u0627\u0631\u064a \u0627\u0644\u0623\u0633\u0627\u0633\u064a\u0629. \u0627\u0633\u062a\u0645\u062a\u0639\u064a \u0628\u0639\u0644\u0627\u062c\u0627\u062a \u0627\u0644\u0639\u0646\u0627\u064a\u0629 \u0628\u0627\u0644\u0634\u0639\u0631 \u0627\u0644\u062d\u0633\u064a\u0629 \u0645\u0646 EverPure &#8211; \u0646\u0638\u0641\u064a \u0634\u0639\u0631\u0643 \u0628\u0628\u0633\u0627\u0637\u0629 \u0628\u0627\u0633\u062a\u062e\u062f\u0627\u0645 \u0631\u063a\u0648\u0629 \u0641\u0627\u062e\u0631\u0629 \u0648\u062a\u0631\u0637\u064a\u0628 \u0645\u0643\u062b\u0641 \u064a\u063a\u0644\u0641 \u0627\u0644\u0634\u0639\u0631 \u0628\u0627\u0644\u062a\u063a\u0630\u064a\u0629. \u062a\u0631\u0643\u064a\u0628\u0629 \u062e\u0627\u0644\u064a\u0629 \u0645\u0646 \u0627\u0644\u0639\u0637\u0648\u0631 \u0627\u0644\u0635\u0646\u0627\u0639\u064a\u0629 \u0648\u0627\u0644\u0643\u0628\u0631\u064a\u062a\u0627\u062a \u0648\u0627\u0644\u0628\u0627\u0631\u0627\u0628\u064a\u0646 \u0648\u0647\u064a\u062f\u0627\u0646\u062a\u0648\u064a\u0646 \u062f\u064a \u0625\u0645 \u062f\u064a \u0625\u0645 \u0648\u0627\u0644\u0641\u062b\u0627\u0644\u0627\u062a \u0627\u0644\u0645\u0636\u0627\u0641\u0629 \u0648\u0627\u0644\u0635\u0628\u063a\u0629 \u0648\u0645\u0643\u0648\u0646\u0627\u062a \u0627\u0644\u062c\u0644\u0648\u062a\u064a\u0646. \u0646\u0628\u0627\u062a\u064a\u0629 \u062f\u0627\u0626\u0645\u064b\u0627 \u0648\u062a\u0639\u062a\u0646\u064a \u0628\u0627\u0644\u0644\u0648\u0646 \u0648\u0645\u062f\u0639\u0648\u0645\u0629 \u0628\u0627\u0644\u0639\u0644\u0645. [&hellip;]<\/p>\n","protected":false},"featured_media":18105,"template":"","meta":[],"pwb-brand":[239],"product_brand":[],"product_cat":[1148],"product_tag":[],"class_list":{"0":"post-18104","1":"product","2":"type-product","3":"status-publish","4":"has-post-thumbnail","6":"pwb-brand-loreal","7":"product_cat-hair-shampoo","9":"first","10":"instock","11":"shipping-taxable","12":"purchasable","13":"product-type-variable","14":"has-default-attributes","15":"wvs-archive-product-wrapper"},"brands":[{"id":239,"name":"L'Or\u00e9al Paris","slug":"loreal"}],"_links":{"self":[{"href":"https:\/\/gopinkish.com\/fr\/wp-json\/wp\/v2\/product\/18104","targetHints":{"allow":["GET"]}}],"collection":[{"href":"https:\/\/gopinkish.com\/fr\/wp-json\/wp\/v2\/product"}],"about":[{"href":"https:\/\/gopinkish.com\/fr\/wp-json\/wp\/v2\/types\/product"}],"wp:featuredmedia":[{"embeddable":true,"href":"https:\/\/gopinkish.com\/fr\/wp-json\/wp\/v2\/media\/18105"}],"wp:attachment":[{"href":"https:\/\/gopinkish.com\/fr\/wp-json\/wp\/v2\/media?parent=18104"}],"wp:term":[{"taxonomy":"pwb-brand","embeddable":true,"href":"https:\/\/gopinkish.com\/fr\/wp-json\/wp\/v2\/pwb-brand?post=18104"},{"taxonomy":"product_brand","embeddable":true,"href":"https:\/\/gopinkish.com\/fr\/wp-json\/wp\/v2\/product_brand?post=18104"},{"taxonomy":"product_cat","embeddable":true,"href":"https:\/\/gopinkish.com\/fr\/wp-json\/wp\/v2\/product_cat?post=18104"},{"taxonomy":"product_tag","embeddable":true,"href":"https:\/\/gopinkish.com\/fr\/wp-json\/wp\/v2\/product_tag?post=18104"}],"curies":[{"name":"wp","href":"https:\/\/api.w.org\/{rel}","templated":true}]}}