{"id":18002,"date":"2024-10-10T14:29:00","date_gmt":"2024-10-10T13:29:00","guid":{"rendered":"https:\/\/gopinkish.com\/?post_type=product&#038;p=18002"},"modified":"2026-05-06T00:30:49","modified_gmt":"2026-05-05T23:30:49","slug":"30175563","status":"publish","type":"product","link":"https:\/\/gopinkish.com\/fr\/produit\/30175563\/","title":{"rendered":"Correcteur liquide \u00e0 couverture totale"},"content":{"rendered":"<p style=\"text-align: justify;\">Un correcteur liquide \u00e0 couverture totale. Id\u00e9al pour corriger les cernes et les petites imperfections et unifier le teint. Gr\u00e2ce \u00e0 son applicateur, vous pouvez facilement corriger les cernes et les imperfections. Sa texture permet de le camoufler et de l'estomper au pinceau, \u00e0 l'\u00e9ponge ou m\u00eame aux doigts.<\/p>\n<p style=\"text-align: justify;\">Obtenez un teint impeccable gr\u00e2ce \u00e0 une texture ultra-l\u00e9g\u00e8re.<\/p>\n<p dir=\"ltr\" style=\"text-align: center;\">\ud83c\uddec\ud83c\udde7 Maybelline Super Stay Full Coverage Under Eye Concealer (Anti-cernes)<br \/>\n\ud83c\uddeb\ud83c\uddf7 Anti-Cernes Haute Couvrance Super Stay Maybelline<\/p>","protected":false},"excerpt":{"rendered":"<p>\u0643\u0648\u0646\u0633\u064a\u0644\u0631 \u0633\u0627\u0626\u0644 \u0628\u062a\u063a\u0637\u064a\u0629 \u0643\u0627\u0645\u0644\u0629. \u0645\u062b\u0627\u0644\u064a \u0644\u062a\u0635\u062d\u064a\u062d \u0645\u0646\u0637\u0642\u0629 \u0627\u0644\u0647\u0627\u0644\u0627\u062a \u0627\u0644\u0633\u0648\u062f\u0627\u0621 \u0648\u0627\u0644\u0634\u0648\u0627\u0626\u0628 \u0627\u0644\u0635\u063a\u064a\u0631\u0629 \u0648\u062a\u0648\u062d\u064a\u062f \u0644\u0648\u0646 \u0627\u0644\u0628\u0634\u0631\u0629. \u0628\u0641\u0636\u0644 \u0623\u062f\u0627\u0629 \u0627\u0644\u062a\u0637\u0628\u064a\u0642 \u0627\u0644\u062e\u0627\u0635\u0629 \u0628\u0647\u060c \u064a\u0645\u0643\u0646\u0643 \u062a\u0635\u062d\u064a\u062d \u0627\u0644\u0647\u0627\u0644\u0627\u062a \u0627\u0644\u0633\u0648\u062f\u0627\u0621 \u0648\u0627\u0644\u0634\u0648\u0627\u0626\u0628 \u0628\u0633\u0647\u0648\u0644\u0629.\u00a0\u064a\u0633\u0645\u062d \u0642\u0648\u0627\u0645\u0647 \u0628\u062a\u0645\u0648\u064a\u0647\u0647 \u0648\u062f\u0645\u062c\u0647 \u0641\u064a \u0627\u0644\u0628\u0634\u0631\u0629 \u0628\u0627\u0633\u062a\u062e\u062f\u0627\u0645 \u0641\u0631\u0634\u0627\u0629 \u0623\u0648 \u0625\u0633\u0641\u0646\u062c\u0629 \u0623\u0648 \u062d\u062a\u0649 \u0623\u0635\u0627\u0628\u0639 \u0627\u0644\u064a\u062f. \u0627\u062d\u0635\u0644\u064a \u0639\u0644\u0649 \u0628\u0634\u0631\u0629 \u062e\u0627\u0644\u064a\u0629 \u0645\u0646 \u0627\u0644\u0634\u0648\u0627\u0626\u0628 \u0648 \u0628\u062e\u0641\u0629 \u0645\u0637\u0644\u0642\u0629. \ud83c\uddec\ud83c\udde7 Maybelline Super Stay Full Coverage Under Eye [&hellip;]<\/p>\n","protected":false},"featured_media":18005,"template":"","meta":[],"pwb-brand":[238],"product_brand":[],"product_cat":[1173],"product_tag":[],"class_list":{"0":"post-18002","1":"product","2":"type-product","3":"status-publish","4":"has-post-thumbnail","6":"pwb-brand-maybelline-new-york","7":"product_cat-concealer-makeup","9":"first","10":"outofstock","11":"shipping-taxable","12":"product-type-variable","13":"has-default-attributes","14":"wvs-archive-product-wrapper"},"brands":[{"id":238,"name":"Maybelline New York","slug":"maybelline-new-york"}],"_links":{"self":[{"href":"https:\/\/gopinkish.com\/fr\/wp-json\/wp\/v2\/product\/18002","targetHints":{"allow":["GET"]}}],"collection":[{"href":"https:\/\/gopinkish.com\/fr\/wp-json\/wp\/v2\/product"}],"about":[{"href":"https:\/\/gopinkish.com\/fr\/wp-json\/wp\/v2\/types\/product"}],"wp:featuredmedia":[{"embeddable":true,"href":"https:\/\/gopinkish.com\/fr\/wp-json\/wp\/v2\/media\/18005"}],"wp:attachment":[{"href":"https:\/\/gopinkish.com\/fr\/wp-json\/wp\/v2\/media?parent=18002"}],"wp:term":[{"taxonomy":"pwb-brand","embeddable":true,"href":"https:\/\/gopinkish.com\/fr\/wp-json\/wp\/v2\/pwb-brand?post=18002"},{"taxonomy":"product_brand","embeddable":true,"href":"https:\/\/gopinkish.com\/fr\/wp-json\/wp\/v2\/product_brand?post=18002"},{"taxonomy":"product_cat","embeddable":true,"href":"https:\/\/gopinkish.com\/fr\/wp-json\/wp\/v2\/product_cat?post=18002"},{"taxonomy":"product_tag","embeddable":true,"href":"https:\/\/gopinkish.com\/fr\/wp-json\/wp\/v2\/product_tag?post=18002"}],"curies":[{"name":"wp","href":"https:\/\/api.w.org\/{rel}","templated":true}]}}