{"id":17944,"date":"2024-10-05T20:41:34","date_gmt":"2024-10-05T19:41:34","guid":{"rendered":"https:\/\/gopinkish.com\/?post_type=product&#038;p=17944"},"modified":"2026-03-29T16:06:16","modified_gmt":"2026-03-29T15:06:16","slug":"5021769215400","status":"publish","type":"product","link":"https:\/\/gopinkish.com\/fr\/produit\/5021769215400\/","title":{"rendered":"Palette de contours, de blush et de surligneurs"},"content":{"rendered":"<p>Une s\u00e9lection de poudres de contour, de surligneurs et de fards \u00e0 joues faciles \u00e0 m\u00e9langer, dans des tons froids et chauds, pour cr\u00e9er des looks de maquillage personnalis\u00e9s.<\/p>\n<p>Couleurs<br \/>\nPremi\u00e8re ligne<br \/>\nDream - Surligneur beige chaud<br \/>\nMirage - Contour Caramel<br \/>\nFable - Fard \u00e0 joues frais<br \/>\nStargaze Bronze Highlighter<\/p>\n<p>Deuxi\u00e8me rang\u00e9e<br \/>\nMelody - Surligneur beige jaune<br \/>\nNirvana - Contour brun clair<br \/>\nCoral Wonder - Blush chaud<br \/>\nChimera - Surligneur or rose<\/p>","protected":false},"excerpt":{"rendered":"<p>\u0645\u062c\u0645\u0648\u0639\u0629 \u0645\u062e\u062a\u0627\u0631\u0629 \u0645\u0646 \u0628\u0648\u062f\u0631\u0629 \u0627\u0644\u0643\u0648\u0646\u062a\u0648\u0631 \u0648\u0627\u0644\u0647\u0627\u064a\u0644\u0627\u064a\u062a\u0631 \u0648\u0623\u062d\u0645\u0631 \u0627\u0644\u062e\u062f\u0648\u062f \u0627\u0644\u0642\u0627\u0628\u0644\u0629 \u0644\u0644\u062f\u0645\u062c \u0628\u062f\u0631\u062c\u0627\u062a \u0623\u0644\u0648\u0627\u0646 \u0628\u0627\u0631\u062f\u0629 \u0648\u062f\u0627\u0641\u0626\u0629 \u0644\u0625\u0646\u0634\u0627\u0621 \u0625\u0637\u0644\u0627\u0644\u0627\u062a \u0645\u0643\u064a\u0627\u062c \u0641\u0631\u062f\u064a\u0629. \u0627\u0644\u0623\u0644\u0648\u0627\u0646 \u0627\u0644\u0635\u0641 \u0627\u0644\u0639\u0644\u0648\u064a \u062f\u0631\u064a\u0645 &#8211; \u0647\u0627\u064a\u0644\u0627\u064a\u062a\u0631 \u0628\u064a\u062c \u062f\u0627\u0641\u0626 \u0645\u064a\u0631\u0627\u062c &#8211; \u0643\u0648\u0646\u062a\u0648\u0631 \u0643\u0631\u0627\u0645\u064a\u0644 \u0641\u0627\u0628\u0644 &#8211; \u0623\u062d\u0645\u0631 \u062e\u062f\u0648\u062f \u0628\u0627\u0631\u062f \u0633\u062a\u0627\u0631\u062c\u064a\u0632 &#8211; \u0647\u0627\u064a\u0644\u0627\u064a\u062a\u0631 \u0628\u0631\u0648\u0646\u0632\u064a \u0627\u0644\u0635\u0641 \u0627\u0644\u062b\u0627\u0646\u064a \u0645\u064a\u0644\u0648\u062f\u064a &#8211; \u0647\u0627\u064a\u0644\u0627\u064a\u062a\u0631 \u0628\u064a\u062c \u0623\u0635\u0641\u0631 \u0646\u064a\u0631\u0641\u0627\u0646\u0627 &#8211; \u0643\u0648\u0646\u062a\u0648\u0631 \u0628\u0646\u064a \u0641\u0627\u062a\u062d \u0643\u0648\u0631\u0627\u0644 \u0648\u0646\u062f\u0631 &#8211; \u0623\u062d\u0645\u0631 [&hellip;]<\/p>\n","protected":false},"featured_media":17945,"template":"","meta":[],"pwb-brand":[1009],"product_brand":[],"product_cat":[1169,1165,1167,1170],"product_tag":[],"class_list":{"0":"post-17944","1":"product","2":"type-product","3":"status-publish","4":"has-post-thumbnail","6":"pwb-brand-technic","7":"product_cat-blush-makeup","8":"product_cat-makeup-palette","9":"product_cat-contour","10":"product_cat-highlighter-makeup","12":"first","13":"outofstock","14":"shipping-taxable","15":"purchasable","16":"product-type-simple"},"brands":[{"id":1009,"name":"Technic","slug":"technique"}],"_links":{"self":[{"href":"https:\/\/gopinkish.com\/fr\/wp-json\/wp\/v2\/product\/17944","targetHints":{"allow":["GET"]}}],"collection":[{"href":"https:\/\/gopinkish.com\/fr\/wp-json\/wp\/v2\/product"}],"about":[{"href":"https:\/\/gopinkish.com\/fr\/wp-json\/wp\/v2\/types\/product"}],"wp:featuredmedia":[{"embeddable":true,"href":"https:\/\/gopinkish.com\/fr\/wp-json\/wp\/v2\/media\/17945"}],"wp:attachment":[{"href":"https:\/\/gopinkish.com\/fr\/wp-json\/wp\/v2\/media?parent=17944"}],"wp:term":[{"taxonomy":"pwb-brand","embeddable":true,"href":"https:\/\/gopinkish.com\/fr\/wp-json\/wp\/v2\/pwb-brand?post=17944"},{"taxonomy":"product_brand","embeddable":true,"href":"https:\/\/gopinkish.com\/fr\/wp-json\/wp\/v2\/product_brand?post=17944"},{"taxonomy":"product_cat","embeddable":true,"href":"https:\/\/gopinkish.com\/fr\/wp-json\/wp\/v2\/product_cat?post=17944"},{"taxonomy":"product_tag","embeddable":true,"href":"https:\/\/gopinkish.com\/fr\/wp-json\/wp\/v2\/product_tag?post=17944"}],"curies":[{"name":"wp","href":"https:\/\/api.w.org\/{rel}","templated":true}]}}