{"id":17758,"date":"2024-10-19T12:06:47","date_gmt":"2024-10-19T11:06:47","guid":{"rendered":"https:\/\/gopinkish.com\/?post_type=product&#038;p=17758"},"modified":"2026-04-23T18:40:30","modified_gmt":"2026-04-23T17:40:30","slug":"609332817869","status":"publish","type":"product","link":"https:\/\/gopinkish.com\/fr\/produit\/609332817869\/","title":{"rendered":"Rouge \u00e0 l\u00e8vres satin\u00e9 longue tenue"},"content":{"rendered":"<p>Un rouge \u00e0 l\u00e8vres au fini satin\u00e9 qui offre la couleur dont vous r\u00eavez dans une formule cr\u00e9meuse, confortable et longue dur\u00e9e.<\/p>\n<p><strong>Caract\u00e9ristiques :<\/strong><\/p>\n<ul>\n<li>Formule longue dur\u00e9e et confortable.<\/li>\n<li>Une couleur richement pigment\u00e9e et un fini satin\u00e9.<\/li>\n<li>Une formule nourrissante enrichie d'huile de marula, d'esters de squalane et de jojoba.<\/li>\n<li>Disponible en 20 couleurs passionnantes.<\/li>\n<li>Emballage ultra-luxueux, doux au toucher, avec fermeture magn\u00e9tique.<\/li>\n<\/ul>\n<p>Les principaux ingr\u00e9dients :<\/p>\n<p>Squalane (5%) : Fixe l'hydratation pour des l\u00e8vres douces<br \/>\nEsters de jojoba : Hydrate et adoucit les l\u00e8vres<\/p>\n<p>Offrez le meilleur de O FACE en un seul geste. Ce rouge \u00e0 l\u00e8vres cr\u00e9meux et satin\u00e9 a une longue dur\u00e9e de vie et est enrichi en squalane hydratant et en esters de jojoba pour une sensation ultra-confortable et in\u00e9gal\u00e9e. Chouchoutez vos l\u00e8vres avec une large gamme de couleurs passionnantes.<\/p>\n<p dir=\"ltr\" style=\"text-align: center;\">\ud83c\uddec\ud83c\udde7 e.l.f. O FACE Rouge \u00e0 l\u00e8vres satin\u00e9<br \/>\n\ud83c\uddeb\ud83c\uddf7 Rouge \u00e0 L\u00e8vres Satin\u00e9 O FACE e.l.f.<\/p>\n<p dir=\"ltr\" style=\"text-align: right;\">","protected":false},"excerpt":{"rendered":"<p>\u0623\u062d\u0645\u0631 \u0634\u0641\u0627\u0647 \u0628\u0644\u0645\u0633\u0629 \u0646\u0647\u0627\u0626\u064a\u0629 \u0633\u0627\u062a\u0627\u0646\u064a\u0629 \u064a\u0645\u0646\u062d\u0643 \u0644\u0648\u0646\u064b\u0627 \u0631\u0627\u0626\u0639\u0627\u064b \u062a\u062a\u0648\u0642\u064a\u0646 \u0625\u0644\u064a\u0647 \u0641\u064a \u062a\u0631\u0643\u064a\u0628\u0629 \u0643\u0631\u064a\u0645\u064a\u0629 \u0645\u0631\u064a\u062d\u0629 \u062a\u062f\u0648\u0645 \u0637\u0648\u064a\u0644\u0627\u064b. \u0627\u0644\u0645\u0645\u064a\u0632\u0627\u062a: \u062a\u0631\u0643\u064a\u0628\u0629 \u0645\u0631\u064a\u062d\u0629 \u062a\u062f\u0648\u0645 \u0637\u0648\u064a\u0644\u0627\u064b. \u063a\u0646\u064a\u0629 \u0628\u0627\u0644\u0635\u0628\u063a\u0629 \u0628\u0627\u0644\u0644\u0648\u0646 \u0645\u0639 \u0644\u0645\u0633\u0629 \u0646\u0647\u0627\u0626\u064a\u0629 \u0633\u0627\u062a\u0627\u0646\u064a\u0629. \u062a\u0631\u0643\u064a\u0628\u0629 \u0645\u063a\u0630\u064a\u0629 \u063a\u0646\u064a\u0629 \u0628\u0632\u064a\u062a \u0627\u0644\u0645\u0627\u0631\u0648\u0644\u0627 \u0648\u0625\u0633\u062a\u0631\u0627\u062a \u0627\u0644\u0633\u0643\u0648\u0627\u0644\u064a\u0646 \u0648\u0627\u0644\u062c\u0648\u062c\u0648\u0628\u0627. \u0645\u062a\u0648\u0641\u0631\u0629 \u0641\u064a 20 \u0644\u0648\u0646\u064b\u0627 \u0645\u062b\u064a\u0631\u064b\u0627. \u0639\u0628\u0648\u0629 \u0641\u0627\u0626\u0642\u0629 \u0627\u0644\u0641\u062e\u0627\u0645\u0629 \u0648\u0646\u0627\u0639\u0645\u0629 \u0627\u0644\u0645\u0644\u0645\u0633 \u0645\u0639 \u0625\u063a\u0644\u0627\u0642 \u0645\u063a\u0646\u0627\u0637\u064a\u0633\u064a. \u0627\u0644\u0645\u0643\u0648\u0646\u0627\u062a \u0627\u0644\u0631\u0626\u064a\u0633\u064a\u0629: \u0633\u0643\u0648\u0627\u0644\u064a\u0646 (5%): \u064a\u062d\u0628\u0633 \u0627\u0644\u0631\u0637\u0648\u0628\u0629 [&hellip;]<\/p>\n","protected":false},"featured_media":17771,"template":"","meta":[],"pwb-brand":[1063],"product_brand":[],"product_cat":[1182],"product_tag":[],"class_list":{"0":"post-17758","1":"product","2":"type-product","3":"status-publish","4":"has-post-thumbnail","6":"pwb-brand-elf","7":"product_cat-lipstick-makeup","9":"first","10":"instock","11":"shipping-taxable","12":"purchasable","13":"product-type-variable","14":"has-default-attributes","15":"wvs-archive-product-wrapper"},"brands":[{"id":1063,"name":"e.l.f.","slug":"elfe"}],"_links":{"self":[{"href":"https:\/\/gopinkish.com\/fr\/wp-json\/wp\/v2\/product\/17758","targetHints":{"allow":["GET"]}}],"collection":[{"href":"https:\/\/gopinkish.com\/fr\/wp-json\/wp\/v2\/product"}],"about":[{"href":"https:\/\/gopinkish.com\/fr\/wp-json\/wp\/v2\/types\/product"}],"wp:featuredmedia":[{"embeddable":true,"href":"https:\/\/gopinkish.com\/fr\/wp-json\/wp\/v2\/media\/17771"}],"wp:attachment":[{"href":"https:\/\/gopinkish.com\/fr\/wp-json\/wp\/v2\/media?parent=17758"}],"wp:term":[{"taxonomy":"pwb-brand","embeddable":true,"href":"https:\/\/gopinkish.com\/fr\/wp-json\/wp\/v2\/pwb-brand?post=17758"},{"taxonomy":"product_brand","embeddable":true,"href":"https:\/\/gopinkish.com\/fr\/wp-json\/wp\/v2\/product_brand?post=17758"},{"taxonomy":"product_cat","embeddable":true,"href":"https:\/\/gopinkish.com\/fr\/wp-json\/wp\/v2\/product_cat?post=17758"},{"taxonomy":"product_tag","embeddable":true,"href":"https:\/\/gopinkish.com\/fr\/wp-json\/wp\/v2\/product_tag?post=17758"}],"curies":[{"name":"wp","href":"https:\/\/api.w.org\/{rel}","templated":true}]}}