{"id":17691,"date":"2024-10-19T01:58:20","date_gmt":"2024-10-19T00:58:20","guid":{"rendered":"https:\/\/gopinkish.com\/?post_type=product&#038;p=17691"},"modified":"2026-03-02T20:00:10","modified_gmt":"2026-03-02T19:00:10","slug":"8025272974172","status":"publish","type":"product","link":"https:\/\/gopinkish.com\/fr\/produit\/8025272974172\/","title":{"rendered":"Blush brillant ultra-pigment\u00e9"},"content":{"rendered":"<p style=\"text-align: justify;\">Un blush ultra-pigment\u00e9 au fini lumineux.<\/p>\n<p style=\"text-align: justify;\"><strong>Parfait pour :\u00a0<\/strong>Am\u00e9liorer les contours du visage, \u00e9claircir la peau et cr\u00e9er des touches de lumi\u00e8re et de profondeur<\/p>\n<p style=\"text-align: justify;\"><strong>Caract\u00e9ristiques :<\/strong><\/p>\n<ul>\n<li style=\"text-align: justify;\">Texture douce, souple et exclusive, sensible au toucher, se fondant instantan\u00e9ment dans la peau.<\/li>\n<li style=\"text-align: justify;\">D'une couleur intense, la formule rehausse les contours du visage par des touches de lumi\u00e8re raffin\u00e9es, pour un fini ultra-lumineux.<\/li>\n<li style=\"text-align: justify;\">Disponible dans un petit \u00e9tui pratique avec miroir int\u00e9gr\u00e9, il est parfait pour une utilisation en d\u00e9placement.<\/li>\n<\/ul>\n<p style=\"text-align: center;\">\u00a0KIKO MILANO Fard \u00e0 joues \u00e9clatant Mood Boost<\/p>","protected":false},"excerpt":{"rendered":"<p>\u0623\u062d\u0645\u0631 \u062e\u062f\u0648\u062f \u0641\u0627\u0626\u0642 \u0627\u0644\u062a\u0635\u0628\u063a \u0628\u0644\u0645\u0633\u0629 \u0646\u0647\u0627\u0626\u064a\u0629 \u0645\u0634\u0631\u0642\u0629. \u0645\u062b\u0627\u0644\u064a \u0644\u0640:\u00a0\u062a\u0639\u0632\u064a\u0632 \u0645\u0644\u0627\u0645\u062d \u0627\u0644\u0648\u062c\u0647 \u0648\u062a\u0641\u062a\u064a\u062d \u0627\u0644\u0628\u0634\u0631\u0629 \u0648\u062e\u0644\u0642 \u0644\u0645\u0633\u0627\u062a \u0645\u0646 \u0627\u0644\u0636\u0648\u0621 \u0648\u0627\u0644\u0639\u0645\u0642 \u0627\u0644\u0645\u0645\u064a\u0632\u0627\u062a: \u0645\u0644\u0645\u0633 \u0646\u0627\u0639\u0645 \u0648\u0645\u0631\u0646 \u0648\u062d\u0635\u0631\u064a\u060c \u062d\u0633\u0627\u0633 \u0639\u0646\u062f \u0627\u0644\u0644\u0645\u0633\u060c \u064a\u0630\u0648\u0628 \u0639\u0644\u0649 \u0627\u0644\u0641\u0648\u0631 \u0641\u064a \u0627\u0644\u062c\u0644\u062f \u0628\u0641\u0636\u0644 \u0644\u0648\u0646\u0647 \u0627\u0644\u0645\u0643\u062b\u0641\u060c \u062a\u0639\u0645\u0644 \u0627\u0644\u062a\u0631\u0643\u064a\u0628\u0629 \u0639\u0644\u0649 \u062a\u0639\u0632\u064a\u0632 \u0645\u0644\u0627\u0645\u062d \u0627\u0644\u0648\u062c\u0647 \u0628\u0644\u0645\u0633\u0627\u062a \u0645\u0646 \u0627\u0644\u0636\u0648\u0621 \u0627\u0644\u0645\u0643\u0631\u0631\u060c \u0645\u0645\u0627 \u064a\u0648\u0641\u0631 \u0644\u0645\u0633\u0629 \u0646\u0647\u0627\u0626\u064a\u0629 \u0641\u0627\u0626\u0642\u0629 \u0627\u0644\u0625\u0634\u0631\u0627\u0642 \u0645\u062a\u0648\u0641\u0631 \u0641\u064a \u0639\u0644\u0628\u0629 \u0635\u063a\u064a\u0631\u0629 \u0633\u0647\u0644\u0629 [&hellip;]<\/p>\n","protected":false},"featured_media":17694,"template":"","meta":[],"pwb-brand":[220],"product_brand":[],"product_cat":[1169],"product_tag":[],"class_list":{"0":"post-17691","1":"product","2":"type-product","3":"status-publish","4":"has-post-thumbnail","6":"pwb-brand-kiko","7":"product_cat-blush-makeup","9":"first","10":"instock","11":"shipping-taxable","12":"purchasable","13":"product-type-variable","14":"has-default-attributes","15":"wvs-archive-product-wrapper"},"brands":[{"id":220,"name":"Kiko Milano","slug":"kiko"}],"_links":{"self":[{"href":"https:\/\/gopinkish.com\/fr\/wp-json\/wp\/v2\/product\/17691","targetHints":{"allow":["GET"]}}],"collection":[{"href":"https:\/\/gopinkish.com\/fr\/wp-json\/wp\/v2\/product"}],"about":[{"href":"https:\/\/gopinkish.com\/fr\/wp-json\/wp\/v2\/types\/product"}],"wp:featuredmedia":[{"embeddable":true,"href":"https:\/\/gopinkish.com\/fr\/wp-json\/wp\/v2\/media\/17694"}],"wp:attachment":[{"href":"https:\/\/gopinkish.com\/fr\/wp-json\/wp\/v2\/media?parent=17691"}],"wp:term":[{"taxonomy":"pwb-brand","embeddable":true,"href":"https:\/\/gopinkish.com\/fr\/wp-json\/wp\/v2\/pwb-brand?post=17691"},{"taxonomy":"product_brand","embeddable":true,"href":"https:\/\/gopinkish.com\/fr\/wp-json\/wp\/v2\/product_brand?post=17691"},{"taxonomy":"product_cat","embeddable":true,"href":"https:\/\/gopinkish.com\/fr\/wp-json\/wp\/v2\/product_cat?post=17691"},{"taxonomy":"product_tag","embeddable":true,"href":"https:\/\/gopinkish.com\/fr\/wp-json\/wp\/v2\/product_tag?post=17691"}],"curies":[{"name":"wp","href":"https:\/\/api.w.org\/{rel}","templated":true}]}}