{"id":17664,"date":"2024-10-18T23:44:04","date_gmt":"2024-10-18T22:44:04","guid":{"rendered":"https:\/\/gopinkish.com\/?post_type=product&#038;p=17664"},"modified":"2026-04-21T18:39:13","modified_gmt":"2026-04-21T17:39:13","slug":"8025272988834","status":"publish","type":"product","link":"https:\/\/gopinkish.com\/fr\/produit\/8025272988834\/","title":{"rendered":"Duo d'anticernes et d'appr\u00eats pour les yeux"},"content":{"rendered":"<p><strong>Parfait pour :\u00a0<\/strong>Dissimulez les imperfections et la pigmentation, cr\u00e9ez la base parfaite pour le maquillage des yeux et tirez le meilleur parti de la texture, en une seule \u00e9tape et avec un seul produit.<\/p>\n<p><strong>Caract\u00e9ristiques :<\/strong><\/p>\n<ul>\n<li>L'eye primer est enrichi en extrait de camomille produit de mani\u00e8re durable et contient 88% d'ingr\u00e9dients naturels.<\/li>\n<li>Extr\u00eamement l\u00e9g\u00e8re et d\u00e9licate, elle s\u00e8che rapidement et cr\u00e9e une base parfaite pour le maquillage des yeux.<\/li>\n<li>Gr\u00e2ce \u00e0 son applicateur moelleux, il est incroyablement facile \u00e0 appliquer, m\u00eame en d\u00e9placement.<\/li>\n<li>Ce correcteur est enrichi en eau de fleur d'oranger produite de mani\u00e8re durable, en extraits de fleurs de guimauve, en algues coralliennes et en algues brunes.<\/li>\n<li>Il a une texture tr\u00e8s confortable et offre une couvrance moyenne et un r\u00e9sultat modulable.<\/li>\n<li>- Gr\u00e2ce \u00e0 la t\u00eate d'application rembourr\u00e9e, il est facile \u00e0 appliquer et \u00e0 estomper, m\u00eame en d\u00e9placement.<\/li>\n<\/ul>","protected":false},"excerpt":{"rendered":"<p>\u0645\u062b\u0627\u0644\u064a \u0644\u0640:\u00a0\u0625\u062e\u0641\u0627\u0621 \u0627\u0644\u0628\u0642\u0639 \u0648\u0627\u0644\u062a\u0635\u0628\u063a\u0627\u062a \u0648\u062e\u0644\u0642 \u0642\u0627\u0639\u062f\u0629 \u0645\u062b\u0627\u0644\u064a\u0629 \u0644\u0645\u0643\u064a\u0627\u062c \u0627\u0644\u0639\u064a\u0648\u0646 \u0648\u0627\u0644\u062d\u0635\u0648\u0644 \u0639\u0644\u0649 \u0623\u0642\u0635\u0649 \u0627\u0633\u062a\u0641\u0627\u062f\u0629 \u0645\u0646 \u0627\u0644\u0645\u0644\u0645\u0633\u060c \u0641\u064a \u062e\u0637\u0648\u0629 \u0648\u0627\u062d\u062f\u0629 \u0641\u0642\u0637 \u0628\u0627\u0633\u062a\u062e\u062f\u0627\u0645 \u0645\u0646\u062a\u062c \u0648\u0627\u062d\u062f. \u0627\u0644\u0645\u0645\u064a\u0632\u0627\u062a: \u064a\u062d\u062a\u0648\u064a \u0628\u0631\u0627\u064a\u0645\u0631 \u0627\u0644\u0639\u064a\u0648\u0646 \u0639\u0644\u0649 \u062a\u0631\u0643\u064a\u0628\u0629 \u0646\u0628\u0627\u062a\u064a\u0629 \u063a\u0646\u064a\u0629 \u0628\u0645\u0633\u062a\u062e\u0644\u0635 \u0627\u0644\u0628\u0627\u0628\u0648\u0646\u062c \u0627\u0644\u0645\u0646\u062a\u062c \u0628\u0634\u0643\u0644 \u0645\u0633\u062a\u062f\u0627\u0645 \u0648\u064a\u062d\u062a\u0648\u064a \u0639\u0644\u0649 88% \u0645\u0646 \u0627\u0644\u0645\u0643\u0648\u0646\u0627\u062a \u0627\u0644\u0637\u0628\u064a\u0639\u064a\u0629. \u062e\u0641\u064a\u0641 \u0648\u062f\u0642\u064a\u0642 \u0644\u0644\u063a\u0627\u064a\u0629\u060c \u064a\u062c\u0641 \u0628\u0633\u0631\u0639\u0629 \u0648\u064a\u062e\u0644\u0642 \u0642\u0627\u0639\u062f\u0629 \u0645\u062b\u0627\u0644\u064a\u0629 \u0644\u0645\u0643\u064a\u0627\u062c \u0627\u0644\u0639\u064a\u0648\u0646. \u0628\u0641\u0636\u0644 \u0623\u062f\u0627\u0629 \u0627\u0644\u062a\u0637\u0628\u064a\u0642 \u0630\u0627\u062a [&hellip;]<\/p>\n","protected":false},"featured_media":17669,"template":"","meta":[],"pwb-brand":[220],"product_brand":[],"product_cat":[1173],"product_tag":[],"class_list":{"0":"post-17664","1":"product","2":"type-product","3":"status-publish","4":"has-post-thumbnail","6":"pwb-brand-kiko","7":"product_cat-concealer-makeup","9":"first","10":"instock","11":"shipping-taxable","12":"purchasable","13":"product-type-variable","14":"has-default-attributes","15":"wvs-archive-product-wrapper"},"brands":[{"id":220,"name":"Kiko Milano","slug":"kiko"}],"_links":{"self":[{"href":"https:\/\/gopinkish.com\/fr\/wp-json\/wp\/v2\/product\/17664","targetHints":{"allow":["GET"]}}],"collection":[{"href":"https:\/\/gopinkish.com\/fr\/wp-json\/wp\/v2\/product"}],"about":[{"href":"https:\/\/gopinkish.com\/fr\/wp-json\/wp\/v2\/types\/product"}],"wp:featuredmedia":[{"embeddable":true,"href":"https:\/\/gopinkish.com\/fr\/wp-json\/wp\/v2\/media\/17669"}],"wp:attachment":[{"href":"https:\/\/gopinkish.com\/fr\/wp-json\/wp\/v2\/media?parent=17664"}],"wp:term":[{"taxonomy":"pwb-brand","embeddable":true,"href":"https:\/\/gopinkish.com\/fr\/wp-json\/wp\/v2\/pwb-brand?post=17664"},{"taxonomy":"product_brand","embeddable":true,"href":"https:\/\/gopinkish.com\/fr\/wp-json\/wp\/v2\/product_brand?post=17664"},{"taxonomy":"product_cat","embeddable":true,"href":"https:\/\/gopinkish.com\/fr\/wp-json\/wp\/v2\/product_cat?post=17664"},{"taxonomy":"product_tag","embeddable":true,"href":"https:\/\/gopinkish.com\/fr\/wp-json\/wp\/v2\/product_tag?post=17664"}],"curies":[{"name":"wp","href":"https:\/\/api.w.org\/{rel}","templated":true}]}}