{"id":17475,"date":"2024-10-18T19:42:29","date_gmt":"2024-10-18T18:42:29","guid":{"rendered":"https:\/\/gopinkish.com\/?post_type=product&#038;p=17475"},"modified":"2026-04-02T09:58:05","modified_gmt":"2026-04-02T08:58:05","slug":"6931611300538","status":"publish","type":"product","link":"https:\/\/gopinkish.com\/fr\/produit\/6931611300538\/","title":{"rendered":"Brillant \u00e0 l\u00e8vres non collant et hydratant"},"content":{"rendered":"<p style=\"text-align: justify;\">Enfin ! Un brillant \u00e0 l\u00e8vres pour repulper les l\u00e8vres sans douleur ! Ce brillant \u00e0 l\u00e8vres solide offre une grande brillance et une incroyable saturation des couleurs pour des l\u00e8vres plus fra\u00eeches que jamais ! Formul\u00e9 avec de l'huile de noix de coco nourrissante, notre brillant \u00e0 l\u00e8vres solide garde les l\u00e8vres hydrat\u00e9es sans \u00eatre collant ! Pr\u00e9parez-vous \u00e0 recevoir tous les compliments, car avec ce gloss, les compliments ne cesseront jamais d'affluer !<\/p>\n<p dir=\"ltr\" style=\"text-align: center;\">\ud83c\uddec\ud83c\udde7 Sheglam Pout-Perfect Shine Lip Plumper<br \/>\n\ud83c\uddeb\ud83c\uddf7 Gloss Repulpant Brillant Pout-Perfect Sheglam<\/p>","protected":false},"excerpt":{"rendered":"<p>\u0623\u062e\u064a\u0631\u064b\u0627! \u0645\u0644\u0645\u0639 \u0634\u0641\u0627\u0647 \u0644\u0646\u0641\u062e \u0627\u0644\u0634\u0641\u0627\u0647 \u0628\u062f\u0648\u0646 \u0623\u0644\u0645! \u064a\u0645\u0646\u062d\u0643 \u0645\u0644\u0645\u0639 \u0627\u0644\u0634\u0641\u0627\u0647 \u0627\u0644\u0635\u0644\u0628 \u0647\u0630\u0627 \u0644\u0645\u0639\u0627\u0646\u064b\u0627 \u0639\u0627\u0644\u064a\u064b\u0627 \u0648\u062a\u0634\u0628\u0639\u064b\u0627 \u0645\u0630\u0647\u0644\u0627\u064b \u0644\u0644\u0623\u0644\u0648\u0627\u0646 \u0644\u0644\u062d\u0635\u0648\u0644 \u0639\u0644\u0649 \u0634\u0641\u0627\u0647 \u0623\u0643\u062b\u0631 \u0646\u0636\u0627\u0631\u0629 \u0639\u0644\u0649 \u0627\u0644\u0625\u0637\u0644\u0627\u0642! \u0635\u064f\u0645\u0645 \u0645\u0644\u0645\u0639 \u0627\u0644\u0634\u0641\u0627\u0647 \u0627\u0644\u0635\u0644\u0628 \u0627\u0644\u062e\u0627\u0635 \u0628\u0646\u0627 \u0628\u0627\u0633\u062a\u062e\u062f\u0627\u0645 \u0632\u064a\u062a \u062c\u0648\u0632 \u0627\u0644\u0647\u0646\u062f \u0627\u0644\u0645\u063a\u0630\u064a\u060c \u0648\u064a\u062d\u0627\u0641\u0638 \u0639\u0644\u0649 \u062a\u0631\u0637\u064a\u0628 \u0627\u0644\u0634\u0641\u0627\u0647 \u062f\u0648\u0646 \u0623\u0646 \u064a\u0635\u0628\u062d \u0644\u0632\u062c\u064b\u0627! \u0627\u0633\u062a\u0639\u062f\u064a \u0644\u0643\u0644 \u0627\u0644\u0625\u0637\u0631\u0627\u0621\u0627\u062a\u060c \u0644\u0623\u0646\u0647 \u0645\u0639 \u0647\u0630\u0627 \u0627\u0644\u0645\u0644\u0645\u0639\u060c \u0644\u0646 \u062a\u062a\u0648\u0642\u0641 \u0627\u0644\u0625\u0637\u0631\u0627\u0621\u0627\u062a \u0639\u0646 \u0627\u0644\u062a\u062f\u0641\u0642 [&hellip;]<\/p>\n","protected":false},"featured_media":17488,"template":"","meta":[],"pwb-brand":[709],"product_brand":[],"product_cat":[1181,1177,1180,1178],"product_tag":[],"class_list":{"0":"post-17475","1":"product","2":"type-product","3":"status-publish","4":"has-post-thumbnail","6":"pwb-brand-sheglam","7":"product_cat-liquid-lipstick-makeup","8":"product_cat-lips-balm-makeup","9":"product_cat-lips-gloss-makeup","10":"product_cat-lips-plump-makeup","12":"first","13":"instock","14":"shipping-taxable","15":"purchasable","16":"product-type-variable","17":"has-default-attributes","18":"wvs-archive-product-wrapper"},"brands":[{"id":709,"name":"Sheglam","slug":"sheglam"}],"_links":{"self":[{"href":"https:\/\/gopinkish.com\/fr\/wp-json\/wp\/v2\/product\/17475","targetHints":{"allow":["GET"]}}],"collection":[{"href":"https:\/\/gopinkish.com\/fr\/wp-json\/wp\/v2\/product"}],"about":[{"href":"https:\/\/gopinkish.com\/fr\/wp-json\/wp\/v2\/types\/product"}],"wp:featuredmedia":[{"embeddable":true,"href":"https:\/\/gopinkish.com\/fr\/wp-json\/wp\/v2\/media\/17488"}],"wp:attachment":[{"href":"https:\/\/gopinkish.com\/fr\/wp-json\/wp\/v2\/media?parent=17475"}],"wp:term":[{"taxonomy":"pwb-brand","embeddable":true,"href":"https:\/\/gopinkish.com\/fr\/wp-json\/wp\/v2\/pwb-brand?post=17475"},{"taxonomy":"product_brand","embeddable":true,"href":"https:\/\/gopinkish.com\/fr\/wp-json\/wp\/v2\/product_brand?post=17475"},{"taxonomy":"product_cat","embeddable":true,"href":"https:\/\/gopinkish.com\/fr\/wp-json\/wp\/v2\/product_cat?post=17475"},{"taxonomy":"product_tag","embeddable":true,"href":"https:\/\/gopinkish.com\/fr\/wp-json\/wp\/v2\/product_tag?post=17475"}],"curies":[{"name":"wp","href":"https:\/\/api.w.org\/{rel}","templated":true}]}}