{"id":17399,"date":"2024-10-18T16:16:40","date_gmt":"2024-10-18T15:16:40","guid":{"rendered":"https:\/\/gopinkish.com\/?post_type=product&#038;p=17399"},"modified":"2025-08-04T18:47:11","modified_gmt":"2025-08-04T17:47:11","slug":"071249017197","status":"publish","type":"product","link":"https:\/\/gopinkish.com\/fr\/produit\/071249017197\/","title":{"rendered":"Poudre visage ultra-fondante"},"content":{"rendered":"<p style=\"text-align: justify;\">Une poudre compacte qui offre une couvrance modulable tout en r\u00e9duisant les pores et les ridules. Ce fond de teint en poudre ne s'agglom\u00e8re pas, ne contient pas d'huile et est non com\u00e9dog\u00e8ne.<\/p>\n<p style=\"text-align: justify;\">Obtenez un r\u00e9sultat parfait avec la poudre de maquillage True Match, sans huile et facile \u00e0 estomper. Cette poudre finement press\u00e9e offre une couvrance modulable et durable. Choisissez votre nuance True Match pour trouver celle qui s'harmonise avec votre teint et votre carnation.<\/p>\n<p style=\"text-align: justify;\">Composition :<\/p>\n<ul>\n<li style=\"text-align: justify;\">Ne s\u00e8che pas et offre une couverture ind\u00e9tectable<\/li>\n<li style=\"text-align: justify;\">L\u00e9ger et doux au toucher<\/li>\n<li style=\"text-align: justify;\">Ne s'accumule pas dans les lignes, n'obstrue pas les pores et ne s'agglom\u00e8re pas tout au long de la journ\u00e9e.<\/li>\n<li style=\"text-align: justify;\">Minimise l'apparence des pores<\/li>\n<li style=\"text-align: justify;\">Am\u00e9liore le teint et la texture de la peau apr\u00e8s seulement 4 semaines d'utilisation<\/li>\n<li style=\"text-align: justify;\">Laisse la peau confortable tout au long de la journ\u00e9e<\/li>\n<\/ul>\n<p dir=\"ltr\" style=\"text-align: center;\">\ud83c\uddec\ud83c\udde7 L'Or\u00e9al Paris True Match Super-Blendable Pressed Powder (poudre compacte super-transparente)<br \/>\n\ud83c\uddeb\ud83c\uddf7 Poudre Compacte Super-Blendable True Match L'Or\u00e9al Paris<\/p>","protected":false},"excerpt":{"rendered":"<p>\u0628\u0648\u062f\u0631\u0629 \u0645\u0636\u063a\u0648\u0637\u0629 \u062a\u0648\u0641\u0631 \u062a\u063a\u0637\u064a\u0629 \u0642\u0627\u0628\u0644\u0629 \u0644\u0644\u0628\u0646\u0627\u0621 \u0645\u0639 \u062a\u0642\u0644\u064a\u0644 \u0627\u0644\u0645\u0633\u0627\u0645 \u0648\u0627\u0644\u062e\u0637\u0648\u0637 \u0627\u0644\u062f\u0642\u064a\u0642\u0629. \u0628\u0648\u062f\u0631\u0629 \u0627\u0644\u0623\u0633\u0627\u0633 \u0647\u0627\u062a\u0647 \u063a\u064a\u0631 \u0645\u062a\u0643\u062a\u0644\u0629 \u0648\u062e\u0627\u0644\u064a\u0629 \u0645\u0646 \u0627\u0644\u0632\u064a\u0648\u062a \u0648\u0644\u0627 \u062a\u0633\u0628\u0628 \u0627\u0646\u0633\u062f\u0627\u062f \u0627\u0644\u0645\u0633\u0627\u0645. \u0627\u062d\u0635\u0644\u064a \u0639\u0644\u0649 \u062a\u0637\u0627\u0628\u0642 \u0645\u062b\u0627\u0644\u064a \u0645\u0639 \u0628\u0648\u062f\u0631\u0629 \u0627\u0644\u0645\u0643\u064a\u0627\u062c \u0627\u0644\u062e\u0627\u0644\u064a\u0629 \u0645\u0646 \u0627\u0644\u0632\u064a\u0648\u062a \u0627\u0644\u0642\u0627\u0628\u0644\u0629 \u0644\u0644\u062f\u0645\u062c \u0645\u0646 \u062a\u0631\u0648 \u0645\u0627\u062a\u0634. \u062a\u0648\u0641\u0631 \u0647\u0630\u0647 \u0627\u0644\u0628\u0648\u062f\u0631\u0629 \u0627\u0644\u0645\u0636\u063a\u0648\u0637\u0629 \u0627\u0644\u062f\u0642\u064a\u0642\u0629 \u062a\u063a\u0637\u064a\u0629 \u0642\u0627\u0628\u0644\u0629 \u0644\u0644\u0628\u0646\u0627\u0621 \u0648\u062a\u062f\u0648\u0645 \u0637\u0648\u064a\u0644\u0627\u064b. \u0627\u062e\u062a\u0627\u0631\u064a \u0644\u0648\u0646 \u062a\u0631\u0648 \u0645\u0627\u062a\u0634 \u0627\u0644\u062e\u0627\u0635 \u0628\u0643 \u0644\u0644\u0639\u062b\u0648\u0631 [&hellip;]<\/p>\n","protected":false},"featured_media":17401,"template":"","meta":[],"pwb-brand":[239],"product_brand":[],"product_cat":[1172],"product_tag":[],"class_list":{"0":"post-17399","1":"product","2":"type-product","3":"status-publish","4":"has-post-thumbnail","6":"pwb-brand-loreal","7":"product_cat-powder-makeup","9":"first","10":"instock","11":"shipping-taxable","12":"purchasable","13":"product-type-variable","14":"has-default-attributes","15":"wvs-archive-product-wrapper"},"brands":[{"id":239,"name":"L'Or\u00e9al Paris","slug":"loreal"}],"_links":{"self":[{"href":"https:\/\/gopinkish.com\/fr\/wp-json\/wp\/v2\/product\/17399","targetHints":{"allow":["GET"]}}],"collection":[{"href":"https:\/\/gopinkish.com\/fr\/wp-json\/wp\/v2\/product"}],"about":[{"href":"https:\/\/gopinkish.com\/fr\/wp-json\/wp\/v2\/types\/product"}],"wp:featuredmedia":[{"embeddable":true,"href":"https:\/\/gopinkish.com\/fr\/wp-json\/wp\/v2\/media\/17401"}],"wp:attachment":[{"href":"https:\/\/gopinkish.com\/fr\/wp-json\/wp\/v2\/media?parent=17399"}],"wp:term":[{"taxonomy":"pwb-brand","embeddable":true,"href":"https:\/\/gopinkish.com\/fr\/wp-json\/wp\/v2\/pwb-brand?post=17399"},{"taxonomy":"product_brand","embeddable":true,"href":"https:\/\/gopinkish.com\/fr\/wp-json\/wp\/v2\/product_brand?post=17399"},{"taxonomy":"product_cat","embeddable":true,"href":"https:\/\/gopinkish.com\/fr\/wp-json\/wp\/v2\/product_cat?post=17399"},{"taxonomy":"product_tag","embeddable":true,"href":"https:\/\/gopinkish.com\/fr\/wp-json\/wp\/v2\/product_tag?post=17399"}],"curies":[{"name":"wp","href":"https:\/\/api.w.org\/{rel}","templated":true}]}}