{"id":17367,"date":"2024-10-18T12:57:57","date_gmt":"2024-10-18T11:57:57","guid":{"rendered":"https:\/\/gopinkish.com\/?post_type=product&#038;p=17367"},"modified":"2026-05-02T13:46:52","modified_gmt":"2026-05-02T12:46:52","slug":"3474636803637","status":"publish","type":"product","link":"https:\/\/gopinkish.com\/fr\/produit\/3474636803637\/","title":{"rendered":"Shampooing \u00e0 l'huile de marula pour les cheveux ternes"},"content":{"rendered":"<p style=\"text-align: justify;\">Ce shampooing \u00e0 l'huile de marula est une formule qui renforce la brillance, id\u00e9ale pour les cheveux ternes ou sans \u00e9clat. Ce shampooing riche et l\u00e9ger purifie les cheveux pour les d\u00e9barrasser des \u00e9l\u00e9ments ternes et les rendre plus brillants. Les cheveux sont visiblement plus brillants et sont nourris jusqu'aux pointes.<\/p>\n<p dir=\"ltr\" style=\"text-align: center;\">\ud83c\uddec\ud83c\udde7 K\u00e9rastase Discipline Bain Ol\u00e9o-Relax Shampooing<br \/>\n\ud83c\uddeb\ud83c\uddf7 Shampooing Bain Ol\u00e9o-Relax Discipline K\u00e9rastase<\/p>","protected":false},"excerpt":{"rendered":"<p>\u0634\u0627\u0645\u0628\u0648 \u0632\u064a\u062a \u0627\u0644\u0645\u0627\u0631\u0648\u0644\u0627 \u0647\u0630\u0627 \u0639\u0628\u0627\u0631\u0629 \u0639\u0646 \u062a\u0631\u0643\u064a\u0628\u0629 \u062a\u0639\u0632\u0632 \u0627\u0644\u0644\u0645\u0639\u0627\u0646\u060c \u0645\u062b\u0627\u0644\u064a\u0629 \u0644\u0644\u0634\u0639\u0631 \u0627\u0644\u0628\u0627\u0647\u062a \u0623\u0648 \u0627\u0644\u0630\u064a \u064a\u0641\u062a\u0642\u0631 \u0625\u0644\u0649 \u0627\u0644\u0644\u0645\u0639\u0627\u0646. \u064a\u0639\u0645\u0644 \u0627\u0644\u0634\u0627\u0645\u0628\u0648 \u0627\u0644\u063a\u0646\u064a \u0648\u0627\u0644\u062e\u0641\u064a\u0641 \u0639\u0644\u0649 \u062a\u0646\u0642\u064a\u0629 \u0627\u0644\u0634\u0639\u0631 \u0644\u0625\u0632\u0627\u0644\u0629 \u0627\u0644\u0639\u0646\u0627\u0635\u0631 \u0627\u0644\u0628\u0627\u0647\u062a\u0629 \u0648\u062a\u0639\u0632\u064a\u0632 \u0644\u0645\u0639\u0627\u0646 \u0627\u0644\u0634\u0639\u0631. \u064a\u0635\u0628\u062d \u0627\u0644\u0634\u0639\u0631 \u0623\u0643\u062b\u0631 \u0644\u0645\u0639\u0627\u0646\u064b\u0627 \u0628\u0634\u0643\u0644 \u0648\u0627\u0636\u062d \u0648\u064a\u0634\u0639\u0631 \u0628\u0627\u0644\u062a\u063a\u0630\u064a\u0629 \u062d\u062a\u0649 \u0627\u0644\u0623\u0637\u0631\u0627\u0641. \ud83c\uddec\ud83c\udde7 K\u00e9rastase Discipline Bain Ol\u00e9o-Relax Shampoo \ud83c\uddeb\ud83c\uddf7 Shampooing Bain Ol\u00e9o-Relax Discipline K\u00e9rastase<\/p>","protected":false},"featured_media":24956,"template":"","meta":[],"pwb-brand":[252],"product_brand":[],"product_cat":[1148],"product_tag":[750],"class_list":{"0":"post-17367","1":"product","2":"type-product","3":"status-publish","4":"has-post-thumbnail","6":"pwb-brand-kerastase","7":"product_cat-hair-shampoo","8":"product_tag-750","10":"first","11":"outofstock","12":"shipping-taxable","13":"product-type-variable","14":"has-default-attributes","15":"wvs-archive-product-wrapper"},"brands":[{"id":252,"name":"K\u00e9rastase","slug":"kerastase"}],"_links":{"self":[{"href":"https:\/\/gopinkish.com\/fr\/wp-json\/wp\/v2\/product\/17367","targetHints":{"allow":["GET"]}}],"collection":[{"href":"https:\/\/gopinkish.com\/fr\/wp-json\/wp\/v2\/product"}],"about":[{"href":"https:\/\/gopinkish.com\/fr\/wp-json\/wp\/v2\/types\/product"}],"wp:featuredmedia":[{"embeddable":true,"href":"https:\/\/gopinkish.com\/fr\/wp-json\/wp\/v2\/media\/24956"}],"wp:attachment":[{"href":"https:\/\/gopinkish.com\/fr\/wp-json\/wp\/v2\/media?parent=17367"}],"wp:term":[{"taxonomy":"pwb-brand","embeddable":true,"href":"https:\/\/gopinkish.com\/fr\/wp-json\/wp\/v2\/pwb-brand?post=17367"},{"taxonomy":"product_brand","embeddable":true,"href":"https:\/\/gopinkish.com\/fr\/wp-json\/wp\/v2\/product_brand?post=17367"},{"taxonomy":"product_cat","embeddable":true,"href":"https:\/\/gopinkish.com\/fr\/wp-json\/wp\/v2\/product_cat?post=17367"},{"taxonomy":"product_tag","embeddable":true,"href":"https:\/\/gopinkish.com\/fr\/wp-json\/wp\/v2\/product_tag?post=17367"}],"curies":[{"name":"wp","href":"https:\/\/api.w.org\/{rel}","templated":true}]}}