{"id":17333,"date":"2024-10-18T11:57:05","date_gmt":"2024-10-18T10:57:05","guid":{"rendered":"https:\/\/gopinkish.com\/?post_type=product&#038;p=17333"},"modified":"2024-12-20T19:40:51","modified_gmt":"2024-12-20T18:40:51","slug":"4005800051487","status":"publish","type":"product","link":"https:\/\/gopinkish.com\/fr\/produit\/4005800051487\/","title":{"rendered":"Cr\u00e8me de nuit pour restaurer la structure des peaux fragiles et vieillissantes"},"content":{"rendered":"<p>Cr\u00e8me de nuit nourrissante qui optimise la r\u00e9g\u00e9n\u00e9ration de la peau pendant la nuit pour renforcer sa structure (d\u00e9velopp\u00e9e sur la base de recherches en laboratoire). Am\u00e9liore la densit\u00e9, l'\u00e9lasticit\u00e9 et la brillance.<\/p>\n<p>Eucerin DermoDENSIFYER Night Cream contient des ingr\u00e9dients naturels, l'arctine et des peptides de bouclier, qui r\u00e9tablissent et acc\u00e9l\u00e8rent la production de collag\u00e8ne pour une peau plus forte, plus \u00e9lastique et plus brillante.<\/p>\n<p>Les fibres de collag\u00e8ne minces et affaiblies travaillent \u00e0 nouveau pour les renforcer et leur donner une structure plus ferme, tandis que la connexion entre l'\u00e9piderme et le derme est plus ferme pour am\u00e9liorer la microcirculation. Le dexpanth\u00e9nol concentr\u00e9 soutient le processus de r\u00e9cup\u00e9ration de la peau pendant la nuit pour une meilleure peau au r\u00e9veil.<\/p>","protected":false},"excerpt":{"rendered":"<p>\u0643\u0631\u064a\u0645 \u0644\u064a\u0644\u064a \u0645\u063a\u0630\u064a \u064a\u062d\u0633\u0646 \u062a\u062c\u062f\u064a\u062f \u0627\u0644\u0628\u0634\u0631\u0629 \u0623\u062b\u0646\u0627\u0621 \u0627\u0644\u0644\u064a\u0644 \u0644\u062a\u0642\u0648\u064a\u0629 \u0628\u0646\u064a\u062a\u0647\u0627 (\u062a\u0645 \u062a\u0637\u0648\u064a\u0631\u0647 \u0628\u0646\u0627\u0621 \u0639\u0644\u0649 \u0623\u0628\u062d\u0627\u062b \u0645\u062e\u062a\u0628\u0631\u064a\u0629). \u0644\u062a\u062d\u0633\u064a\u0646 \u0627\u0644\u0643\u062b\u0627\u0641\u0629 \u0648\u0627\u0644\u0645\u0631\u0648\u0646\u0629 \u0648\u0627\u0644\u0644\u0645\u0639\u0627\u0646. \u064a\u062d\u062a\u0648\u064a \u0643\u0631\u064a\u0645 \u0627\u0644\u0644\u064a\u0644 Eucerin DermoDENSIFYER \u0639\u0644\u0649 \u0645\u0643\u0648\u0646\u0627\u062a \u0637\u0628\u064a\u0639\u064a\u0629 \u0645\u0646 \u0627\u0644\u0623\u0631\u0643\u062a\u064a\u0646 \u0648\u0628\u0628\u062a\u064a\u062f\u0627\u062a \u0627\u0644\u062f\u0631\u0639 \u0627\u0644\u062a\u064a \u062a\u0639\u064a\u062f \u062a\u0623\u0633\u064a\u0633 \u0648\u062a\u0633\u0631\u064a\u0639 \u0625\u0646\u062a\u0627\u062c \u0627\u0644\u0643\u0648\u0644\u0627\u062c\u064a\u0646 \u0644\u0628\u0634\u0631\u0629 \u0623\u0642\u0648\u0649 \u0648\u0623\u0643\u062b\u0631 \u0645\u0631\u0648\u0646\u0629 \u0648\u0644\u0645\u0639\u0627\u0646\u064b\u0627. \u062a\u0639\u0645\u0644 \u0623\u0644\u064a\u0627\u0641 \u0627\u0644\u0643\u0648\u0644\u0627\u062c\u064a\u0646 \u0627\u0644\u0631\u0642\u064a\u0642\u0629 \u0648\u0627\u0644\u0636\u0639\u064a\u0641\u0629 \u0645\u0631\u0629 \u0623\u062e\u0631\u0649 \u0639\u0644\u0649 \u062c\u0639\u0644\u0647\u0627 \u0623\u0642\u0648\u0649 \u0648\u062a\u0645\u0646\u062d\u0647\u0627 \u0628\u0646\u064a\u0629 [&hellip;]<\/p>\n","protected":false},"featured_media":17334,"template":"","meta":[],"pwb-brand":[439],"product_brand":[],"product_cat":[1227],"product_tag":[672,1013],"class_list":{"0":"post-17333","1":"product","2":"type-product","3":"status-publish","4":"has-post-thumbnail","6":"pwb-brand-eucerin","7":"product_cat-face-renew","8":"product_tag-wrinkles","9":"product_tag-1013","11":"first","12":"outofstock","13":"shipping-taxable","14":"product-type-variable","15":"has-default-attributes","16":"wvs-archive-product-wrapper"},"brands":[{"id":439,"name":"Eucerin","slug":"eucerin"}],"_links":{"self":[{"href":"https:\/\/gopinkish.com\/fr\/wp-json\/wp\/v2\/product\/17333","targetHints":{"allow":["GET"]}}],"collection":[{"href":"https:\/\/gopinkish.com\/fr\/wp-json\/wp\/v2\/product"}],"about":[{"href":"https:\/\/gopinkish.com\/fr\/wp-json\/wp\/v2\/types\/product"}],"wp:featuredmedia":[{"embeddable":true,"href":"https:\/\/gopinkish.com\/fr\/wp-json\/wp\/v2\/media\/17334"}],"wp:attachment":[{"href":"https:\/\/gopinkish.com\/fr\/wp-json\/wp\/v2\/media?parent=17333"}],"wp:term":[{"taxonomy":"pwb-brand","embeddable":true,"href":"https:\/\/gopinkish.com\/fr\/wp-json\/wp\/v2\/pwb-brand?post=17333"},{"taxonomy":"product_brand","embeddable":true,"href":"https:\/\/gopinkish.com\/fr\/wp-json\/wp\/v2\/product_brand?post=17333"},{"taxonomy":"product_cat","embeddable":true,"href":"https:\/\/gopinkish.com\/fr\/wp-json\/wp\/v2\/product_cat?post=17333"},{"taxonomy":"product_tag","embeddable":true,"href":"https:\/\/gopinkish.com\/fr\/wp-json\/wp\/v2\/product_tag?post=17333"}],"curies":[{"name":"wp","href":"https:\/\/api.w.org\/{rel}","templated":true}]}}