{"id":17327,"date":"2024-10-18T11:47:21","date_gmt":"2024-10-18T10:47:21","guid":{"rendered":"https:\/\/gopinkish.com\/?post_type=product&#038;p=17327"},"modified":"2024-12-29T22:34:58","modified_gmt":"2024-12-29T21:34:58","slug":"072140634131","status":"publish","type":"product","link":"https:\/\/gopinkish.com\/fr\/produit\/072140634131\/","title":{"rendered":"Cr\u00e8me anti-rides pour peaux s\u00e8ches et sensibles"},"content":{"rendered":"<p>Eucerin Q10 Anti-wrinkle Face Cream : Cette cr\u00e8me anti-rides hydratante est con\u00e7ue pour les peaux s\u00e8ches et sensibles. Elle est sp\u00e9cialement formul\u00e9e pour ne pas irriter la peau et minimiser en douceur l'apparence des rides et des signes de vieillissement.<\/p>\n<ul>\n<li>R\u00e9duit l'apparence des rides et ridules en 5 semaines<\/li>\n<li>Raffermit et hydrate la peau pour un teint plus lisse et plus doux.<\/li>\n<li>Il peut \u00eatre utilis\u00e9 seul ou en couche sous le maquillage.<\/li>\n<li>Sans parfum, sans alcool et non com\u00e9dog\u00e8ne.<\/li>\n<\/ul>\n<p>Qu'est-ce que la coenzyme Q10 ? La coenzyme Q10 est naturellement pr\u00e9sente dans l'organisme pour lutter contre le processus de vieillissement. Avec l'\u00e2ge, la quantit\u00e9 de coenzyme Q10 pr\u00e9sente dans la peau diminue.<\/p>\n<p>La cr\u00e8me anti-rides pour le visage Eucerin Q10 aide \u00e0 reconstituer cette enzyme naturelle essentielle pour une peau d'apparence saine. Avec la vitamine E et le b\u00eata-carot\u00e8ne, elle forme \u00e9galement un puissant complexe antioxydant qui aide \u00e0 prot\u00e9ger contre les effets n\u00e9fastes des radicaux libres.<\/p>","protected":false},"excerpt":{"rendered":"<p>\u0643\u0631\u064a\u0645 \u0627\u0644\u0648\u062c\u0647 \u0627\u0644\u0645\u0636\u0627\u062f \u0644\u0644\u062a\u062c\u0627\u0639\u064a\u062f \u064a\u0648\u0633\u064a\u0631\u064a\u0646 \u0643\u064a\u0648 10: \u062a\u0645 \u062a\u0631\u0643\u064a\u0628 \u0647\u0630\u0627 \u0627\u0644\u0643\u0631\u064a\u0645 \u0627\u0644\u0645\u0631\u0637\u0628 \u0627\u0644\u0645\u0636\u0627\u062f \u0644\u0644\u062a\u062c\u0627\u0639\u064a\u062f \u0644\u0644\u0628\u0634\u0631\u0629 \u0627\u0644\u062c\u0627\u0641\u0629 \u0648\u0627\u0644\u062d\u0633\u0627\u0633\u0629. \u062a\u0645 \u062a\u0631\u0643\u064a\u0628\u0647 \u062e\u0635\u064a\u0635\u064b\u0627 \u0644\u064a\u0643\u0648\u0646 \u063a\u064a\u0631 \u0645\u0647\u064a\u062c \u0644\u0644\u0628\u0634\u0631\u0629 \u0648\u064a\u0642\u0644\u0644 \u0628\u0644\u0637\u0641 \u0645\u0646 \u0638\u0647\u0648\u0631 \u0627\u0644\u062a\u062c\u0627\u0639\u064a\u062f \u0648\u0639\u0644\u0627\u0645\u0627\u062a \u0627\u0644\u0634\u064a\u062e\u0648\u062e\u0629. \u064a\u0642\u0644\u0644 \u0645\u0646 \u0638\u0647\u0648\u0631 \u0627\u0644\u062e\u0637\u0648\u0637 \u0627\u0644\u062f\u0642\u064a\u0642\u0629 \u0648\u0627\u0644\u062a\u062c\u0627\u0639\u064a\u062f \u0641\u064a 5 \u0623\u0633\u0627\u0628\u064a\u0639 \u064a\u0634\u062f \u0627\u0644\u0628\u0634\u0631\u0629 \u0648\u064a\u0631\u0637\u0628\u0647\u0627 \u0644\u0644\u062d\u0635\u0648\u0644 \u0639\u0644\u0649 \u0628\u0634\u0631\u0629 \u0623\u0643\u062b\u0631 \u0646\u0639\u0648\u0645\u0629 \u0648\u0646\u0639\u0648\u0645\u0629. \u064a\u0645\u0643\u0646 \u0627\u0633\u062a\u062e\u062f\u0627\u0645\u0647 \u0628\u0645\u0641\u0631\u062f\u0647 \u0623\u0648 \u0643\u0637\u0628\u0642\u0629 \u062a\u062d\u062a [&hellip;]<\/p>\n","protected":false},"featured_media":17330,"template":"","meta":[],"pwb-brand":[439],"product_brand":[],"product_cat":[1227],"product_tag":[672,1013],"class_list":{"0":"post-17327","1":"product","2":"type-product","3":"status-publish","4":"has-post-thumbnail","6":"pwb-brand-eucerin","7":"product_cat-face-renew","8":"product_tag-wrinkles","9":"product_tag-1013","11":"first","12":"outofstock","13":"shipping-taxable","14":"product-type-variable","15":"has-default-attributes","16":"wvs-archive-product-wrapper"},"brands":[{"id":439,"name":"Eucerin","slug":"eucerin"}],"_links":{"self":[{"href":"https:\/\/gopinkish.com\/fr\/wp-json\/wp\/v2\/product\/17327","targetHints":{"allow":["GET"]}}],"collection":[{"href":"https:\/\/gopinkish.com\/fr\/wp-json\/wp\/v2\/product"}],"about":[{"href":"https:\/\/gopinkish.com\/fr\/wp-json\/wp\/v2\/types\/product"}],"wp:featuredmedia":[{"embeddable":true,"href":"https:\/\/gopinkish.com\/fr\/wp-json\/wp\/v2\/media\/17330"}],"wp:attachment":[{"href":"https:\/\/gopinkish.com\/fr\/wp-json\/wp\/v2\/media?parent=17327"}],"wp:term":[{"taxonomy":"pwb-brand","embeddable":true,"href":"https:\/\/gopinkish.com\/fr\/wp-json\/wp\/v2\/pwb-brand?post=17327"},{"taxonomy":"product_brand","embeddable":true,"href":"https:\/\/gopinkish.com\/fr\/wp-json\/wp\/v2\/product_brand?post=17327"},{"taxonomy":"product_cat","embeddable":true,"href":"https:\/\/gopinkish.com\/fr\/wp-json\/wp\/v2\/product_cat?post=17327"},{"taxonomy":"product_tag","embeddable":true,"href":"https:\/\/gopinkish.com\/fr\/wp-json\/wp\/v2\/product_tag?post=17327"}],"curies":[{"name":"wp","href":"https:\/\/api.w.org\/{rel}","templated":true}]}}