{"id":17108,"date":"2024-10-06T20:44:41","date_gmt":"2024-10-06T19:44:41","guid":{"rendered":"https:\/\/gopinkish.com\/?post_type=product&#038;p=17108"},"modified":"2025-08-04T17:47:15","modified_gmt":"2025-08-04T16:47:15","slug":"5021044013332","status":"publish","type":"product","link":"https:\/\/gopinkish.com\/fr\/produit\/5021044013332\/","title":{"rendered":"Mascara classique pour un look f\u00e9minin classique"},"content":{"rendered":"<p style=\"text-align: justify;\">Un mascara classique pour un look classiquement f\u00e9minin - gr\u00e2ce \u00e0 la brosse dense, chaque cil est enrob\u00e9 d'une texture cr\u00e9meuse, sans faire de paquets. Une seule application permet de multiplier par trois le volume et d'obtenir une courbure \u00e9l\u00e9gante !<\/p>\n<p dir=\"ltr\" style=\"text-align: center;\">\ud83c\uddec\ud83c\udde7 Maybelline Classic Volum\u2019 Express - Noir<br \/>\n\ud83c\uddeb\ud83c\uddf7 Mascara Volum\u2019 Express Classique Maybelline - Noir<\/p>","protected":false},"excerpt":{"rendered":"<p>\u0645\u0627\u0633\u0643\u0627\u0631\u0627 \u0643\u0644\u0627\u0633\u064a\u0643\u064a\u0629 \u0644\u0645\u0638\u0647\u0631 \u0623\u0646\u062b\u0648\u064a \u0643\u0644\u0627\u0633\u064a\u0643\u064a &#8211; \u0628\u0641\u0636\u0644 \u0627\u0644\u0641\u0631\u0634\u0627\u0629 \u0627\u0644\u0643\u062b\u064a\u0641\u0629\u060c \u064a\u062a\u0645 \u062a\u063a\u0644\u064a\u0641 \u0643\u0644 \u0631\u0645\u0634 \u0628\u0642\u0648\u0627\u0645 \u0643\u0631\u064a\u0645\u064a\u060c \u062f\u0648\u0646 \u062a\u0643\u062a\u0644. \u062a\u0637\u0628\u064a\u0642 \u0648\u0627\u062d\u062f \u0641\u0642\u0637 \u064a\u0645\u0646\u062d\u0643 \u062b\u0644\u0627\u062b\u0629 \u0623\u0636\u0639\u0627\u0641 \u0627\u0644\u062d\u062c\u0645 \u0648\u062a\u062c\u0639\u064a\u062f\u064b\u0627 \u0623\u0646\u064a\u0642\u064b\u0627! \ud83c\uddec\ud83c\udde7 Maybelline Classic Volum&#8217; Express Mascara \u2013 Black \ud83c\uddeb\ud83c\uddf7 Mascara Volum&#8217; Express Classique Maybelline \u2013 Noir<\/p>","protected":false},"featured_media":17111,"template":"","meta":[],"pwb-brand":[238],"product_brand":[],"product_cat":[1189],"product_tag":[],"class_list":{"0":"post-17108","1":"product","2":"type-product","3":"status-publish","4":"has-post-thumbnail","6":"pwb-brand-maybelline-new-york","7":"product_cat-eyes-mascara","9":"first","10":"instock","11":"shipping-taxable","12":"purchasable","13":"product-type-variable","14":"has-default-attributes","15":"wvs-archive-product-wrapper"},"brands":[{"id":238,"name":"Maybelline New York","slug":"maybelline-new-york"}],"_links":{"self":[{"href":"https:\/\/gopinkish.com\/fr\/wp-json\/wp\/v2\/product\/17108","targetHints":{"allow":["GET"]}}],"collection":[{"href":"https:\/\/gopinkish.com\/fr\/wp-json\/wp\/v2\/product"}],"about":[{"href":"https:\/\/gopinkish.com\/fr\/wp-json\/wp\/v2\/types\/product"}],"wp:featuredmedia":[{"embeddable":true,"href":"https:\/\/gopinkish.com\/fr\/wp-json\/wp\/v2\/media\/17111"}],"wp:attachment":[{"href":"https:\/\/gopinkish.com\/fr\/wp-json\/wp\/v2\/media?parent=17108"}],"wp:term":[{"taxonomy":"pwb-brand","embeddable":true,"href":"https:\/\/gopinkish.com\/fr\/wp-json\/wp\/v2\/pwb-brand?post=17108"},{"taxonomy":"product_brand","embeddable":true,"href":"https:\/\/gopinkish.com\/fr\/wp-json\/wp\/v2\/product_brand?post=17108"},{"taxonomy":"product_cat","embeddable":true,"href":"https:\/\/gopinkish.com\/fr\/wp-json\/wp\/v2\/product_cat?post=17108"},{"taxonomy":"product_tag","embeddable":true,"href":"https:\/\/gopinkish.com\/fr\/wp-json\/wp\/v2\/product_tag?post=17108"}],"curies":[{"name":"wp","href":"https:\/\/api.w.org\/{rel}","templated":true}]}}