{"id":17093,"date":"2024-12-13T19:53:03","date_gmt":"2024-12-13T18:53:03","guid":{"rendered":"https:\/\/gopinkish.com\/?post_type=product&#038;p=17093"},"modified":"2026-02-18T20:02:11","modified_gmt":"2026-02-18T19:02:11","slug":"800897846831","status":"publish","type":"product","link":"https:\/\/gopinkish.com\/fr\/produit\/800897846831\/","title":{"rendered":"Primaire adh\u00e9sif pour fixer les paillettes sur le visage et les paupi\u00e8res"},"content":{"rendered":"<p style=\"text-align: justify;\">Nyx Glitter Primer, vous pourrez fixer parfaitement les paillettes sur le visage, les paupi\u00e8res et le corps. Ce primer est une sorte de colle \u00e0 paillettes, avec une formule l\u00e9g\u00e8re et cr\u00e9meuse. La colle \u00e0 paillettes id\u00e9ale pour obtenir un look parfait.<\/p>\n<p style=\"text-align: justify;\">Minimisez les chutes de brillance et maintenez chaque \u00e9clat en place gr\u00e2ce au nouveau Shine Primer - une formule l\u00e9g\u00e8re et cr\u00e9meuse qui fixe puis adh\u00e8re solidement \u00e0 l'\u00e9clat de votre visage et de votre corps.<\/p>\n<p dir=\"ltr\" style=\"text-align: center;\">\ud83c\uddec\ud83c\udde7 NYX Professional Makeup Glitter Primer (Appr\u00eat \u00e0 paillettes)<br \/>\n\ud83c\uddeb\ud83c\uddf7 Base \u00e0 Paillettes NYX Professional Makeup<\/p>","protected":false},"excerpt":{"rendered":"<p>\u0628\u0631\u0627\u064a\u0645\u0631 \u062c\u0644\u064a\u062a\u0631 \u0645\u0646 \u0646\u064a\u0643\u0633\u060c \u0633\u062a\u062a\u0645\u0643\u0646\u064a\u0646 \u0645\u0646 \u062a\u062b\u0628\u064a\u062a \u0627\u0644\u0644\u0645\u0639\u0627\u0646 \u0639\u0644\u0649 \u0627\u0644\u0648\u062c\u0647 \u0648\u0627\u0644\u062c\u0641\u0648\u0646 \u0648\u0627\u0644\u062c\u0633\u0645 \u0628\u0634\u0643\u0644 \u0645\u062b\u0627\u0644\u064a \u0647\u0630\u0627 \u0627\u0644\u0628\u0631\u0627\u064a\u0645\u0631 \u0639\u0628\u0627\u0631\u0629 \u0639\u0646 \u0646\u0648\u0639 \u0645\u0646 \u063a\u0631\u0627\u0621 \u0627\u0644\u0644\u0645\u0639\u0627\u0646\u060c \u0628\u062a\u0631\u0643\u064a\u0628\u0629 \u062e\u0641\u064a\u0641\u0629 \u0648\u0643\u0631\u064a\u0645\u064a\u0629. \u063a\u0631\u0627\u0621 \u062c\u0644\u064a\u062a\u0631 \u0645\u062b\u0627\u0644\u064a \u0644\u062a\u062d\u0642\u064a\u0642 \u0645\u0638\u0647\u0631 \u0645\u062b\u0627\u0644\u064a. \u0642\u0644\u0644\u064a \u0645\u0646 \u062a\u0633\u0627\u0642\u0637 \u0627\u0644\u0644\u0645\u0639\u0627\u0646 \u0648\u0627\u062d\u062a\u0641\u0638\u064a \u0628\u0643\u0644 \u0628\u0631\u064a\u0642 \u0641\u064a \u0645\u0643\u0627\u0646\u0647 \u0628\u0627\u0633\u062a\u062e\u062f\u0627\u0645 \u0628\u0631\u0627\u064a\u0645\u0631 \u0627\u0644\u0644\u0645\u0639\u0627\u0646 \u0627\u0644\u062c\u062f\u064a\u062f &#8211; \u062a\u0631\u0643\u064a\u0628\u0629 \u062e\u0641\u064a\u0641\u0629 \u0648\u0643\u0631\u064a\u0645\u064a\u0629 \u062a\u062b\u0628\u062a \u062b\u0645 \u062a\u0644\u062a\u0635\u0642 \u0628\u0625\u062d\u0643\u0627\u0645 \u0628\u0628\u0631\u064a\u0642 \u0627\u0644\u0648\u062c\u0647 \u0648\u0627\u0644\u062c\u0633\u0645. [&hellip;]<\/p>\n","protected":false},"featured_media":17097,"template":"","meta":[],"pwb-brand":[767],"product_brand":[],"product_cat":[1174],"product_tag":[],"class_list":{"0":"post-17093","1":"product","2":"type-product","3":"status-publish","4":"has-post-thumbnail","6":"pwb-brand-nyx","7":"product_cat-base-primer-makeup","9":"first","10":"instock","11":"shipping-taxable","12":"purchasable","13":"product-type-variable","14":"has-default-attributes","15":"wvs-archive-product-wrapper"},"brands":[{"id":767,"name":"Nyx","slug":"nyx"}],"_links":{"self":[{"href":"https:\/\/gopinkish.com\/fr\/wp-json\/wp\/v2\/product\/17093","targetHints":{"allow":["GET"]}}],"collection":[{"href":"https:\/\/gopinkish.com\/fr\/wp-json\/wp\/v2\/product"}],"about":[{"href":"https:\/\/gopinkish.com\/fr\/wp-json\/wp\/v2\/types\/product"}],"wp:featuredmedia":[{"embeddable":true,"href":"https:\/\/gopinkish.com\/fr\/wp-json\/wp\/v2\/media\/17097"}],"wp:attachment":[{"href":"https:\/\/gopinkish.com\/fr\/wp-json\/wp\/v2\/media?parent=17093"}],"wp:term":[{"taxonomy":"pwb-brand","embeddable":true,"href":"https:\/\/gopinkish.com\/fr\/wp-json\/wp\/v2\/pwb-brand?post=17093"},{"taxonomy":"product_brand","embeddable":true,"href":"https:\/\/gopinkish.com\/fr\/wp-json\/wp\/v2\/product_brand?post=17093"},{"taxonomy":"product_cat","embeddable":true,"href":"https:\/\/gopinkish.com\/fr\/wp-json\/wp\/v2\/product_cat?post=17093"},{"taxonomy":"product_tag","embeddable":true,"href":"https:\/\/gopinkish.com\/fr\/wp-json\/wp\/v2\/product_tag?post=17093"}],"curies":[{"name":"wp","href":"https:\/\/api.w.org\/{rel}","templated":true}]}}