{"id":17052,"date":"2025-12-31T00:25:51","date_gmt":"2025-12-30T23:25:51","guid":{"rendered":"https:\/\/gopinkish.com\/?post_type=product&#038;p=17052"},"modified":"2026-04-26T14:58:32","modified_gmt":"2026-04-26T13:58:32","slug":"6971870592718","status":"publish","type":"product","link":"https:\/\/gopinkish.com\/fr\/produit\/6971870592718\/","title":{"rendered":"Palette quadruple pour le visage (surligneur, blush, bronzer et fixateur)"},"content":{"rendered":"<p style=\"text-align: justify;\">\u00a0Une palette universelle pour le visage con\u00e7ue pour vous donner une d\u00e9finition douce, une illumination radieuse et une couleur naturelle. Contient 3 teintes de base : Contour\/Bronzer, Blush et Highlighter, dans une formule poudre velout\u00e9e qui s'estompe facilement sans faire de paquets. Parfait pour les looks de tous les jours ou le maquillage professionnel.<\/p>\n<p><strong>Principaux ingr\u00e9dients et caract\u00e9ristiques<\/strong><br \/>\n- Formule poudre douce et velout\u00e9e<br \/>\n- Couleurs faciles \u00e0 construire et \u00e0 estomper<br \/>\n- 3 nuances : Bronzer, Blush, Highlighter<br \/>\n- Un fini naturel, sans brillance ni exag\u00e9ration<br \/>\n- Convient \u00e0 tous les types de peau<br \/>\n- Format de palette standard, id\u00e9al pour les d\u00e9placements<\/p>\n<p><strong>Principales caract\u00e9ristiques et avantages<\/strong><br \/>\n- Permet de dessiner des contours naturels sans lignes visibles<br \/>\n- Ajoute un \u00e9clat doux avec l'highlighter<br \/>\n- Fard \u00e0 joues pour des joues saines et \u00e9clatantes<br \/>\n- Une formule facile \u00e0 m\u00e9langer pour les d\u00e9butants et les professionnels<br \/>\n- Parfait pour un look quotidien ou un maquillage complet<\/p>\n<p dir=\"ltr\" style=\"text-align: center;\">\ud83c\uddec\ud83c\udde7 SHEGLAM 3D Pro Face Palette<br \/>\n\ud83c\uddeb\ud83c\uddf7 SHEGLAM Palette 3D Pro<\/p>","protected":false},"excerpt":{"rendered":"<p>\u00a0\u0628\u0627\u0644\u064a\u062a \u0634\u0627\u0645\u0644 \u0644\u0644\u0648\u062c\u0647 \u0645\u0635\u0645\u0645 \u0644\u0645\u0646\u062d\u0643 \u062a\u062d\u062f\u064a\u062f\u064b\u0627 \u0646\u0627\u0639\u0645\u064b\u0627\u060c \u0625\u0636\u0627\u0621\u0629 \u0645\u0634\u0631\u0642\u0629\u060c \u0648\u0644\u0645\u0633\u0629 \u0644\u0648\u0646 \u0637\u0628\u064a\u0639\u064a\u0629. \u064a\u062d\u062a\u0648\u064a \u0639\u0644\u0649 3 \u062f\u0631\u062c\u0627\u062a \u0623\u0633\u0627\u0633\u064a\u0629: \u0643\u0648\u0646\u062a\u0648\u0631\/\u0628\u0631\u0648\u0646\u0632\u0631\u060c \u0628\u0644\u0627\u0634\u060c \u0648\u0647\u0627\u064a\u0644\u0627\u064a\u062a\u0631\u060c \u0628\u062a\u0631\u0643\u064a\u0628\u0629 \u0628\u0648\u062f\u0631\u0629 \u0645\u062e\u0645\u0644\u064a\u0629 \u062a\u0645\u062a\u0632\u062c \u0628\u0633\u0647\u0648\u0644\u0629 \u062f\u0648\u0646 \u062a\u0643\u062a\u0644. \u0645\u062b\u0627\u0644\u064a \u0644\u0644\u0625\u0637\u0644\u0627\u0644\u0627\u062a \u0627\u0644\u064a\u0648\u0645\u064a\u0629 \u0623\u0648 \u0627\u0644\u0645\u0643\u064a\u0627\u062c \u0627\u0644\u0627\u062d\u062a\u0631\u0627\u0641\u064a. \u0627\u0644\u0645\u0643\u0648\u0646\u0627\u062a \u0648\u0627\u0644\u062e\u0635\u0627\u0626\u0635 \u0627\u0644\u0631\u0626\u064a\u0633\u064a\u0629 \u2022 \u062a\u0631\u0643\u064a\u0628\u0629 \u0628\u0648\u062f\u0631\u0629 \u0645\u062e\u0645\u0644\u064a\u0629 \u0646\u0627\u0639\u0645\u0629 \u2022 \u0623\u0644\u0648\u0627\u0646 \u0642\u0627\u0628\u0644\u0629 \u0644\u0644\u0628\u0646\u0627\u0621 \u0648\u0627\u0644\u062f\u0645\u062c \u0628\u0633\u0647\u0648\u0644\u0629 \u2022 3 \u062f\u0631\u062c\u0627\u062a: \u0628\u0631\u0648\u0646\u0632\u0631\u060c \u0628\u0644\u0627\u0634\u060c \u0647\u0627\u064a\u0644\u0627\u064a\u062a\u0631 \u2022 \u0644\u0645\u0633\u0629 [&hellip;]<\/p>\n","protected":false},"featured_media":17058,"template":"","meta":[],"pwb-brand":[709],"product_brand":[],"product_cat":[1169,1165,1168,1170],"product_tag":[],"class_list":{"0":"post-17052","1":"product","2":"type-product","3":"status-publish","4":"has-post-thumbnail","6":"pwb-brand-sheglam","7":"product_cat-blush-makeup","8":"product_cat-makeup-palette","9":"product_cat-bronzer-makeup","10":"product_cat-highlighter-makeup","12":"first","13":"outofstock","14":"shipping-taxable","15":"product-type-variable","16":"has-default-attributes","17":"wvs-archive-product-wrapper"},"brands":[{"id":709,"name":"Sheglam","slug":"sheglam"}],"_links":{"self":[{"href":"https:\/\/gopinkish.com\/fr\/wp-json\/wp\/v2\/product\/17052","targetHints":{"allow":["GET"]}}],"collection":[{"href":"https:\/\/gopinkish.com\/fr\/wp-json\/wp\/v2\/product"}],"about":[{"href":"https:\/\/gopinkish.com\/fr\/wp-json\/wp\/v2\/types\/product"}],"wp:featuredmedia":[{"embeddable":true,"href":"https:\/\/gopinkish.com\/fr\/wp-json\/wp\/v2\/media\/17058"}],"wp:attachment":[{"href":"https:\/\/gopinkish.com\/fr\/wp-json\/wp\/v2\/media?parent=17052"}],"wp:term":[{"taxonomy":"pwb-brand","embeddable":true,"href":"https:\/\/gopinkish.com\/fr\/wp-json\/wp\/v2\/pwb-brand?post=17052"},{"taxonomy":"product_brand","embeddable":true,"href":"https:\/\/gopinkish.com\/fr\/wp-json\/wp\/v2\/product_brand?post=17052"},{"taxonomy":"product_cat","embeddable":true,"href":"https:\/\/gopinkish.com\/fr\/wp-json\/wp\/v2\/product_cat?post=17052"},{"taxonomy":"product_tag","embeddable":true,"href":"https:\/\/gopinkish.com\/fr\/wp-json\/wp\/v2\/product_tag?post=17052"}],"curies":[{"name":"wp","href":"https:\/\/api.w.org\/{rel}","templated":true}]}}