{"id":16920,"date":"2024-10-11T18:14:39","date_gmt":"2024-10-11T17:14:39","guid":{"rendered":"https:\/\/gopinkish.com\/?post_type=product&#038;p=16920"},"modified":"2026-04-20T12:20:45","modified_gmt":"2026-04-20T11:20:45","slug":"885190342976","status":"publish","type":"product","link":"https:\/\/gopinkish.com\/fr\/produit\/885190342976\/","title":{"rendered":"Bronzage hydratant et \u00e9clatant pour les joues et les l\u00e8vres"},"content":{"rendered":"<p style=\"text-align: justify;\">Utilisez-le pour une peau ensoleill\u00e9e et d'apparence saine tout au long de l'ann\u00e9e ! Un produit l\u00e9ger et facile \u00e0 utiliser, parfait pour les joues et les l\u00e8vres. Il suffit d'utiliser un b\u00e2ton, d'estomper et le tour est jou\u00e9 ! Cette couleur solide est formul\u00e9e avec des extraits de fruits pour une superbe protection antioxydante et se fond facilement dans la peau pour un \u00e9clat de bronze naturel, o\u00f9 que vous alliez !<\/p>\n<p>- Une cr\u00e8me hydratante solide avec une teinte bronze.<br \/>\n- Utiliser sur les joues et les l\u00e8vres.<br \/>\n- Riche en vitamines et en antioxydants.<br \/>\n- Une couleur magnifique en un seul geste.<\/p>\n<p dir=\"ltr\" style=\"text-align: center;\">\ud83c\uddec\ud83c\udde7 Pixi On-the-Glow Bronze Stick hydratant teint\u00e9<br \/>\n\ud83c\uddeb\ud83c\uddf7 Stick Hydratant Teint\u00e9 On-the-Glow Bronze Pixi<\/p>","protected":false},"excerpt":{"rendered":"<p>\u0627\u0633\u062a\u062e\u062f\u0645\u064a\u0647 \u0644\u0644\u062d\u0635\u0648\u0644 \u0639\u0644\u0649 \u0628\u0634\u0631\u0629 \u0645\u0634\u0645\u0633\u0629 \u0648\u0635\u062d\u064a\u0629 \u0637\u0648\u0627\u0644 \u0627\u0644\u0639\u0627\u0645! \u0645\u0646\u062a\u062c \u0633\u0647\u0644 \u0627\u0644\u0627\u0633\u062a\u062e\u062f\u0627\u0645 \u0648\u062e\u0641\u064a\u0641 \u0627\u0644\u0648\u0632\u0646 \u0645\u062b\u0627\u0644\u064a \u0644\u0644\u062e\u062f\u0648\u062f \u0648\u0627\u0644\u0634\u0641\u0627\u0647. \u0641\u0642\u0637 \u0627\u0633\u062a\u062e\u062f\u0645\u064a \u0633\u062a\u064a\u0643\u0627 \u0648\u0627\u062d\u062f\u064b\u0627 \u0648\u0627\u0645\u0632\u062c\u064a\u0647 \u0648\u0633\u062a\u062a\u0623\u0644\u0642\u064a\u0646! \u062a\u0645 \u062a\u0631\u0643\u064a\u0628 \u0647\u0630\u0627 \u0627\u0644\u0644\u0648\u0646 \u0627\u0644\u0635\u0644\u0628 \u0628\u0645\u0633\u062a\u062e\u0644\u0635\u0627\u062a \u0627\u0644\u0641\u0627\u0643\u0647\u0629 \u0644\u062d\u0645\u0627\u064a\u0629 \u0645\u0636\u0627\u062f\u0629 \u0644\u0644\u0623\u0643\u0633\u062f\u0629 \u0631\u0627\u0626\u0639\u0629 \u0648\u064a\u0645\u062a\u0632\u062c \u0628\u0633\u0647\u0648\u0644\u0629 \u0639\u0644\u0649 \u0627\u0644\u0628\u0634\u0631\u0629 \u0644\u0644\u062d\u0635\u0648\u0644 \u0639\u0644\u0649 \u062a\u0648\u0647\u062c \u0628\u0631\u0648\u0646\u0632\u064a \u0637\u0628\u064a\u0639\u064a\u060c \u0623\u064a\u0646\u0645\u0627 \u0630\u0647\u0628\u062a! &#8211; \u0645\u0631\u0637\u0628 \u0635\u0644\u0628 \u0645\u0631\u0637\u0628 \u0628\u0635\u0628\u063a\u0629 \u0628\u0631\u0648\u0646\u0632\u064a\u0629. &#8211; \u0627\u0633\u062a\u062e\u062f\u0645\u064a\u0647 \u0639\u0644\u0649 \u0627\u0644\u062e\u062f\u0648\u062f \u0648\u0627\u0644\u0634\u0641\u0627\u0647. [&hellip;]<\/p>\n","protected":false},"featured_media":16921,"template":"","meta":[],"pwb-brand":[1014],"product_brand":[],"product_cat":[1168],"product_tag":[],"class_list":{"0":"post-16920","1":"product","2":"type-product","3":"status-publish","4":"has-post-thumbnail","6":"pwb-brand-pixi","7":"product_cat-bronzer-makeup","9":"first","10":"instock","11":"shipping-taxable","12":"purchasable","13":"product-type-variable","14":"has-default-attributes","15":"wvs-archive-product-wrapper"},"brands":[{"id":1014,"name":"Pixi","slug":"pixi"}],"_links":{"self":[{"href":"https:\/\/gopinkish.com\/fr\/wp-json\/wp\/v2\/product\/16920","targetHints":{"allow":["GET"]}}],"collection":[{"href":"https:\/\/gopinkish.com\/fr\/wp-json\/wp\/v2\/product"}],"about":[{"href":"https:\/\/gopinkish.com\/fr\/wp-json\/wp\/v2\/types\/product"}],"wp:featuredmedia":[{"embeddable":true,"href":"https:\/\/gopinkish.com\/fr\/wp-json\/wp\/v2\/media\/16921"}],"wp:attachment":[{"href":"https:\/\/gopinkish.com\/fr\/wp-json\/wp\/v2\/media?parent=16920"}],"wp:term":[{"taxonomy":"pwb-brand","embeddable":true,"href":"https:\/\/gopinkish.com\/fr\/wp-json\/wp\/v2\/pwb-brand?post=16920"},{"taxonomy":"product_brand","embeddable":true,"href":"https:\/\/gopinkish.com\/fr\/wp-json\/wp\/v2\/product_brand?post=16920"},{"taxonomy":"product_cat","embeddable":true,"href":"https:\/\/gopinkish.com\/fr\/wp-json\/wp\/v2\/product_cat?post=16920"},{"taxonomy":"product_tag","embeddable":true,"href":"https:\/\/gopinkish.com\/fr\/wp-json\/wp\/v2\/product_tag?post=16920"}],"curies":[{"name":"wp","href":"https:\/\/api.w.org\/{rel}","templated":true}]}}