{"id":16893,"date":"2025-09-01T17:47:37","date_gmt":"2025-09-01T16:47:37","guid":{"rendered":"https:\/\/gopinkish.com\/?post_type=product&#038;p=16893"},"modified":"2026-04-23T17:54:19","modified_gmt":"2026-04-23T16:54:19","slug":"6957317603445","status":"publish","type":"product","link":"https:\/\/gopinkish.com\/fr\/produit\/6957317603445\/","title":{"rendered":"Blush et rouge \u00e0 l\u00e8vres riches et cr\u00e9meux"},"content":{"rendered":"<p style=\"text-align: justify;\">Ajoutez une couleur naturelle \u00e0 vos joues avec le blush cr\u00e8me Playing Cupid de SHEGLAM ! D'une couleur riche et d'une texture soyeuse, ce fard \u00e0 joues peut \u00eatre appliqu\u00e9 directement sur les l\u00e8vres ou les joues avec les doigts ou un pinceau.<\/p>\n<p dir=\"ltr\" style=\"text-align: center;\">\ud83c\uddec\ud83c\udde7 SHEGLAM Fard \u00e0 joues cr\u00e8me Playing Cupid<br \/>\n\ud83c\uddeb\ud83c\uddf7 Blush Cr\u00e8me SHEGLAM Playing Cupid<\/p>","protected":false},"excerpt":{"rendered":"<p>\u0623\u0636\u0641\u064a \u0644\u0648\u0646\u064b\u0627 \u0637\u0628\u064a\u0639\u064a\u064b\u0627 \u0625\u0644\u0649 \u0648\u062c\u0646\u062a\u064a\u0643 \u0628\u0627\u0633\u062a\u062e\u062f\u0627\u0645 \u0623\u062d\u0645\u0631 \u0627\u0644\u062e\u062f\u0648\u062f \u0627\u0644\u0643\u0631\u064a\u0645\u064a Playing Cupid \u0645\u0646 SHEGLAM! \u064a\u062a\u0645\u064a\u0632 \u0647\u0630\u0627 \u0623\u062d\u0645\u0631 \u0627\u0644\u062e\u062f\u0648\u062f \u0628\u0644\u0648\u0646 \u063a\u0646\u064a \u0648\u0645\u0644\u0645\u0633 \u062d\u0631\u064a\u0631\u064a \u0646\u0627\u0639\u0645\u060c \u0648\u064a\u0645\u0643\u0646\u0643 \u0648\u0636\u0639\u0647 \u0645\u0628\u0627\u0634\u0631\u0629 \u0639\u0644\u0649 \u0634\u0641\u062a\u064a\u0643 \u0623\u0648 \u0648\u062c\u0646\u062a\u064a\u0643 \u0628\u0623\u0635\u0627\u0628\u0639\u0643 \u0623\u0648 \u0641\u0631\u0634\u0627\u0629. \ud83c\uddec\ud83c\udde7 SHEGLAM Playing Cupid Cream Blush \ud83c\uddeb\ud83c\uddf7 Blush Cr\u00e8me SHEGLAM Playing Cupid<\/p>","protected":false},"featured_media":16901,"template":"","meta":[],"pwb-brand":[709],"product_brand":[],"product_cat":[1169],"product_tag":[],"class_list":{"0":"post-16893","1":"product","2":"type-product","3":"status-publish","4":"has-post-thumbnail","6":"pwb-brand-sheglam","7":"product_cat-blush-makeup","9":"first","10":"instock","11":"shipping-taxable","12":"purchasable","13":"product-type-variable","14":"has-default-attributes","15":"wvs-archive-product-wrapper"},"brands":[{"id":709,"name":"Sheglam","slug":"sheglam"}],"_links":{"self":[{"href":"https:\/\/gopinkish.com\/fr\/wp-json\/wp\/v2\/product\/16893","targetHints":{"allow":["GET"]}}],"collection":[{"href":"https:\/\/gopinkish.com\/fr\/wp-json\/wp\/v2\/product"}],"about":[{"href":"https:\/\/gopinkish.com\/fr\/wp-json\/wp\/v2\/types\/product"}],"wp:featuredmedia":[{"embeddable":true,"href":"https:\/\/gopinkish.com\/fr\/wp-json\/wp\/v2\/media\/16901"}],"wp:attachment":[{"href":"https:\/\/gopinkish.com\/fr\/wp-json\/wp\/v2\/media?parent=16893"}],"wp:term":[{"taxonomy":"pwb-brand","embeddable":true,"href":"https:\/\/gopinkish.com\/fr\/wp-json\/wp\/v2\/pwb-brand?post=16893"},{"taxonomy":"product_brand","embeddable":true,"href":"https:\/\/gopinkish.com\/fr\/wp-json\/wp\/v2\/product_brand?post=16893"},{"taxonomy":"product_cat","embeddable":true,"href":"https:\/\/gopinkish.com\/fr\/wp-json\/wp\/v2\/product_cat?post=16893"},{"taxonomy":"product_tag","embeddable":true,"href":"https:\/\/gopinkish.com\/fr\/wp-json\/wp\/v2\/product_tag?post=16893"}],"curies":[{"name":"wp","href":"https:\/\/api.w.org\/{rel}","templated":true}]}}