{"id":16775,"date":"2024-10-10T00:00:53","date_gmt":"2024-10-09T23:00:53","guid":{"rendered":"https:\/\/gopinkish.com\/?post_type=product&#038;p=16775"},"modified":"2025-12-22T12:32:40","modified_gmt":"2025-12-22T11:32:40","slug":"4897110033075","status":"publish","type":"product","link":"https:\/\/gopinkish.com\/fr\/produit\/4897110033075\/","title":{"rendered":"Traitement lissant \u00e0 la k\u00e9ratine br\u00e9silienne avec collag\u00e8ne et biotine biologique"},"content":{"rendered":"<p style=\"text-align: justify;\"><strong>\u2714 \u0634\u0639\u0631 \u0646\u0627\u0639\u0645 \u0648\u0644\u0627\u0645\u0639 \u0648\u062d\u0631\u064a\u0631\u064a<\/strong> | \u0639\u0644\u0627\u062c \u0627\u0644\u0643\u064a\u0631\u0627\u062a\u064a\u0646 \u0627\u0644\u0628\u0631\u0627\u0632\u064a\u0644\u064a \u0645\u0646 \u0643\u0627\u0631\u0633\u064a\u0644 \u0628\u0632\u064a\u062a \u0627\u0644\u0623\u0631\u062c\u0627\u0646 \u0627\u0644\u0645\u063a\u0631\u0628\u064a \u0648\u0627\u0644\u0643\u0648\u0644\u0627\u062c\u064a\u0646 \u0633\u064a\u062a\u0631\u0643 \u0634\u0639\u0631\u0643 \u0646\u0627\u0639\u0645\u064b\u0627 \u0648\u0646\u0627\u0639\u0645\u064b\u0627 \u0644\u0644\u062d\u0635\u0648\u0644 \u0639\u0644\u0649 \u0623\u0642\u0635\u0649 \u0642\u062f\u0631 \u0645\u0646 \u0627\u0644\u0644\u0645\u0639\u0627\u0646 \u0648\u0627\u0644\u062c\u0645\u0627\u0644 \u0627\u0644\u0637\u0628\u064a\u0639\u064a. \u064a\u0631\u062c\u0649 \u0645\u0644\u0627\u062d\u0638\u0629: \u0644\u0627 \u064a\u0645\u0643\u0646 \u0627\u0633\u062a\u062e\u062f\u0627\u0645 \u0647\u0630\u0627 \u0627\u0644\u0645\u0646\u062a\u062c \u0645\u0646 \u0642\u0628\u0644 \u0627\u0644\u0646\u0633\u0627\u0621 \u0627\u0644\u062d\u0648\u0627\u0645\u0644<\/p>\n<p style=\"text-align: justify;\"><strong>\u2714 \u0639\u0644\u0627\u062c \u0641\u0627\u0626\u0642 \u0627\u0644\u062a\u0639\u0627\u0641\u064a \u0644\u0644\u0634\u0639\u0631 \u0627\u0644\u062c\u0627\u0641 \u0627\u0644\u062a\u0627\u0644\u0641<\/strong> | \u0639\u0644\u0627\u062c \u0639\u0644\u0627\u062c\u064a \u0645\u062c\u062f\u062f \u063a\u0646\u064a \u0628\u0627\u0644\u0643\u064a\u0631\u0627\u062a\u064a\u0646 \u064a\u0639\u064a\u062f \u0648\u064a\u0631\u0637\u0628 \u0627\u0644\u0634\u0639\u0631 \u0627\u0644\u0645\u0635\u0628\u0648\u063a \u0648\u0627\u0644\u062c\u0627\u0641 \u0627\u0644\u062a\u0627\u0644\u0641 \u0644\u064a\u0639\u0648\u062f \u0625\u0644\u0649 \u0635\u062d\u062a\u0647.<\/p>\n<p style=\"text-align: justify;\"><strong>\u2714 \u062a\u0631\u0643\u064a\u0628\u0629 \u0622\u0645\u0646\u0629<\/strong> | \u064a\u0633\u062a\u062e\u062f\u0645 \u0628\u0644\u0633\u0645 \u0627\u0644\u0643\u064a\u0631\u0627\u062a\u064a\u0646 \u0645\u0646 \u0643\u0627\u0631\u0633\u064a\u0644 \u062a\u0631\u0643\u064a\u0628\u0629 \u0622\u0645\u0646\u0629 \u062e\u0627\u0644\u064a\u0629 \u0645\u0646 \u0627\u0644\u0643\u0628\u0631\u064a\u062a\u0627\u062a \u0648\u0627\u0644\u0628\u0627\u0631\u0627\u0628\u064a\u0646 \u0648\u062e\u0627\u0644\u064a\u0629 \u0645\u0646 \u0627\u0644\u0642\u0633\u0648\u0629. \u064a\u0639\u0645\u0644 \u0639\u0644\u0649 \u062a\u0635\u0641\u064a\u0641 \u0627\u0644\u0634\u0639\u0631 \u0627\u0644\u0645\u0633\u062a\u0642\u064a\u0645 \u0648\u0627\u0644\u0645\u0645\u0648\u062c \u0648\u0627\u0644\u0639\u0627\u062f\u064a. \u0645\u0646\u062a\u062c \u0645\u0631\u0637\u0628 \u0644\u0646 \u064a\u062c\u0639\u0644 \u0627\u0644\u0634\u0639\u0631 \u0627\u0644\u0646\u0627\u0639\u0645 \u0648\u0627\u0644\u0631\u0641\u064a\u0639 \u062b\u0642\u064a\u0644\u064b\u0627.<\/p>\n<p style=\"text-align: justify;\"><strong>\u2714 \u062a\u0631\u0637\u064a\u0628 \u0639\u0645\u064a\u0642 \u064a\u062f\u0648\u0645 \u0637\u0648\u064a\u0644\u0627\u064b<\/strong> | \u064a\u0645\u0646\u062d \u0639\u0644\u0627\u062c \u0627\u0644\u0643\u064a\u0631\u0627\u062a\u064a\u0646 \u0627\u0644\u0628\u0631\u0627\u0632\u064a\u0644\u064a \u0627\u0644\u0645\u0631\u0637\u0628 \u0648\u0627\u0644\u062a\u0631\u0637\u064a\u0628 \u0637\u0648\u064a\u0644 \u0627\u0644\u0623\u0645\u062f \u0634\u0639\u0631\u0643 \u0627\u0644\u062a\u063a\u0630\u064a\u0629 \u0627\u0644\u0645\u062b\u0627\u0644\u064a\u0629. \u0639\u0646\u0627\u064a\u0629 \u0631\u0627\u0626\u0639\u0629 \u0628\u0639\u062f \u0627\u0644\u0639\u0644\u0627\u062c \u0628\u0627\u0644\u0634\u0639\u0631 \u0627\u0644\u0645\u0635\u0628\u0648\u063a \u0648\u0627\u0644\u0645\u0628\u064a\u0636.<\/p>\n<p style=\"text-align: justify;\"><strong>\u2714 \u062a\u062d\u0643\u0645 \u0645\u062a\u0642\u062f\u0645 \u0641\u064a \u0627\u0644\u062a\u062c\u0639\u062f<\/strong> | \u064a\u0633\u0627\u0639\u062f \u0645\u062d\u0644\u0648\u0644 \u0627\u0644\u062a\u062d\u0643\u0645 \u0627\u0644\u0645\u062a\u0642\u062f\u0645 \u0641\u064a \u062a\u062c\u0639\u062f \u0627\u0644\u0634\u0639\u0631 \u0639\u0644\u0649 \u062a\u0633\u0647\u064a\u0644 \u062a\u062c\u0639\u062f \u0627\u0644\u0634\u0639\u0631\u060c \u0625\u0644\u0649 \u062c\u0627\u0646\u0628 \u0645\u0639\u0632\u0632 \u0627\u0644\u062a\u062c\u0639\u062f \u0648\u0645\u0642\u0648\u064a \u0627\u0644\u0634\u0639\u0631 \u0627\u0644\u0630\u064a \u064a\u0633\u0627\u0639\u062f \u0639\u0644\u0649 \u062c\u0639\u0644 \u0627\u0644\u0634\u0639\u0631 \u0633\u0647\u0644 \u0627\u0644\u062a\u062d\u0643\u0645 \u0644\u062a\u0635\u0641\u064a\u0641 \u0623\u0643\u062b\u0631 \u0633\u0644\u0627\u0633\u0629.<\/p>\n<p dir=\"ltr\" style=\"text-align: center;\">\ud83c\uddec\ud83c\udde7 Karseell Collagen Hair Treatment<br \/>\n\ud83c\uddeb\ud83c\uddf7 Soin Capillaire au Collag\u00e8ne Karseell<\/p>","protected":false},"excerpt":{"rendered":"<p>\u2714 \u0634\u0639\u0631 \u0646\u0627\u0639\u0645 \u0648\u0644\u0627\u0645\u0639 \u0648\u062d\u0631\u064a\u0631\u064a | \u0639\u0644\u0627\u062c \u0627\u0644\u0643\u064a\u0631\u0627\u062a\u064a\u0646 \u0627\u0644\u0628\u0631\u0627\u0632\u064a\u0644\u064a \u0645\u0646 \u0643\u0627\u0631\u0633\u064a\u0644 \u0628\u0632\u064a\u062a \u0627\u0644\u0623\u0631\u062c\u0627\u0646 \u0627\u0644\u0645\u063a\u0631\u0628\u064a \u0648\u0627\u0644\u0643\u0648\u0644\u0627\u062c\u064a\u0646 \u0633\u064a\u062a\u0631\u0643 \u0634\u0639\u0631\u0643 \u0646\u0627\u0639\u0645\u064b\u0627 \u0648\u0646\u0627\u0639\u0645\u064b\u0627 \u0644\u0644\u062d\u0635\u0648\u0644 \u0639\u0644\u0649 \u0623\u0642\u0635\u0649 \u0642\u062f\u0631 \u0645\u0646 \u0627\u0644\u0644\u0645\u0639\u0627\u0646 \u0648\u0627\u0644\u062c\u0645\u0627\u0644 \u0627\u0644\u0637\u0628\u064a\u0639\u064a. \u064a\u0631\u062c\u0649 \u0645\u0644\u0627\u062d\u0638\u0629: \u0644\u0627 \u064a\u0645\u0643\u0646 \u0627\u0633\u062a\u062e\u062f\u0627\u0645 \u0647\u0630\u0627 \u0627\u0644\u0645\u0646\u062a\u062c \u0645\u0646 \u0642\u0628\u0644 \u0627\u0644\u0646\u0633\u0627\u0621 \u0627\u0644\u062d\u0648\u0627\u0645\u0644 \u2714 \u0639\u0644\u0627\u062c \u0641\u0627\u0626\u0642 \u0627\u0644\u062a\u0639\u0627\u0641\u064a \u0644\u0644\u0634\u0639\u0631 \u0627\u0644\u062c\u0627\u0641 \u0627\u0644\u062a\u0627\u0644\u0641 | \u0639\u0644\u0627\u062c \u0639\u0644\u0627\u062c\u064a \u0645\u062c\u062f\u062f \u063a\u0646\u064a \u0628\u0627\u0644\u0643\u064a\u0631\u0627\u062a\u064a\u0646 \u064a\u0639\u064a\u062f \u0648\u064a\u0631\u0637\u0628 \u0627\u0644\u0634\u0639\u0631 \u0627\u0644\u0645\u0635\u0628\u0648\u063a [&hellip;]<\/p>\n","protected":false},"featured_media":16776,"template":"","meta":[],"pwb-brand":[1055],"product_brand":[],"product_cat":[1229],"product_tag":[1040],"class_list":{"0":"post-16775","1":"product","2":"type-product","3":"status-publish","4":"has-post-thumbnail","6":"pwb-brand-karseel","7":"product_cat-hair-treatment","8":"product_tag-1040","10":"first","11":"outofstock","12":"shipping-taxable","13":"product-type-variable","14":"has-default-attributes","15":"wvs-archive-product-wrapper"},"brands":[{"id":1055,"name":"Carcel","slug":"karseel"}],"_links":{"self":[{"href":"https:\/\/gopinkish.com\/fr\/wp-json\/wp\/v2\/product\/16775","targetHints":{"allow":["GET"]}}],"collection":[{"href":"https:\/\/gopinkish.com\/fr\/wp-json\/wp\/v2\/product"}],"about":[{"href":"https:\/\/gopinkish.com\/fr\/wp-json\/wp\/v2\/types\/product"}],"wp:featuredmedia":[{"embeddable":true,"href":"https:\/\/gopinkish.com\/fr\/wp-json\/wp\/v2\/media\/16776"}],"wp:attachment":[{"href":"https:\/\/gopinkish.com\/fr\/wp-json\/wp\/v2\/media?parent=16775"}],"wp:term":[{"taxonomy":"pwb-brand","embeddable":true,"href":"https:\/\/gopinkish.com\/fr\/wp-json\/wp\/v2\/pwb-brand?post=16775"},{"taxonomy":"product_brand","embeddable":true,"href":"https:\/\/gopinkish.com\/fr\/wp-json\/wp\/v2\/product_brand?post=16775"},{"taxonomy":"product_cat","embeddable":true,"href":"https:\/\/gopinkish.com\/fr\/wp-json\/wp\/v2\/product_cat?post=16775"},{"taxonomy":"product_tag","embeddable":true,"href":"https:\/\/gopinkish.com\/fr\/wp-json\/wp\/v2\/product_tag?post=16775"}],"curies":[{"name":"wp","href":"https:\/\/api.w.org\/{rel}","templated":true}]}}