{"id":16688,"date":"2024-10-09T00:45:45","date_gmt":"2024-10-08T23:45:45","guid":{"rendered":"https:\/\/gopinkish.com\/?post_type=product&#038;p=16688"},"modified":"2026-03-31T22:55:38","modified_gmt":"2026-03-31T21:55:38","slug":"3439600025439","status":"publish","type":"product","link":"https:\/\/gopinkish.com\/fr\/produit\/3439600025439\/","title":{"rendered":"Thierry Mugler Aura Mugler Cr\u00e8me pour le corps"},"content":{"rendered":"<p>Une cr\u00e8me pour le corps au parfum d'ambre lanc\u00e9e en 2017. Les notes pr\u00e9dominantes sont la vanille, la rhubarbe et les notes vertes.<\/p>\n<ul>\n<li>Cr\u00e8me corporelle richement formul\u00e9e.<\/li>\n<li>Contient des ingr\u00e9dients exclusifs pour assurer un confort durable.<\/li>\n<li>Fournit une hydratation suppl\u00e9mentaire et prot\u00e8ge la peau de votre corps.<\/li>\n<li>Adoucit et hydrate la peau du corps avec un parfum frais et f\u00e9minin.<\/li>\n<li>Formule \u00e0 s\u00e9chage rapide qui assure une absorption facile.<\/li>\n<li>Enveloppe votre corps d'une sensation de douceur et de fra\u00eecheur.<\/li>\n<li>Id\u00e9al pour tous les types de peau.<\/li>\n<\/ul>\n<p dir=\"ltr\" style=\"text-align: center;\">\ud83c\uddec\ud83c\udde7 Mugler Aura Cr\u00e8me parfum\u00e9e pour le corps<br \/>\n\ud83c\uddeb\ud83c\uddf7 Cr\u00e8me Parfum\u00e9e pour le Corps Aura Mugler<\/p>","protected":false},"excerpt":{"rendered":"<p>\u0643\u0631\u064a\u0645 \u0644\u0644\u062c\u0633\u0645 \u0628\u0631\u0627\u0626\u062d\u0629 \u0627\u0644\u0639\u0646\u0628\u0631 \u062a\u0645 \u0625\u0637\u0644\u0627\u0642\u0647 \u0641\u064a \u0639\u0627\u0645 2017. \u0627\u0644\u0645\u0643\u0648\u0646\u0627\u062a \u0627\u0644\u0633\u0627\u0626\u062f\u0629 \u0647\u064a \u0627\u0644\u0641\u0627\u0646\u064a\u0644\u064a\u0627 \u0648\u0627\u0644\u0631\u0627\u0648\u0646\u062f \u0648\u0627\u0644\u0646\u0648\u062a\u0627\u062a \u0627\u0644\u062e\u0636\u0631\u0627\u0621. \u0643\u0631\u064a\u0645 \u0644\u0644\u062c\u0633\u0645 \u0628\u062a\u0631\u0643\u064a\u0628\u0629 \u063a\u0646\u064a\u0629. \u064a\u062d\u062a\u0648\u064a \u0639\u0644\u0649 \u0645\u0643\u0648\u0646\u0627\u062a \u062d\u0635\u0631\u064a\u0629 \u0644\u0636\u0645\u0627\u0646 \u0631\u0627\u062d\u0629 \u062a\u062f\u0648\u0645 \u0637\u0648\u064a\u0644\u0627\u064b. \u064a\u0648\u0641\u0631 \u062a\u0631\u0637\u064a\u0628\u064b\u0627 \u0625\u0636\u0627\u0641\u064a\u064b\u0627 \u0648\u064a\u062d\u0645\u064a \u0628\u0634\u0631\u0629 \u062c\u0633\u0645\u0643. \u064a\u0646\u0639\u0645 \u0648\u064a\u0631\u0637\u0628 \u0628\u0634\u0631\u0629 \u0627\u0644\u062c\u0633\u0645 \u0628\u0631\u0627\u0626\u062d\u0629 \u0645\u0646\u0639\u0634\u0629 \u0648\u0623\u0646\u062b\u0648\u064a\u0629. \u064a\u0648\u0641\u0631 \u062a\u0631\u0643\u064a\u0628\u0629 \u0633\u0631\u064a\u0639\u0629 \u0627\u0644\u062c\u0641\u0627\u0641 \u062a\u0636\u0645\u0646 \u0627\u0645\u062a\u0635\u0627\u0635\u064b\u0627 \u0633\u0647\u0644\u0627\u064b. \u064a\u063a\u0644\u0641 \u062c\u0633\u0645\u0643 \u0628\u0634\u0639\u0648\u0631 \u0628\u0627\u0644\u0646\u0639\u0648\u0645\u0629 \u0648\u0627\u0644\u0627\u0646\u062a\u0639\u0627\u0634. \u0645\u062b\u0627\u0644\u064a \u0644\u062c\u0645\u064a\u0639 [&hellip;]<\/p>\n","protected":false},"featured_media":16689,"template":"","meta":[],"pwb-brand":[216],"product_brand":[],"product_cat":[1137],"product_tag":[],"class_list":{"0":"post-16688","1":"product","2":"type-product","3":"status-publish","4":"has-post-thumbnail","6":"pwb-brand-mugler","7":"product_cat-body-moist","9":"first","10":"instock","11":"featured","12":"shipping-taxable","13":"purchasable","14":"product-type-variable","15":"has-default-attributes","16":"wvs-archive-product-wrapper"},"brands":[{"id":216,"name":"Mugler","slug":"mugler"}],"_links":{"self":[{"href":"https:\/\/gopinkish.com\/fr\/wp-json\/wp\/v2\/product\/16688","targetHints":{"allow":["GET"]}}],"collection":[{"href":"https:\/\/gopinkish.com\/fr\/wp-json\/wp\/v2\/product"}],"about":[{"href":"https:\/\/gopinkish.com\/fr\/wp-json\/wp\/v2\/types\/product"}],"wp:featuredmedia":[{"embeddable":true,"href":"https:\/\/gopinkish.com\/fr\/wp-json\/wp\/v2\/media\/16689"}],"wp:attachment":[{"href":"https:\/\/gopinkish.com\/fr\/wp-json\/wp\/v2\/media?parent=16688"}],"wp:term":[{"taxonomy":"pwb-brand","embeddable":true,"href":"https:\/\/gopinkish.com\/fr\/wp-json\/wp\/v2\/pwb-brand?post=16688"},{"taxonomy":"product_brand","embeddable":true,"href":"https:\/\/gopinkish.com\/fr\/wp-json\/wp\/v2\/product_brand?post=16688"},{"taxonomy":"product_cat","embeddable":true,"href":"https:\/\/gopinkish.com\/fr\/wp-json\/wp\/v2\/product_cat?post=16688"},{"taxonomy":"product_tag","embeddable":true,"href":"https:\/\/gopinkish.com\/fr\/wp-json\/wp\/v2\/product_tag?post=16688"}],"curies":[{"name":"wp","href":"https:\/\/api.w.org\/{rel}","templated":true}]}}